{"id":19214,"date":"2013-11-19T19:35:04","date_gmt":"2013-11-19T19:35:04","guid":{"rendered":"http:\/\/veikot.kaustinen.fi\/wordpress\/?page_id=19214"},"modified":"2015-03-27T15:25:10","modified_gmt":"2015-03-27T13:25:10","slug":"jalkapallo","status":"publish","type":"page","link":"http:\/\/veikot2.kaustinen.fi\/?page_id=19214","title":{"rendered":"Jalkapallo"},"content":{"rendered":"<p>Kaipaamme toimintaan uusia valmentajia, sek\u00e4 muita toimihenkil\u00f6it\u00e4. Nyt kaikki rohkeasti mukaan toimintaan!<\/p>\n<table>\n<tbody>\n<tr>\n<td colspan=\"4\">\n<h3>Jalkapallojaosto<\/h3>\n<\/td>\n<\/tr>\n<tr>\n<td><b>Puheenjohtaja<\/b><\/td>\n<td>Taru Paavola<\/td>\n<td>taru&#95;&#112;&#97;&#97;&#118;&#x6f;&#x6c;&#x61;&#x40;&#x68;&#x6f;&#x74;mail&#46;&#99;&#111;&#109;<\/td>\n<td>050 4056656<\/td>\n<\/tr>\n<tr>\n<td><b>J\u00e4senet<\/b><\/td>\n<\/tr>\n<tr>\n<td><\/td>\n<td>Laura Koskinen<\/td>\n<td>&#x76;&#97;&#112;&#x70;&#x75;&#49;&#57;&#x39;&#x33;&#64;&#103;&#x6d;&#x61;&#105;&#108;&#x2e;&#x63;&#111;&#109;<\/td>\n<td>0400 950687<\/td>\n<\/tr>\n<tr>\n<td><\/td>\n<td>Juho Koivukangas<\/td>\n<td>&#x6a;&#117;h&#x6f;&#46;k&#x6f;&#105;v&#x75;&#x6b;&#97;&#x6e;&#x67;&#97;s&#x40;&#108;u&#x75;&#107;k&#x75;&#x2e;&#99;&#x6f;&#x6d;<\/td>\n<td>045 6316168<\/td>\n<\/tr>\n<tr>\n<td><\/td>\n<td>Jasmiina J\u00e4rvel\u00e4<\/td>\n<td>\u00a0&#x6a;&#x61;&#x73;m&#105;&#105;&#x6e;&#x61;j&#64;&#110;&#x65;&#x74;ti&#46;&#x66;&#x69;<\/td>\n<td>\u00a0044 2008074<\/td>\n<\/tr>\n<tr>\n<td><\/td>\n<td>Marke Heikkil\u00e4<\/td>\n<td>&#x6d;&#97;r&#x6b;&#x65;&#104;e&#x69;&#64;o&#x75;&#x74;&#108;o&#x6f;&#107;&#46;&#x63;&#x6f;&#109;<\/td>\n<td>040 5498445<\/td>\n<\/tr>\n<tr>\n<td><\/td>\n<td>Salla Lillsund<\/td>\n<td>&#x73;&#x61;&#x6c;&#x6c;&#97;&#46;lil&#x6c;&#x73;&#x75;&#x6e;&#100;&#50;&#64;kp&#x65;&#x64;&#x75;&#x2e;&#102;&#105;<\/td>\n<td>044 9718826<\/td>\n<\/tr>\n<tr>\n<td><\/td>\n<td>Niko \u00c5by<\/td>\n<td>&#110;&#105;&#x6b;o&#46;&#x61;&#x62;y&#64;&#x68;&#x6f;t&#109;&#x61;&#x69;l&#46;&#x63;&#x6f;m<\/td>\n<td>040 4168950<\/td>\n<\/tr>\n<tr>\n<td><\/td>\n<td>Sami Salonen<\/td>\n<td>s&#97;&#x6c;&#x6f;&#x73;a&#64;&#115;&#x75;&#x6f;m&#105;&#50;&#x34;&#x2e;fi<\/td>\n<td>050 5415034<\/td>\n<\/tr>\n<tr>\n<td><\/td>\n<td><\/td>\n<td><\/td>\n<td><\/td>\n<\/tr>\n<tr>\n<td><\/td>\n<td><\/td>\n<td><\/td>\n<td><\/td>\n<\/tr>\n<tr>\n<td><\/td>\n<td><\/td>\n<td><\/td>\n<td><\/td>\n<\/tr>\n<\/tbody>\n<\/table>\n","protected":false},"excerpt":{"rendered":"<p>Kaipaamme toimintaan uusia valmentajia, sek\u00e4 muita toimihenkil\u00f6it\u00e4. Nyt kaikki rohkeasti mukaan toimintaan! Jalkapallojaosto Puheenjohtaja Taru Paavola &#x74;a&#x72;&#117;_&#x70;&#97;&#x61;&#118;o&#x6c;&#97;&#x40;&#104;o&#x74;&#109;&#x61;&#x69;l&#x2e;&#99;o&#x6d; 050 4056656 J\u00e4senet Laura Koskinen &#x76;&#x61;&#x70;&#x70;&#x75;&#x31;&#x39;&#x39;&#x33;&#x40;&#x67;&#x6d;&#x61;&#x69;&#x6c;&#x2e;&#x63;&#x6f;&#x6d; 0400 950687 Juho Koivukangas &#x6a;&#x75;&#x68;&#x6f;&#x2e;&#x6b;&#x6f;&#x69;&#x76;&#x75;&#x6b;&#x61;&#x6e;&#x67;&#x61;&#x73;&#x40;&#x6c;&#x75;&#x75;&#x6b;&#x6b;&#117;&#46;&#99;&#111;&#109; 045 6316168 Jasmiina J\u00e4rvel\u00e4 \u00a0j&#x61;&#115;&#109;&#x69;&#x69;&#110;a&#x6a;&#64;n&#x65;&#x74;&#116;i&#x2e;&#102;i \u00a0044 2008074 Marke Heikkil\u00e4 &#x6d;&#97;r&#x6b;&#x65;&#104;e&#x69;&#x40;&#111;u&#x74;&#x6c;&#111;o&#x6b;&#x2e;&#99;o&#x6d; 040 5498445 Salla Lillsund &#x73;&#97;l&#x6c;&#x61;&#46;l&#x69;&#108;l&#x73;&#x75;&#110;d&#x32;&#64;k&#x70;&#x65;&#100;u&#x2e;&#x66;&#105; 044 9718826 Niko \u00c5by &#110;&#x69;k&#x6f;&#x2e;&#97;&#x62;y&#x40;&#x68;&#111;&#x74;m&#x61;&#x69;&#108;&#x2e;c&#x6f;&#x6d; 040 4168950 Sami Salonen &#115;&#x61;&#108;&#x6f;&#115;&#x61;&#64;&#x73;&#117;&#x6f;&#109;&#x69;2&#x34;&#46;&#x66;i 050 5415034<\/p>\n","protected":false},"author":1,"featured_media":0,"parent":0,"menu_order":16,"comment_status":"closed","ping_status":"open","template":"","meta":{"footnotes":""},"class_list":["post-19214","page","type-page","status-publish","hentry"],"_links":{"self":[{"href":"http:\/\/veikot2.kaustinen.fi\/index.php?rest_route=\/wp\/v2\/pages\/19214","targetHints":{"allow":["GET"]}}],"collection":[{"href":"http:\/\/veikot2.kaustinen.fi\/index.php?rest_route=\/wp\/v2\/pages"}],"about":[{"href":"http:\/\/veikot2.kaustinen.fi\/index.php?rest_route=\/wp\/v2\/types\/page"}],"author":[{"embeddable":true,"href":"http:\/\/veikot2.kaustinen.fi\/index.php?rest_route=\/wp\/v2\/users\/1"}],"replies":[{"embeddable":true,"href":"http:\/\/veikot2.kaustinen.fi\/index.php?rest_route=%2Fwp%2Fv2%2Fcomments&post=19214"}],"version-history":[{"count":15,"href":"http:\/\/veikot2.kaustinen.fi\/index.php?rest_route=\/wp\/v2\/pages\/19214\/revisions"}],"predecessor-version":[{"id":25470,"href":"http:\/\/veikot2.kaustinen.fi\/index.php?rest_route=\/wp\/v2\/pages\/19214\/revisions\/25470"}],"wp:attachment":[{"href":"http:\/\/veikot2.kaustinen.fi\/index.php?rest_route=%2Fwp%2Fv2%2Fmedia&parent=19214"}],"curies":[{"name":"wp","href":"https:\/\/api.w.org\/{rel}","templated":true}]}}