{"id":19240,"date":"2014-01-25T15:51:00","date_gmt":"2014-01-25T13:51:00","guid":{"rendered":"http:\/\/veikot.kaustinen.fi\/?page_id=19240"},"modified":"2015-08-13T09:37:49","modified_gmt":"2015-08-13T07:37:49","slug":"seura","status":"publish","type":"page","link":"http:\/\/veikot2.kaustinen.fi\/?page_id=19240","title":{"rendered":"Seura"},"content":{"rendered":"<p><span style=\"line-height: 1.714285714; font-size: 1rem;\">Kaustisen Pohjan-Veikkojen toimisto on urheilutalolla, toimisto on avoinna maanantaina klo 12.00 &#8211; 18.00. ja muina arkip\u00e4ivi\u00e4 klo 09.00 &#8211; 16.00.<\/span><\/p>\n<p><b>Osoite: Urheilutie 10 PL 25 69601 Kaustinen<br \/>\nPuhelin: 040-522 8977 (Seuravastaava Juho Viiperi)<br \/>\nS\u00e4hk\u00f6posti: veik&#111;&#116;&#64;&#107;&#97;&#x75;&#x73;&#x74;&#x69;&#x6e;&#x65;&#x6e;&#46;fi<\/b><\/p>\n<p>Pankkiyhteydet: S\u00e4\u00e4st\u00f6pankki FI66 4912 2040 0023 00 ja Osuuspankki FI98 5124 0410 0000 38<\/p>\n<p><a href=\"http:\/\/veikot.kaustinen.fi\/wp\/wp-content\/uploads\/2014\/03\/KP-V_OSA_nettikooste.pdf\">KP-V_OSA-nettikooste<br \/>\n<\/a><a href=\"http:\/\/veikot.kaustinen.fi\/wp\/wp-content\/uploads\/2014\/03\/KP-V_OSA_raportti.pdf\">KP-V OSA-raportti<\/a><\/p>\n<table>\n<tbody>\n<tr>\n<td colspan=\"4\">\n<h3>Seuraorganisaatio<\/h3>\n<\/td>\n<\/tr>\n<tr>\n<td><b>Seuravastaava<\/b><\/td>\n<td>Juho Viiperi<\/td>\n<td>v&#101;&#x69;&#x6b;&#x6f;t&#64;&#107;&#x61;&#x75;s&#116;&#105;&#x6e;&#x65;n&#46;&#102;&#x69;<\/td>\n<td>040-5228977<\/td>\n<\/tr>\n<tr>\n<td><b>Urheilualueiden hoitaja<\/b><\/td>\n<td>Vesa Lahti<\/td>\n<td>&#118;e&#x69;k&#x6f;t&#x2e;h&#x75;o&#x6c;t&#x6f;&#64;&#x6b;&#97;&#x75;&#115;&#x74;&#105;&#x6e;&#101;&#x6e;&#46;&#x66;&#105;<\/td>\n<td>0400-898 408<\/td>\n<\/tr>\n<tr>\n<td><b>Puheenjohtaja<\/b><\/td>\n<td>Sami L\u00f6fbacka<\/td>\n<td>&#115;&#x61;m&#105;&#x2e;&#108;&#x6f;f&#98;&#x61;c&#x6b;&#x61;&#64;&#x6b;a&#117;&#x73;t&#x69;&#x6e;&#101;&#x6e;&#46;&#102;&#x69;<\/td>\n<td><\/td>\n<\/tr>\n<tr>\n<td><b>Varapuheenjohtaja<\/b><\/td>\n<td>Juha Lerssi<\/td>\n<td>&#106;u&#x68;a&#x2e;l&#x65;r&#x73;&#115;&#x69;&#64;&#x74;&#97;&#x6c;&#111;t&#105;m&#x70;u&#x72;i&#x74;&#46;&#x66;&#105;<\/td>\n<td>06-8614148,040-567 8681<\/td>\n<\/tr>\n<tr>\n<td><b>J\u00e4senet<\/b><\/td>\n<\/tr>\n<tr>\n<td><\/td>\n<td>Antti Kola<\/td>\n<td>v&#101;&#x69;&#x6b;o&#116;&#x2e;&#x6a;u&#100;&#111;&#x40;&#x6b;a&#117;&#x73;&#x74;i&#110;&#x65;&#x6e;&#46;&#102;&#105;<\/td>\n<td>050 5600375<\/td>\n<\/tr>\n<tr>\n<td><\/td>\n<td>Toni Varila<\/td>\n<td>&#x74;&#x6f;&#x6e;&#x69;&#x2e;&#118;&#97;&#114;&#105;la&#64;&#x70;&#x70;&#x2e;&#x69;&#x6e;&#x65;&#116;&#46;&#102;i<\/td>\n<td>040 7688472<\/td>\n<\/tr>\n<tr>\n<td><\/td>\n<td>Asko Huntus<\/td>\n<td>as&#107;&#111;&#46;&#104;&#x75;&#x6e;&#x74;&#x75;&#x73;&#64;p&#112;&#46;&#105;&#110;&#x65;&#x74;&#x2e;&#x66;&#x69;<\/td>\n<td>0500 589 637<\/td>\n<\/tr>\n<tr>\n<td><\/td>\n<td>Ilmo Kaunisto<\/td>\n<td>&#x69;l&#x6d;&#111;&#x2e;&#107;a&#x75;n&#x69;&#115;&#x74;&#111;&#64;&#x67;&#109;&#x61;&#105;l&#x2e;c&#x6f;&#109;<\/td>\n<td>040 5126073<\/td>\n<\/tr>\n<tr>\n<td><\/td>\n<td>Minna Anttila<\/td>\n<td>&#x6d;&#x69;&#x6e;&#x6e;&#x61;&#x5f;&#97;&#112;&#64;&#110;etti&#x2e;&#x66;&#x69;<\/td>\n<td>040 5919706<\/td>\n<\/tr>\n<tr>\n<td><\/td>\n<td>Jarkko V\u00e4h\u00e4l\u00e4<\/td>\n<td>&#x6a;&#x61;&#x72;&#x6b;&#x6b;&#x6f;&#x2e;&#x76;&#x61;&#x68;&#x61;&#x6c;&#x61;&#x40;&#x67;&#x6d;&#x61;&#x69;&#x6c;&#x2e;&#x63;&#x6f;&#109;<\/td>\n<td>040 7436396<\/td>\n<\/tr>\n<tr>\n<td><\/td>\n<td>Taru Paavola<\/td>\n<td>&#x74;&#x61;&#x72;&#x75;&#x5f;&#112;&#97;&#97;&#118;ola&#x40;&#x68;&#x6f;&#x74;&#x6d;&#x61;&#105;&#108;&#46;com<\/td>\n<td>050 4056656<\/td>\n<\/tr>\n<\/tbody>\n<\/table>\n","protected":false},"excerpt":{"rendered":"<p>Kaustisen Pohjan-Veikkojen toimisto on urheilutalolla, toimisto on avoinna maanantaina klo 12.00 &#8211; 18.00. ja muina arkip\u00e4ivi\u00e4 klo 09.00 &#8211; 16.00. Osoite: Urheilutie 10 PL 25 69601 Kaustinen Puhelin: 040-522 8977 (Seuravastaava Juho Viiperi) S\u00e4hk\u00f6posti: &#x76;e&#x69;k&#x6f;&#116;&#x40;&#107;a&#x75;s&#x74;&#105;&#x6e;&#101;&#x6e;&#46;f&#x69; Pankkiyhteydet: S\u00e4\u00e4st\u00f6pankki FI66 4912 2040 0023 00 ja Osuuspankki FI98 5124 0410 0000 38 KP-V_OSA-nettikooste KP-V OSA-raportti Seuraorganisaatio Seuravastaava Juho [&hellip;]<\/p>\n","protected":false},"author":1,"featured_media":0,"parent":0,"menu_order":13,"comment_status":"closed","ping_status":"closed","template":"","meta":{"footnotes":""},"class_list":["post-19240","page","type-page","status-publish","hentry"],"_links":{"self":[{"href":"http:\/\/veikot2.kaustinen.fi\/index.php?rest_route=\/wp\/v2\/pages\/19240","targetHints":{"allow":["GET"]}}],"collection":[{"href":"http:\/\/veikot2.kaustinen.fi\/index.php?rest_route=\/wp\/v2\/pages"}],"about":[{"href":"http:\/\/veikot2.kaustinen.fi\/index.php?rest_route=\/wp\/v2\/types\/page"}],"author":[{"embeddable":true,"href":"http:\/\/veikot2.kaustinen.fi\/index.php?rest_route=\/wp\/v2\/users\/1"}],"replies":[{"embeddable":true,"href":"http:\/\/veikot2.kaustinen.fi\/index.php?rest_route=%2Fwp%2Fv2%2Fcomments&post=19240"}],"version-history":[{"count":11,"href":"http:\/\/veikot2.kaustinen.fi\/index.php?rest_route=\/wp\/v2\/pages\/19240\/revisions"}],"predecessor-version":[{"id":26055,"href":"http:\/\/veikot2.kaustinen.fi\/index.php?rest_route=\/wp\/v2\/pages\/19240\/revisions\/26055"}],"wp:attachment":[{"href":"http:\/\/veikot2.kaustinen.fi\/index.php?rest_route=%2Fwp%2Fv2%2Fmedia&parent=19240"}],"curies":[{"name":"wp","href":"https:\/\/api.w.org\/{rel}","templated":true}]}}