{"id":19242,"date":"2014-01-25T15:52:38","date_gmt":"2014-01-25T13:52:38","guid":{"rendered":"http:\/\/veikot.kaustinen.fi\/?page_id=19242"},"modified":"2015-09-21T13:57:46","modified_gmt":"2015-09-21T10:57:46","slug":"jasenmaksut","status":"publish","type":"page","link":"http:\/\/veikot2.kaustinen.fi\/?page_id=19242","title":{"rendered":"J\u00e4senmaksut"},"content":{"rendered":"<p>J\u00e4senmaksut vaihtelevat i\u00e4n mukaan:<\/p>\n<ul>\n<li>Aikuiset (1995 synt. ja vanhemmat) 30\u20ac\/vuosi<\/li>\n<li>Nuoret ja lapset (1996 synt. ja nuoremmat 20\u20ac\/vuosi<\/li>\n<li>Kannattajaj\u00e4senmaksu 20\u20ac\/vuosi<\/li>\n<\/ul>\n<p>J\u00e4senmaksu sis\u00e4lt\u00e4\u00e4:<\/p>\n<ul>\n<li>osanottomaksut kansallisiin, PM- ja SM-kilpailuihin sek\u00e4 piirin ja liittojen j\u00e4rjest\u00e4miin palloilusarjoihin ja turnauksiin<\/li>\n<li>Matkakulut SM-kisoihin matkustuss\u00e4\u00e4nn\u00f6n mukaan<\/li>\n<li>nuorten ja lasten osallistumiset seuran j\u00e4rjest\u00e4miin Hopeasompa-, Sisulis\u00e4- ja Oravapolkukilpailuihin<\/li>\n<\/ul>\n<p>J\u00e4senmaksu ei sis\u00e4ll\u00e4:<\/p>\n<ul>\n<li>lajijaostojen j\u00e4rjest\u00e4mi\u00e4 erikoiskouluja kuten esim. jalkapallokoulu ja judon peruskurssi<\/li>\n<li>tarvittavia lajilisenssej\u00e4<\/li>\n<\/ul>\n<p>Halukkaat voivat tukea seuraa 20\u20ac:n kannattajaj\u00e4senmaksulla.<\/p>\n","protected":false},"excerpt":{"rendered":"<p>J\u00e4senmaksut vaihtelevat i\u00e4n mukaan: Aikuiset (1995 synt. ja vanhemmat) 30\u20ac\/vuosi Nuoret ja lapset (1996 synt. ja nuoremmat 20\u20ac\/vuosi Kannattajaj\u00e4senmaksu 20\u20ac\/vuosi J\u00e4senmaksu sis\u00e4lt\u00e4\u00e4: osanottomaksut kansallisiin, PM- ja SM-kilpailuihin sek\u00e4 piirin ja liittojen j\u00e4rjest\u00e4miin palloilusarjoihin ja turnauksiin Matkakulut SM-kisoihin matkustuss\u00e4\u00e4nn\u00f6n mukaan nuorten ja lasten osallistumiset seuran j\u00e4rjest\u00e4miin Hopeasompa-, Sisulis\u00e4- ja Oravapolkukilpailuihin J\u00e4senmaksu ei sis\u00e4ll\u00e4: lajijaostojen j\u00e4rjest\u00e4mi\u00e4 erikoiskouluja [&hellip;]<\/p>\n","protected":false},"author":1,"featured_media":0,"parent":19240,"menu_order":2,"comment_status":"open","ping_status":"open","template":"","meta":{"footnotes":""},"class_list":["post-19242","page","type-page","status-publish","hentry"],"_links":{"self":[{"href":"http:\/\/veikot2.kaustinen.fi\/index.php?rest_route=\/wp\/v2\/pages\/19242","targetHints":{"allow":["GET"]}}],"collection":[{"href":"http:\/\/veikot2.kaustinen.fi\/index.php?rest_route=\/wp\/v2\/pages"}],"about":[{"href":"http:\/\/veikot2.kaustinen.fi\/index.php?rest_route=\/wp\/v2\/types\/page"}],"author":[{"embeddable":true,"href":"http:\/\/veikot2.kaustinen.fi\/index.php?rest_route=\/wp\/v2\/users\/1"}],"replies":[{"embeddable":true,"href":"http:\/\/veikot2.kaustinen.fi\/index.php?rest_route=%2Fwp%2Fv2%2Fcomments&post=19242"}],"version-history":[{"count":5,"href":"http:\/\/veikot2.kaustinen.fi\/index.php?rest_route=\/wp\/v2\/pages\/19242\/revisions"}],"predecessor-version":[{"id":26231,"href":"http:\/\/veikot2.kaustinen.fi\/index.php?rest_route=\/wp\/v2\/pages\/19242\/revisions\/26231"}],"up":[{"embeddable":true,"href":"http:\/\/veikot2.kaustinen.fi\/index.php?rest_route=\/wp\/v2\/pages\/19240"}],"wp:attachment":[{"href":"http:\/\/veikot2.kaustinen.fi\/index.php?rest_route=%2Fwp%2Fv2%2Fmedia&parent=19242"}],"curies":[{"name":"wp","href":"https:\/\/api.w.org\/{rel}","templated":true}]}}