{"id":19299,"date":"2014-01-25T17:08:26","date_gmt":"2014-01-25T15:08:26","guid":{"rendered":"http:\/\/veikot.kaustinen.fi\/?page_id=19299"},"modified":"2014-01-25T17:09:10","modified_gmt":"2014-01-25T15:09:10","slug":"seuran-parhaat-2002-2","status":"publish","type":"page","link":"http:\/\/veikot2.kaustinen.fi\/?page_id=19299","title":{"rendered":"Seuran parhaat 2002"},"content":{"rendered":"<p>Seuran paras: PETTERI TOIVONEN<br \/>\n(samalla yleisurheilun paras)<\/p>\n<ul>\n<li>M22 pituus kulta<\/li>\n<li>M22 110 m aidat pronssi<\/li>\n<li>Kalevan Kisat pituus 6.<\/li>\n<\/ul>\n<p>Ammunnan paras: Jouni Kaustinen<\/p>\n<ul>\n<li>Y20 2-trap kulta<\/li>\n<li>Y20 2-trap joukkue pronssi<\/li>\n<li>Y 2-trap joukkue hopea<\/li>\n<li>Y20 2-trap joukkue MM 4.<\/li>\n<li>Y20 2-trap MM 6.<\/li>\n<li>Y20 2-trap joukkue EM 4.<\/li>\n<li>Y20 2-trap joukkue EM 8.<\/li>\n<\/ul>\n<p>Hiihdon paras mies: Janne Huhtakangas<\/p>\n<p>Hiihdon paras nainen: Heidi Kottari<\/p>\n<p>Suunnistuksen paras: Matti Kattilakoski<\/p>\n<ul>\n<li>SM-pronssi H55 pitk\u00e4t matkat<\/li>\n<\/ul>\n<p>Painonnoston paras: Jouni K\u00e4ns\u00e4l\u00e4<\/p>\n<ul>\n<li>Junioreiden SM-mitalisti<\/li>\n<\/ul>\n<p>Judon paras: Rami Rauma<\/p>\n<p>Jalkapallon paras: Ari Puumala<\/p>\n<p>Vuoden valmentaja: Petri Ylipihlajamaa<\/p>\n<p>Kaustisen kunnan stipendit<\/p>\n<p>YLEISURHEILU<\/p>\n<ul>\n<li>Petteri Toivonen<\/li>\n<li>Marika J\u00e4nk\u00e4<\/li>\n<li>Suvi Kattilakoski<\/li>\n<li>Mikko Palosaari<\/li>\n<li>Jaakko Kivel\u00e4<\/li>\n<li>Kalle Nikula<\/li>\n<li>Suvi Pajunen<\/li>\n<li>Annika Kattilakoski<\/li>\n<li>Tuomas Kattilakoski<\/li>\n<li>Aki Mustonen<\/li>\n<li>Esa K\u00e4ns\u00e4koski<\/li>\n<li>Ville Nikula<\/li>\n<li>Timo Kauppinen<\/li>\n<li>Riikka Mustonen<\/li>\n<li>Jarno K\u00f6ykk\u00e4<\/li>\n<li>Tero Kattilakoski<\/li>\n<\/ul>\n<p>HIIHTO<\/p>\n<ul>\n<li>Janne Huhtakangas<\/li>\n<li>Heidi Kottari<\/li>\n<\/ul>\n<p>AMMUNTA<\/p>\n<ul>\n<li>Jouni Kaustinen<\/li>\n<li>Kim K\u00e4ns\u00e4l\u00e4<\/li>\n<li>Jarkko Juoperi<\/li>\n<li>Tuomas H\u00f6gnabba<\/li>\n<li>Anssi Jylh\u00e4<\/li>\n<li>Jaakko Kaustinen<\/li>\n<\/ul>\n<p>VOIMAILU<\/p>\n<ul>\n<li>Jouni K\u00e4ns\u00e4l\u00e4<\/li>\n<\/ul>\n<p>JUDO<\/p>\n<ul>\n<li>Rami Rauma<\/li>\n<\/ul>\n","protected":false},"excerpt":{"rendered":"<p>Seuran paras: PETTERI TOIVONEN (samalla yleisurheilun paras) M22 pituus kulta M22 110 m aidat pronssi Kalevan Kisat pituus 6. Ammunnan paras: Jouni Kaustinen Y20 2-trap kulta Y20 2-trap joukkue pronssi Y 2-trap joukkue hopea Y20 2-trap joukkue MM 4. Y20 2-trap MM 6. Y20 2-trap joukkue EM 4. Y20 2-trap joukkue EM 8. Hiihdon paras [&hellip;]<\/p>\n","protected":false},"author":1,"featured_media":0,"parent":19286,"menu_order":3,"comment_status":"open","ping_status":"open","template":"","meta":{"footnotes":""},"class_list":["post-19299","page","type-page","status-publish","hentry"],"_links":{"self":[{"href":"http:\/\/veikot2.kaustinen.fi\/index.php?rest_route=\/wp\/v2\/pages\/19299","targetHints":{"allow":["GET"]}}],"collection":[{"href":"http:\/\/veikot2.kaustinen.fi\/index.php?rest_route=\/wp\/v2\/pages"}],"about":[{"href":"http:\/\/veikot2.kaustinen.fi\/index.php?rest_route=\/wp\/v2\/types\/page"}],"author":[{"embeddable":true,"href":"http:\/\/veikot2.kaustinen.fi\/index.php?rest_route=\/wp\/v2\/users\/1"}],"replies":[{"embeddable":true,"href":"http:\/\/veikot2.kaustinen.fi\/index.php?rest_route=%2Fwp%2Fv2%2Fcomments&post=19299"}],"version-history":[{"count":1,"href":"http:\/\/veikot2.kaustinen.fi\/index.php?rest_route=\/wp\/v2\/pages\/19299\/revisions"}],"predecessor-version":[{"id":19300,"href":"http:\/\/veikot2.kaustinen.fi\/index.php?rest_route=\/wp\/v2\/pages\/19299\/revisions\/19300"}],"up":[{"embeddable":true,"href":"http:\/\/veikot2.kaustinen.fi\/index.php?rest_route=\/wp\/v2\/pages\/19286"}],"wp:attachment":[{"href":"http:\/\/veikot2.kaustinen.fi\/index.php?rest_route=%2Fwp%2Fv2%2Fmedia&parent=19299"}],"curies":[{"name":"wp","href":"https:\/\/api.w.org\/{rel}","templated":true}]}}