{"id":19304,"date":"2014-01-25T17:22:02","date_gmt":"2014-01-25T15:22:02","guid":{"rendered":"http:\/\/veikot.kaustinen.fi\/?page_id=19304"},"modified":"2014-01-25T17:23:02","modified_gmt":"2014-01-25T15:23:02","slug":"seuran-parhaat-2004","status":"publish","type":"page","link":"http:\/\/veikot2.kaustinen.fi\/?page_id=19304","title":{"rendered":"Seuran parhaat 2004"},"content":{"rendered":"<p>SEURAN PARAS\u00a0NIKULA KALLE<\/p>\n<ul>\n<li>Kalevan Kisat Vaasa Moukari 8. moukari 64,65(9.)<\/li>\n<li>SM-kisat Pietarsaari M22 Moukari 3.<\/li>\n<li>PM-Norja M22 Moukari 2.<\/li>\n<li>enn\u00e4tys 64,65 (sijoitus Suomen tilastossa 9.)<\/li>\n<\/ul>\n<p>AMMUNNAN PARAS\u00a0KALEVI JUOPERI<\/p>\n<ul>\n<li>2-trap SM Y60 1.<\/li>\n<li>A-trap SM Y60 1.<\/li>\n<li>Trap SM Y60 2.<\/li>\n<li>2-trap SM joukkue Y50 1.<\/li>\n<li>A-trap SM joukkue Y50 1.<\/li>\n<\/ul>\n<p>HIIHDON PARAS\u00a0HEIDI KOTTARI<\/p>\n<ul>\n<li>N20 SM 5 km (P) 24.<\/li>\n<li>N20 SM 10 km (V) 22.<\/li>\n<\/ul>\n<p>SUUNNISTUKSEN PARAS\u00a0HELI JYLH\u00c4<\/p>\n<p>JUDON PARAS\u00a0RAMI RAUMA<\/p>\n<p>VUODEN YLL\u00c4TT\u00c4J\u00c4\u00a0JAAKKO KIVEL\u00c4<\/p>\n<ul>\n<li>Kalevan Kisojen 100m 7.<\/li>\n<\/ul>\n<p>Kaustisen kunnan stipendeill\u00e4 palkittiin seuraavat<\/p>\n<ul>\n<li>TOIVONEN PETTERI<\/li>\n<li>KIVEL\u00c4 JAAKKO<\/li>\n<li>NIKULA KALLE<\/li>\n<li>KATTILAKOSKI SUVI<\/li>\n<li>KATTILAKOSKI ANNIKA<\/li>\n<li>KATTILAKOSKI TUOMAS<\/li>\n<li>NIKULA EEMELI<\/li>\n<li>NIKULA VILLE<\/li>\n<li>K\u00c4NS\u00c4KOSKI ESA<\/li>\n<li>MUSTONEN RIIKKA<\/li>\n<li>KIVINEN JOONAS<\/li>\n<li>VIRKKALA JOHANNA<\/li>\n<li>J\u00c4RVIL\u00c4 SAARA<\/li>\n<li>SALONEN SENJA<\/li>\n<li>SALONEN SANNI<\/li>\n<li>HUHTAKANGAS TIINA<\/li>\n<li>J\u00c4RVEL\u00c4 SILJA<\/li>\n<li>LEHTO NIKO<\/li>\n<li>UUSIM\u00c4KI KATRIINA<\/li>\n<li>HIIHTOJAOSTO<\/li>\n<li>HUHTAKANGAS JANNE<\/li>\n<li>KOTTARI HEIDI<\/li>\n<li>HUHTAKANGAS JUSSI<\/li>\n<li>HARJU MAARIT<\/li>\n<li>K\u00c4NS\u00c4L\u00c4 KIM<\/li>\n<li>JUOPERI JARKKO<\/li>\n<li>RAUMA RAMI<\/li>\n<\/ul>\n","protected":false},"excerpt":{"rendered":"<p>SEURAN PARAS\u00a0NIKULA KALLE Kalevan Kisat Vaasa Moukari 8. moukari 64,65(9.) SM-kisat Pietarsaari M22 Moukari 3. PM-Norja M22 Moukari 2. enn\u00e4tys 64,65 (sijoitus Suomen tilastossa 9.) AMMUNNAN PARAS\u00a0KALEVI JUOPERI 2-trap SM Y60 1. A-trap SM Y60 1. Trap SM Y60 2. 2-trap SM joukkue Y50 1. A-trap SM joukkue Y50 1. HIIHDON PARAS\u00a0HEIDI KOTTARI N20 SM [&hellip;]<\/p>\n","protected":false},"author":1,"featured_media":0,"parent":19286,"menu_order":5,"comment_status":"open","ping_status":"open","template":"","meta":{"footnotes":""},"class_list":["post-19304","page","type-page","status-publish","hentry"],"_links":{"self":[{"href":"http:\/\/veikot2.kaustinen.fi\/index.php?rest_route=\/wp\/v2\/pages\/19304","targetHints":{"allow":["GET"]}}],"collection":[{"href":"http:\/\/veikot2.kaustinen.fi\/index.php?rest_route=\/wp\/v2\/pages"}],"about":[{"href":"http:\/\/veikot2.kaustinen.fi\/index.php?rest_route=\/wp\/v2\/types\/page"}],"author":[{"embeddable":true,"href":"http:\/\/veikot2.kaustinen.fi\/index.php?rest_route=\/wp\/v2\/users\/1"}],"replies":[{"embeddable":true,"href":"http:\/\/veikot2.kaustinen.fi\/index.php?rest_route=%2Fwp%2Fv2%2Fcomments&post=19304"}],"version-history":[{"count":3,"href":"http:\/\/veikot2.kaustinen.fi\/index.php?rest_route=\/wp\/v2\/pages\/19304\/revisions"}],"predecessor-version":[{"id":19307,"href":"http:\/\/veikot2.kaustinen.fi\/index.php?rest_route=\/wp\/v2\/pages\/19304\/revisions\/19307"}],"up":[{"embeddable":true,"href":"http:\/\/veikot2.kaustinen.fi\/index.php?rest_route=\/wp\/v2\/pages\/19286"}],"wp:attachment":[{"href":"http:\/\/veikot2.kaustinen.fi\/index.php?rest_route=%2Fwp%2Fv2%2Fmedia&parent=19304"}],"curies":[{"name":"wp","href":"https:\/\/api.w.org\/{rel}","templated":true}]}}