{"id":19308,"date":"2014-01-25T17:40:05","date_gmt":"2014-01-25T15:40:05","guid":{"rendered":"http:\/\/veikot.kaustinen.fi\/?page_id=19308"},"modified":"2014-01-25T17:40:21","modified_gmt":"2014-01-25T15:40:21","slug":"seuran-parhaat-2005","status":"publish","type":"page","link":"http:\/\/veikot2.kaustinen.fi\/?page_id=19308","title":{"rendered":"Seuran parhaat 2005"},"content":{"rendered":"<p>SEURAN PARAS URHEILIJA (samalla yleisurheilun paras)<\/p>\n<p>SUVI KATTILAKOSKI<\/p>\n<ul>\n<li>N22 pituus SM-kulta<\/li>\n<li>Kalevan Kisat pituus 6.<\/li>\n<\/ul>\n<p>HIIHDON PARAS<\/p>\n<p>HEIDI KOTTARI<\/p>\n<ul>\n<li>\u00a0SM 10 km V 25.<\/li>\n<li>\u00a0SM 20 km V 4.<\/li>\n<li>\u00a0SM 5 km V 7.<\/li>\n<li>\u00a0SM 10 km P 21.<\/li>\n<\/ul>\n<p>AMMUNNAN PARAS<\/p>\n<ul>\n<li>Jarkko Juoperi Y20 2-trap SM 3.<\/li>\n<\/ul>\n<p>SUUNNISTUKSEN PARAS<\/p>\n<ul>\n<li>Matti Kattilakoski 2 x SM-kultaa ja yksi SM-hopea<\/li>\n<\/ul>\n<p>JUDON PARAS<\/p>\n<ul>\n<li>Juha Torppa<\/li>\n<\/ul>\n<p>VUODEN VALMENTAJA<\/p>\n<ul>\n<li>Eero Yli-Soini<\/li>\n<\/ul>\n<p>MUITA PALKITTAVIA<br \/>\nSM-mitalistit<\/p>\n<ul>\n<li>Katja Lehto Veteraanien SM-mitalisti<\/li>\n<li>Marko Salo Veteraanien SM-mitalisti<\/li>\n<li>Harri Harju Veteraanien SM-mitalisti<\/li>\n<li>Kalevi Juoperi 2-trap SM-kulta ja joukkuekulta<\/li>\n<li>Risto Paavola 2-trap SM-joukkuekulta<\/li>\n<li>Erkki Kaustinen 2-trap SM-joukkuekulta<\/li>\n<li>Jussi Uusitalo Moukarin P15 joukkue SM-pronssi<\/li>\n<li>Joni Myllym\u00e4ki Moukarin P15 joukkue SM-pronssi<\/li>\n<li>Santtu Lehto Moukarin P14 joukkue SM-hopeaa<\/li>\n<li>Ville Kuorikoski Moukarin P14 joukkue SM-hopeaa<\/li>\n<li>Santtu Lehto Kiekon P14 joukkue SM-kultaa<\/li>\n<li>Ville Kuorikoski Kiekon P14 joukkue SM-kultaa<\/li>\n<li>Mirjami J\u00e4rvil\u00e4 Moukarin T15 joukkue SM-pronssi<\/li>\n<li>Marianne Harju Moukarin T15 joukkue SM-pronssi<\/li>\n<li>Samuli Kivinen Kehitysvammaisten SM-kulta pituus ja kuula<\/li>\n<li>Suvi Kattilakoski N22 pituus SM-kultaa<\/li>\n<li>Matti Kattilakoski H60 2 x 1. 1 x 2.<\/li>\n<li>Simo-Viljami Ojanen Talvi-Triathlon SM-hopeaa<\/li>\n<\/ul>\n<p>Kunnan stipendin saajat:<\/p>\n<p>Yleisurheilusta<\/p>\n<ul>\n<li>KATTILAKOSKI SUVI<\/li>\n<li>TOIVONEN PETTERI<\/li>\n<li>KIVEL\u00c4 JAAKKO<\/li>\n<li>NIKULA KALLE<\/li>\n<li>KATTILAKOSKI ANNIKA<\/li>\n<li>NIKULA EEMELI<\/li>\n<li>NIKULA VILLE<\/li>\n<li>KIVINEN JOONAS<\/li>\n<li>VIRKKALA JOHANNA<\/li>\n<li>J\u00c4RVIL\u00c4 SAARA<\/li>\n<li>SALONEN SENJA<\/li>\n<li>SALONEN SANNI<\/li>\n<li>HUHTAKANGAS TIINA<\/li>\n<li>LEHTO NIKO-MARKUS<\/li>\n<li>J\u00c4RVIL\u00c4 MIRJAMI<\/li>\n<li>UUSITALO JUSSI<\/li>\n<li>MYLLYM\u00c4KI JONI<\/li>\n<li>KARHUKORPI SAMU<\/li>\n<li>PURONAHO EEMELI<\/li>\n<li>NIKULA TONI<\/li>\n<li>J\u00c4RVEL\u00c4 SILJA<\/li>\n<li>KIVINEN SAMULI<\/li>\n<\/ul>\n<p>Hiihdosta<\/p>\n<ul>\n<li>KOTTARI HEIDI<\/li>\n<li>HUHTAKANGAS JANNE<\/li>\n<li>HUHTAKANGAS JUSSI<\/li>\n<li>HARJU MAARIT<\/li>\n<li>HARJU MARIANNE<\/li>\n<\/ul>\n<p>Ammunnasta<\/p>\n<ul>\n<li>K\u00c4NS\u00c4L\u00c4 KIM<\/li>\n<li>JUOPERI JARKKO<\/li>\n<\/ul>\n<p>Judosta<\/p>\n<ul>\n<li>JUHA TORPPA<\/li>\n<\/ul>\n<p>Suunnistuksesta<\/p>\n<ul>\n<li>MATTILA ANNI<\/li>\n<\/ul>\n","protected":false},"excerpt":{"rendered":"<p>SEURAN PARAS URHEILIJA (samalla yleisurheilun paras) SUVI KATTILAKOSKI N22 pituus SM-kulta Kalevan Kisat pituus 6. HIIHDON PARAS HEIDI KOTTARI \u00a0SM 10 km V 25. \u00a0SM 20 km V 4. \u00a0SM 5 km V 7. \u00a0SM 10 km P 21. AMMUNNAN PARAS Jarkko Juoperi Y20 2-trap SM 3. SUUNNISTUKSEN PARAS Matti Kattilakoski 2 x SM-kultaa ja [&hellip;]<\/p>\n","protected":false},"author":1,"featured_media":0,"parent":19286,"menu_order":6,"comment_status":"open","ping_status":"open","template":"","meta":{"footnotes":""},"class_list":["post-19308","page","type-page","status-publish","hentry"],"_links":{"self":[{"href":"http:\/\/veikot2.kaustinen.fi\/index.php?rest_route=\/wp\/v2\/pages\/19308","targetHints":{"allow":["GET"]}}],"collection":[{"href":"http:\/\/veikot2.kaustinen.fi\/index.php?rest_route=\/wp\/v2\/pages"}],"about":[{"href":"http:\/\/veikot2.kaustinen.fi\/index.php?rest_route=\/wp\/v2\/types\/page"}],"author":[{"embeddable":true,"href":"http:\/\/veikot2.kaustinen.fi\/index.php?rest_route=\/wp\/v2\/users\/1"}],"replies":[{"embeddable":true,"href":"http:\/\/veikot2.kaustinen.fi\/index.php?rest_route=%2Fwp%2Fv2%2Fcomments&post=19308"}],"version-history":[{"count":1,"href":"http:\/\/veikot2.kaustinen.fi\/index.php?rest_route=\/wp\/v2\/pages\/19308\/revisions"}],"predecessor-version":[{"id":19309,"href":"http:\/\/veikot2.kaustinen.fi\/index.php?rest_route=\/wp\/v2\/pages\/19308\/revisions\/19309"}],"up":[{"embeddable":true,"href":"http:\/\/veikot2.kaustinen.fi\/index.php?rest_route=\/wp\/v2\/pages\/19286"}],"wp:attachment":[{"href":"http:\/\/veikot2.kaustinen.fi\/index.php?rest_route=%2Fwp%2Fv2%2Fmedia&parent=19308"}],"curies":[{"name":"wp","href":"https:\/\/api.w.org\/{rel}","templated":true}]}}