{"id":19310,"date":"2014-01-25T17:43:26","date_gmt":"2014-01-25T15:43:26","guid":{"rendered":"http:\/\/veikot.kaustinen.fi\/?page_id=19310"},"modified":"2014-01-25T17:43:26","modified_gmt":"2014-01-25T15:43:26","slug":"seuran-parhaat-2006","status":"publish","type":"page","link":"http:\/\/veikot2.kaustinen.fi\/?page_id=19310","title":{"rendered":"Seuran parhaat 2006"},"content":{"rendered":"<p>KP-V:N SYYSKOKOUKSESSA 2006 PALKITUT<\/p>\n<ul>\n<li>Seuran paras urheilija: Petteri Toivonen<\/li>\n<li>YU:n paras: Petteri Toivonen<\/li>\n<li>Hiihdon paras: Heidi Kottari<\/li>\n<li>Judon paras: Alisa J\u00e4rvel\u00e4<\/li>\n<li>Suunnistuksen paras: Matti Kattilakoski<\/li>\n<li>Ammunnan paras: Kim K\u00e4ns\u00e4l\u00e4<\/li>\n<li>Vuoden junioriurheilija: Santtu Lehto<\/li>\n<\/ul>\n<p>Lusikat:<\/p>\n<ul>\n<li>Santtu Lehto, Alisa J\u00e4rvel\u00e4, Anni Mattila, Samuli-Petteri Kivinen<\/li>\n<li>Ammunnan joukkue: Esko Rantam\u00e4ki, Risto Paavola ja Kalevi Juoperi<\/li>\n<li>H60 viesti SM-pronssi: Heikki Pajukangas, Juha Viitasalo ja Matti Kattilakoski<\/li>\n<li>H45 hiihtosuunnistusviesti SM-pronssi: Tauno Pajukangas, Martti Pihlajamaa ja Timo Mattila<\/li>\n<\/ul>\n<p>KAUSTISEN KUNNAN STIPENDIT 2006<\/p>\n<p>YLEISURHEILUJAOSTO:<br \/>\nPetteri Toivonen, Santtu Lehto, Suvi Kattilakoski, Johanna Virkkala, Samu Karhukorpi Joonas Kivinen, Jenni Penttil\u00e4, Niko Lehto, Joni Myllym\u00e4ki, Samuli-Petteri Kivinen, Kalle Nikula Ville Nikula, Eemeli Puronaho, Suvi Mikkola, Senja Salonen, Toni Nikula, Jussi Uusitalo, Saara J\u00e4rvil\u00e4, Mirjami J\u00e4rvil\u00e4, Tiina Huhtakangas, Pauliina Puronaho<\/p>\n<p>HIIHTOJAOSTO:<br \/>\nHeidi Kottari, Simo-Viljami Ojanen, Janne Huhtakangas, Marianne Harju, Maarit Harju, Jari Hakola<\/p>\n<p>JUDOJAOSTO:<br \/>\nAlisa J\u00e4rvel\u00e4<\/p>\n<p>SUUNNISTUSJAOSTO:<br \/>\nAnni Mattila, Heli Jylh\u00e4, Sini Mattila<\/p>\n<p>AMMUNTA:<br \/>\nKim K\u00e4ns\u00e4l\u00e4<\/p>\n<p>YLEISURHEILUJAOSTON STIPENDIT<\/p>\n<p>VALMENTAJAT:<br \/>\nKatja Lehto, Eero Yli-Soini, Kari Mastokangas, Jaakko Kivel\u00e4, Niina Kivinen, Timo-Jaakko Puronaho, Maire Karhukorpi<\/p>\n<p>URHEILIJAT:<br \/>\nSanttu Lehto, Petteri toivonen, Samuli-Petteri Kivinen, Samu Karhukorpi, Joni Myllym\u00e4ki, Joonas Kivinen, Jenni Penttil\u00e4, Niko Lehto, Johanna Virkkala<\/p>\n","protected":false},"excerpt":{"rendered":"<p>KP-V:N SYYSKOKOUKSESSA 2006 PALKITUT Seuran paras urheilija: Petteri Toivonen YU:n paras: Petteri Toivonen Hiihdon paras: Heidi Kottari Judon paras: Alisa J\u00e4rvel\u00e4 Suunnistuksen paras: Matti Kattilakoski Ammunnan paras: Kim K\u00e4ns\u00e4l\u00e4 Vuoden junioriurheilija: Santtu Lehto Lusikat: Santtu Lehto, Alisa J\u00e4rvel\u00e4, Anni Mattila, Samuli-Petteri Kivinen Ammunnan joukkue: Esko Rantam\u00e4ki, Risto Paavola ja Kalevi Juoperi H60 viesti SM-pronssi: Heikki [&hellip;]<\/p>\n","protected":false},"author":1,"featured_media":0,"parent":19286,"menu_order":7,"comment_status":"closed","ping_status":"closed","template":"","meta":{"footnotes":""},"class_list":["post-19310","page","type-page","status-publish","hentry"],"_links":{"self":[{"href":"http:\/\/veikot2.kaustinen.fi\/index.php?rest_route=\/wp\/v2\/pages\/19310","targetHints":{"allow":["GET"]}}],"collection":[{"href":"http:\/\/veikot2.kaustinen.fi\/index.php?rest_route=\/wp\/v2\/pages"}],"about":[{"href":"http:\/\/veikot2.kaustinen.fi\/index.php?rest_route=\/wp\/v2\/types\/page"}],"author":[{"embeddable":true,"href":"http:\/\/veikot2.kaustinen.fi\/index.php?rest_route=\/wp\/v2\/users\/1"}],"replies":[{"embeddable":true,"href":"http:\/\/veikot2.kaustinen.fi\/index.php?rest_route=%2Fwp%2Fv2%2Fcomments&post=19310"}],"version-history":[{"count":1,"href":"http:\/\/veikot2.kaustinen.fi\/index.php?rest_route=\/wp\/v2\/pages\/19310\/revisions"}],"predecessor-version":[{"id":19311,"href":"http:\/\/veikot2.kaustinen.fi\/index.php?rest_route=\/wp\/v2\/pages\/19310\/revisions\/19311"}],"up":[{"embeddable":true,"href":"http:\/\/veikot2.kaustinen.fi\/index.php?rest_route=\/wp\/v2\/pages\/19286"}],"wp:attachment":[{"href":"http:\/\/veikot2.kaustinen.fi\/index.php?rest_route=%2Fwp%2Fv2%2Fmedia&parent=19310"}],"curies":[{"name":"wp","href":"https:\/\/api.w.org\/{rel}","templated":true}]}}