{"id":19403,"date":"2014-01-25T23:34:24","date_gmt":"2014-01-25T21:34:24","guid":{"rendered":"http:\/\/veikot.kaustinen.fi\/?page_id=19403"},"modified":"2014-01-25T23:34:24","modified_gmt":"2014-01-25T21:34:24","slug":"matti-kattilakoski","status":"publish","type":"page","link":"http:\/\/veikot2.kaustinen.fi\/?page_id=19403","title":{"rendered":"Matti Kattilakoski"},"content":{"rendered":"<p>N\u00e4in kirjoittaa KP-V:n juhlajulkaisu Kaustisen Pohjan-Veikot 1914-1984<\/p>\n<h3>Suunnistus<\/h3>\n<p>Suunnistusharrastus sai alkunsa Kaustisella jo 1930-luvulla. Karttojen puute vaikeutti alkuaikoina lajin harjoittelua ja kilpailujen j\u00e4rjest\u00e4mist\u00e4. Palava innostus kaatoi kuitenkin esteet ja esimerkiksi Salonkyl\u00e4ss\u00e4 poistettiin t\u00e4m\u00e4 este erikoisella tavalla. Viime sodassa kaatunut lahjakas hiiht\u00e4j\u00e4- ja suunnistajanuorukainen Eino Kattilakoski teki suurty\u00f6n laatimalla itse kartan Salonkyl\u00e4n l\u00e4himaastosta monien ty\u00f6l\u00e4iden askelparimittausten j\u00e4lkeen. Ty\u00f6, jonka vaikeutta ja laajuutta ei voi yliarvioida.<\/p>\n<p>Siihen aikaan vilkkaasti toimineella suojeluskunnalla oli ensiarvoisen t\u00e4rke\u00e4 osuus liikunnalla. ia suunnistus on aina ollut suomalaisen sotilaan kunniakas taito. Kaustisella harjoiteltiin yleisurheilua, hiihtoa ja my\u00f6s suunnistusta suojeluskuntaj\u00e4rjest\u00f6n riveiss\u00e4. Alkusys\u00e4yksen suunnistukselle antoi siis suojeluskunta, silta laji laajeni v\u00e4hitellen yhdeksi suosituimmista urheilumuodosta Kaustisella. Suunnistuksen keskipisteen\u00e4 on ollut Salonkyl\u00e4 ja nimenomaan Kattilakosken suku. Kalkkien saavutusten luetteleminen veisi mittaamattoman tilan mutta erityisesti Matti Kattilakoski on osoittanut kuuluvansa maamme suunnistajien k\u00e4rkikaartiin. T\u00e4t\u00e4 menestyst\u00e4 on loistavasti tukenut pikkuveli Eero, joka on lis\u00e4ksi kunnostautunut pitkien matkojen maantiejuoksijana.<\/p>\n<p>Vuonna 1976 Matti Kattilakoski voitti hiihtosuunnistuksen Suomen mestaruuden. Samana vuonna h\u00e4n edusti Suomea my\u00f6s maaottelussa Ruotsia vastaan. Seuraavana vuonna Matti oli kolmas, ja my\u00f6s silloin avautui maaottelupalkka. Vuonna 1980 oli Matti sm-hiihtosuunnistuksessa henkil\u00f6kohtaisesti pronssilla 35-sarjassa. Samoin Matti kuului w. 1981 sm:n voittaneeseen KP-V:n joukkueeseen jossa suunnistivat lis\u00e4ksi Heikki Pajukangas ja Markku Sillanp\u00e4\u00e4. Y\u00f6suunnistuksessa tuli samana vuonna 35-sarjan Suomen mestaruus ja ylipitk\u00e4ll\u00e4 matkalla hopeaa.<\/p>\n<p>Vuonna 1982 Matti oli sm-kisoissa pronssilla ja kuului KP-V:n pronssijoukkueeseen 35-sarjan hiihtosuunnistusviestiss\u00e4. Muut viestiss\u00e4 olivat Juha Viitasalo ja Markku Sillanp\u00e4\u00e4. Vuonna 1983 sama viestijoukkue otti hopeaa kokoonpanolla Helkki Pajukangas, Juha Viitasalo ja Matti Kattilakoski. Hyv\u00e4n kuvan Kattilakosken perheen innostuksesta ja menestyksest\u00e4 kertoo vuoden 1969 Keski- Pohjanmaan paremmuustilasto: Miehet: 1) Matti Kattilakoski, M 20: 1) Eero Kattilakoski, M 18: 1) Juhani Kattilakoski N: Marj<img loading=\"lazy\" decoding=\"async\" class=\"alignleft size-full wp-image-19404\" alt=\"Matti Kattilakoski\" src=\"http:\/\/veikot.kaustinen.fi\/wp\/wp-content\/uploads\/2014\/03\/mattikattila.gif\" width=\"212\" height=\"312\" \/>atta M\u00e4\u00e4tt\u00e4l\u00e4<\/p>\n<p>Vaikka Matti Kattilakosken parhaat saavutukset ovat tulleet nimenomaan hiihtosuunnistuksessa, on my\u00f6s kes\u00e4ll\u00e4 tullut kovia tuloksia. Kes\u00e4lt\u00e4 1970 on Matin saavutuksena Kainuun rastiviikon voitto ja menestyminen Ruotsin kovissa kilpailuissa. sm-kisoissa on samalta kes\u00e4lt\u00e4 nelj\u00e4s tila pitk\u00e4lt\u00e4 matkalta ja kahdeksas tila henkil\u00f6kohtaisista sm-kilpailuista.<\/p>\n<p>Eero Kattilakosken uran huippukohta on ollut vuosi 1975, jolloin Eero sijoittui sm- hiihtosuunnistuksissa nelj\u00e4nneksi ja oli mm-joukkueen varamies. Naisten puolella ovat Marjatta M\u00e4\u00e4tt\u00e4l\u00e4 ja Kalja L\u00f6fbacka hallinneet piirin naissuunnistuksen k\u00e4rke\u00e4 pitk\u00e4\u00e4n. Piirinmestaruuksia on tullut parinkymmenen vuoden ajalta.<\/p>\n<p>Matin saavutuksia t\u00e4m\u00e4n j\u00e4lkeen:<\/p>\n<ul>\n<li>1986 Hiihtosuunnistusviesti kultaa H40 joukkueessa Matti Kattilakoski, Juha Viitasalo, Markku Sillanp\u00e4\u00e4<\/li>\n<li>1996 Hiihtosuunnistusviesti pronssia H50 sama joukkue<\/li>\n<li>1997 Hopeaa sm-pitk\u00e4t matkat H50<\/li>\n<li>1998 Kultaa sm-y\u00f6 ja hopeaa sm-normaalimatkat H50<\/li>\n<li>1999 Pronssia sm-normaalimatkat H50<\/li>\n<li>2000\u00a0<b>MM-kultaa<\/b>\u00a0H55<\/li>\n<li>2000 Hopeaa sm-normaalimatkat H55<\/li>\n<li>2001 Pronssia sm-pitk\u00e4t matkat H55<\/li>\n<li>2002 Pronssia sm-keskimatka H55<\/li>\n<li>2006 Pronssia sm-y\u00f6 H60<\/li>\n<li>2009 MM-pronssi H65 (Sydney, Australia)<\/li>\n<li>2010 Pronssia sm-pitk\u00e4matka H65<\/li>\n<li>2012 <strong>MM-kultaa<\/strong> H65 (Saksa)<\/li>\n<\/ul>\n","protected":false},"excerpt":{"rendered":"<p>N\u00e4in kirjoittaa KP-V:n juhlajulkaisu Kaustisen Pohjan-Veikot 1914-1984 Suunnistus Suunnistusharrastus sai alkunsa Kaustisella jo 1930-luvulla. Karttojen puute vaikeutti alkuaikoina lajin harjoittelua ja kilpailujen j\u00e4rjest\u00e4mist\u00e4. Palava innostus kaatoi kuitenkin esteet ja esimerkiksi Salonkyl\u00e4ss\u00e4 poistettiin t\u00e4m\u00e4 este erikoisella tavalla. Viime sodassa kaatunut lahjakas hiiht\u00e4j\u00e4- ja suunnistajanuorukainen Eino Kattilakoski teki suurty\u00f6n laatimalla itse kartan Salonkyl\u00e4n l\u00e4himaastosta monien ty\u00f6l\u00e4iden askelparimittausten [&hellip;]<\/p>\n","protected":false},"author":1,"featured_media":0,"parent":3465,"menu_order":5,"comment_status":"closed","ping_status":"closed","template":"","meta":{"footnotes":""},"class_list":["post-19403","page","type-page","status-publish","hentry"],"_links":{"self":[{"href":"http:\/\/veikot2.kaustinen.fi\/index.php?rest_route=\/wp\/v2\/pages\/19403","targetHints":{"allow":["GET"]}}],"collection":[{"href":"http:\/\/veikot2.kaustinen.fi\/index.php?rest_route=\/wp\/v2\/pages"}],"about":[{"href":"http:\/\/veikot2.kaustinen.fi\/index.php?rest_route=\/wp\/v2\/types\/page"}],"author":[{"embeddable":true,"href":"http:\/\/veikot2.kaustinen.fi\/index.php?rest_route=\/wp\/v2\/users\/1"}],"replies":[{"embeddable":true,"href":"http:\/\/veikot2.kaustinen.fi\/index.php?rest_route=%2Fwp%2Fv2%2Fcomments&post=19403"}],"version-history":[{"count":2,"href":"http:\/\/veikot2.kaustinen.fi\/index.php?rest_route=\/wp\/v2\/pages\/19403\/revisions"}],"predecessor-version":[{"id":19406,"href":"http:\/\/veikot2.kaustinen.fi\/index.php?rest_route=\/wp\/v2\/pages\/19403\/revisions\/19406"}],"up":[{"embeddable":true,"href":"http:\/\/veikot2.kaustinen.fi\/index.php?rest_route=\/wp\/v2\/pages\/3465"}],"wp:attachment":[{"href":"http:\/\/veikot2.kaustinen.fi\/index.php?rest_route=%2Fwp%2Fv2%2Fmedia&parent=19403"}],"curies":[{"name":"wp","href":"https:\/\/api.w.org\/{rel}","templated":true}]}}