{"id":22784,"date":"2014-03-06T22:54:28","date_gmt":"2014-03-06T20:54:28","guid":{"rendered":"http:\/\/veikot.kaustinen.fi\/?page_id=22784"},"modified":"2016-03-27T09:06:13","modified_gmt":"2016-03-27T06:06:13","slug":"judo","status":"publish","type":"page","link":"http:\/\/veikot2.kaustinen.fi\/?page_id=22784","title":{"rendered":"Judo"},"content":{"rendered":"<table border=\"0\">\n<tbody>\n<tr>\n<td><img loading=\"lazy\" decoding=\"async\" class=\"alignnone\" src=\"http:\/\/veikot.kaustinen.fi\/wp\/wp-content\/uploads\/2014\/03\/judo_animaatio.gif\" alt=\"judo_animaatio\" width=\"75\" height=\"75\" \/><\/td>\n<td><img loading=\"lazy\" decoding=\"async\" class=\"alignnone\" src=\"http:\/\/veikot.kaustinen.fi\/wp\/wp-content\/uploads\/2014\/03\/judo-ls.png\" alt=\"judo-ls\" width=\"600\" height=\"92\" \/><\/td>\n<\/tr>\n<\/tbody>\n<\/table>\n<h3>Uutiset \/ Infoa<\/h3>\n<p>Vuoden 2016 kisatuloksista ja menestyksest\u00e4 l\u00f6yd\u00e4t tiedot ajankohtaista -v\u00e4lilehdell\u00e4!<\/p>\n<p><em><strong>P\u00e4\u00e4si\u00e4ismaanantaina ei ole junnujudoa<\/strong><strong>!!<\/strong><\/em><\/p>\n<p><strong>P\u00e4\u00e4si\u00e4ismaanantain tehostamistreeni;<\/strong><\/p>\n<p>&#8211; 50 min l\u00e4mp\u00f6 ja &#8221;kinkkuleirin&#8221; otekertaukset (Mika Nurmi)<\/p>\n<p>&#8211; 10 min juomatauko ja palautuminen<\/p>\n<p>&#8211; 60 min pystyranttu (Riisi)<\/p>\n<p>&#8211; 20 min tankkaus ja palautuminen<\/p>\n<p>&#8211; 40 min newaza ja j\u00e4\u00e4hdyttely (Riisi)<\/p>\n<p>Eli kutakuinkin 3 tunnin maraton kahdella palautumistauolla.<\/p>\n<p>&#8211; Aikataulu klo 15-18<\/p>\n<p>&#8211; vapaaehtoinen kannatusmaksu 2 euroa, jolla kustannetaan vet\u00e4jille ruokailut<\/p>\n<p>&#8211; paikalla ilmoittaunut my\u00f6s maailmanluokan judoka; Rachid El Kadiri, josta oli syksyll\u00e4 lehtijuttu.<\/p>\n<p>Rachid osallitunut pekingin olympilaisiin, kuulunut 12 vuotta marokon maajoukkueessa, afrikan mestari 2010&#8230;.<\/p>\n<p>Yt. Antti<\/p>\n<p><strong>Harjoitusajat<\/strong><\/p>\n<p><b>Maanantaisin <\/b>18.30 &#8211; 20 Junnujen ja nuorten\u00a0judo<\/p>\n<p><strong>Tiistaisin<br \/>\n<\/strong>18 &#8211; 19 Nappulajudo<br \/>\n19 &#8211; 20.30 Aikuisten ja nuorten judo<\/p>\n<p><strong>Torstaisin<br \/>\n<\/strong>18.30 &#8211; 20 Randori judo<\/p>\n<p><span style=\"font-size: 1rem;line-height: 1.714285714\">Kuvia Kaustisen Pohjan-Veikkojen upealta dojolta. Dojo sijaitseen Kaustisen Urheilutalolla, os. Urheilutie 10, 69600 KAUSTINEN. 2010-2011 Urheilutalolle tehdyn peruskorjauksen, laajennuksen ja uudistuksen yhteydess\u00e4 kamppailulajeille rakennettiin uusi n. 200 neli\u00f6n dojo. Dojolla on 144 neli\u00f6metrin kokoinen joustotatami.<\/span><\/p>\n<p><a href=\"http:\/\/veikot.kaustinen.fi\/wp\/wp-content\/uploads\/2014\/01\/judo_etusivu_slider.png\"><img loading=\"lazy\" decoding=\"async\" class=\"aligncenter size-full wp-image-26088\" src=\"http:\/\/veikot.kaustinen.fi\/wp\/wp-content\/uploads\/2014\/01\/judo_etusivu_slider.png\" alt=\"judo_etusivu_slider\" width=\"1440\" height=\"394\" srcset=\"http:\/\/veikot2.kaustinen.fi\/wp\/wp-content\/uploads\/2014\/01\/judo_etusivu_slider.png 1440w, http:\/\/veikot2.kaustinen.fi\/wp\/wp-content\/uploads\/2014\/01\/judo_etusivu_slider-300x82.png 300w, http:\/\/veikot2.kaustinen.fi\/wp\/wp-content\/uploads\/2014\/01\/judo_etusivu_slider-1024x280.png 1024w, http:\/\/veikot2.kaustinen.fi\/wp\/wp-content\/uploads\/2014\/01\/judo_etusivu_slider-624x171.png 624w\" sizes=\"auto, (max-width: 1440px) 100vw, 1440px\" \/><\/a><\/p>\n<p>&nbsp;<\/p>\n<p>&nbsp;<\/p>\n","protected":false},"excerpt":{"rendered":"<p>Uutiset \/ Infoa Vuoden 2016 kisatuloksista ja menestyksest\u00e4 l\u00f6yd\u00e4t tiedot ajankohtaista -v\u00e4lilehdell\u00e4! P\u00e4\u00e4si\u00e4ismaanantaina ei ole junnujudoa!! P\u00e4\u00e4si\u00e4ismaanantain tehostamistreeni; &#8211; 50 min l\u00e4mp\u00f6 ja &#8221;kinkkuleirin&#8221; otekertaukset (Mika Nurmi) &#8211; 10 min juomatauko ja palautuminen &#8211; 60 min pystyranttu (Riisi) &#8211; 20 min tankkaus ja palautuminen &#8211; 40 min newaza ja j\u00e4\u00e4hdyttely (Riisi) Eli kutakuinkin 3 tunnin [&hellip;]<\/p>\n","protected":false},"author":1,"featured_media":0,"parent":0,"menu_order":9,"comment_status":"open","ping_status":"open","template":"","meta":{"footnotes":""},"class_list":["post-22784","page","type-page","status-publish","hentry"],"_links":{"self":[{"href":"http:\/\/veikot2.kaustinen.fi\/index.php?rest_route=\/wp\/v2\/pages\/22784","targetHints":{"allow":["GET"]}}],"collection":[{"href":"http:\/\/veikot2.kaustinen.fi\/index.php?rest_route=\/wp\/v2\/pages"}],"about":[{"href":"http:\/\/veikot2.kaustinen.fi\/index.php?rest_route=\/wp\/v2\/types\/page"}],"author":[{"embeddable":true,"href":"http:\/\/veikot2.kaustinen.fi\/index.php?rest_route=\/wp\/v2\/users\/1"}],"replies":[{"embeddable":true,"href":"http:\/\/veikot2.kaustinen.fi\/index.php?rest_route=%2Fwp%2Fv2%2Fcomments&post=22784"}],"version-history":[{"count":101,"href":"http:\/\/veikot2.kaustinen.fi\/index.php?rest_route=\/wp\/v2\/pages\/22784\/revisions"}],"predecessor-version":[{"id":26844,"href":"http:\/\/veikot2.kaustinen.fi\/index.php?rest_route=\/wp\/v2\/pages\/22784\/revisions\/26844"}],"wp:attachment":[{"href":"http:\/\/veikot2.kaustinen.fi\/index.php?rest_route=%2Fwp%2Fv2%2Fmedia&parent=22784"}],"curies":[{"name":"wp","href":"https:\/\/api.w.org\/{rel}","templated":true}]}}