{"id":22844,"date":"2014-03-09T23:43:27","date_gmt":"2014-03-09T21:43:27","guid":{"rendered":"http:\/\/veikot.kaustinen.fi\/?page_id=22844"},"modified":"2014-03-09T23:43:27","modified_gmt":"2014-03-09T21:43:27","slug":"lentopallo","status":"publish","type":"page","link":"http:\/\/veikot2.kaustinen.fi\/?page_id=22844","title":{"rendered":"Lentopallo"},"content":{"rendered":"<p>Lentopallossa ei ole joukkueita sarjoissa. Miehill\u00e4 on joukkue, joka pelaa Kokkolan sarjassa.<br \/>Nuorisopuolella on j\u00e4rjestetty harjoitustoimintaa l\u00e4hinn\u00e4 tyt\u00f6ille.<\/p>\n<p>&nbsp;<\/p>\n<table>\n<tbody>\n<tr>\n<td><b>Yhteyshenkil\u00f6<\/b><\/td>\n<td>Arto Kellokoski<\/td>\n<td>050-5925458<\/td>\n<\/tr>\n<\/tbody>\n<\/table>\n","protected":false},"excerpt":{"rendered":"<p>Lentopallossa ei ole joukkueita sarjoissa. Miehill\u00e4 on joukkue, joka pelaa Kokkolan sarjassa.Nuorisopuolella on j\u00e4rjestetty harjoitustoimintaa l\u00e4hinn\u00e4 tyt\u00f6ille. &nbsp; Yhteyshenkil\u00f6 Arto Kellokoski 050-5925458<\/p>\n","protected":false},"author":1,"featured_media":0,"parent":0,"menu_order":8,"comment_status":"open","ping_status":"open","template":"","meta":{"footnotes":""},"class_list":["post-22844","page","type-page","status-publish","hentry"],"_links":{"self":[{"href":"http:\/\/veikot2.kaustinen.fi\/index.php?rest_route=\/wp\/v2\/pages\/22844","targetHints":{"allow":["GET"]}}],"collection":[{"href":"http:\/\/veikot2.kaustinen.fi\/index.php?rest_route=\/wp\/v2\/pages"}],"about":[{"href":"http:\/\/veikot2.kaustinen.fi\/index.php?rest_route=\/wp\/v2\/types\/page"}],"author":[{"embeddable":true,"href":"http:\/\/veikot2.kaustinen.fi\/index.php?rest_route=\/wp\/v2\/users\/1"}],"replies":[{"embeddable":true,"href":"http:\/\/veikot2.kaustinen.fi\/index.php?rest_route=%2Fwp%2Fv2%2Fcomments&post=22844"}],"version-history":[{"count":1,"href":"http:\/\/veikot2.kaustinen.fi\/index.php?rest_route=\/wp\/v2\/pages\/22844\/revisions"}],"predecessor-version":[{"id":22845,"href":"http:\/\/veikot2.kaustinen.fi\/index.php?rest_route=\/wp\/v2\/pages\/22844\/revisions\/22845"}],"wp:attachment":[{"href":"http:\/\/veikot2.kaustinen.fi\/index.php?rest_route=%2Fwp%2Fv2%2Fmedia&parent=22844"}],"curies":[{"name":"wp","href":"https:\/\/api.w.org\/{rel}","templated":true}]}}