{"id":22859,"date":"2014-03-18T21:21:46","date_gmt":"2014-03-18T19:21:46","guid":{"rendered":"http:\/\/veikot.kaustinen.fi\/?page_id=22859"},"modified":"2016-03-11T07:44:54","modified_gmt":"2016-03-11T05:44:54","slug":"radan-varaus","status":"publish","type":"page","link":"http:\/\/veikot2.kaustinen.fi\/?page_id=22859","title":{"rendered":"Radan varaus"},"content":{"rendered":"<p>T\u00e4ll\u00e4 sivulla ilmoitetaan radan varaustilanteesta.<\/p>\n<p>&nbsp;<\/p>\n<table border=\"0\" rules=\"NONE\" cellspacing=\"0\">\n<colgroup>\n<col width=\"86\" \/>\n<col width=\"86\" \/>\n<col width=\"184\" \/>\n<col width=\"67\" \/>\n<col width=\"61\" \/>\n<col width=\"99\" \/>\n<col width=\"65\" \/><\/colgroup>\n<tbody>\n<tr>\n<td align=\"LEFT\" width=\"86\" height=\"19\"><b><span style=\"color: #000000\">PVM<\/span><\/b><\/td>\n<td align=\"LEFT\" width=\"86\"><b><span style=\"color: #000000\">Klo<\/span><\/b><\/td>\n<td align=\"LEFT\" width=\"184\"><b><span style=\"color: #000000\">Aihe<\/span><\/b><\/td>\n<td align=\"LEFT\" width=\"67\"><b><span style=\"color: #000000\">Varaaja<\/span><\/b><\/td>\n<td align=\"LEFT\" width=\"61\"><b><span style=\"color: #000000\">M\u00f6kki<\/span><\/b><\/td>\n<td align=\"LEFT\" width=\"99\"><b><span style=\"color: #000000\">Haulikkorata<\/span><\/b><\/td>\n<td align=\"LEFT\" width=\"65\"><b><span style=\"color: #000000\">Hirvirata<\/span><\/b><\/td>\n<\/tr>\n<tr>\n<td align=\"RIGHT\" height=\"19\"><b><span style=\"color: #000000\">\u00a03.04.2016<\/span><\/b><\/td>\n<td style=\"text-align: center\" align=\"RIGHT\"><b><span style=\"color: #000000\">9:00 -16:00<br \/>\n<\/span><\/b><\/td>\n<td align=\"LEFT\"><b><span style=\"color: #000000\">Tuomarikoulutus<br \/>\n<\/span><\/b><\/td>\n<td align=\"LEFT\"><b><span style=\"color: #000000\">Arto<\/span><\/b><\/td>\n<td style=\"text-align: center\" align=\"CENTER\"><b><span style=\"color: #000000\">X<\/span><\/b><\/td>\n<td style=\"text-align: center\" align=\"CENTER\"><b><span style=\"color: #000000\">\u00a0X<\/span><\/b><\/td>\n<td align=\"CENTER\"><b><span style=\"color: #000000\">\u00a0<\/span><\/b><\/td>\n<\/tr>\n<tr>\n<td align=\"LEFT\" height=\"19\"><b><span style=\"color: #000000\">\u00a023.04.2016<\/span><\/b><\/td>\n<td style=\"text-align: center\" align=\"LEFT\"><b><span style=\"color: #000000\">9:00 -16:00<\/span><\/b><\/td>\n<td align=\"LEFT\">\u00a0<b><span style=\"color: #000000\">1-trap kilpailu<\/span><\/b><\/td>\n<td align=\"LEFT\"><b><span style=\"color: #000000\">Arto<\/span><\/b><\/td>\n<td style=\"text-align: center\" align=\"CENTER\"><strong><b><span style=\"color: #000000\">X<\/span><\/b><\/strong><\/td>\n<td style=\"text-align: center\" align=\"CENTER\"><strong>\u00a0<b><span style=\"color: #000000\">X<\/span><\/b><\/strong><\/td>\n<td align=\"CENTER\"><b><span style=\"color: #000000\">\u00a0<\/span><\/b><\/td>\n<\/tr>\n<tr>\n<td align=\"LEFT\" height=\"19\"><b><span style=\"color: #000000\">\u00a021.5.2016<\/span><\/b><\/td>\n<td style=\"text-align: center\" align=\"LEFT\"><b><span style=\"color: #000000\">9:00 -16:00<br \/>\n<\/span><\/b><\/td>\n<td align=\"LEFT\">\u00a0<strong><b><span style=\"color: #000000\">A-trap kilpailu<\/span><\/b><\/strong><\/td>\n<td align=\"LEFT\"><b><span style=\"color: #000000\">Arto<\/span><\/b><\/td>\n<td style=\"text-align: center\" align=\"CENTER\">\u00a0<strong><b><span style=\"color: #000000\">X<\/span><\/b><\/strong><\/td>\n<td style=\"text-align: center\" align=\"CENTER\">\u00a0<strong><b><span style=\"color: #000000\">X<\/span><\/b><\/strong><\/td>\n<td align=\"CENTER\"><b><span style=\"color: #000000\">\u00a0<\/span><\/b><\/td>\n<\/tr>\n<tr>\n<td align=\"LEFT\" height=\"19\"><b><span style=\"color: #000000\">\u00a0<\/span><\/b><\/td>\n<td align=\"LEFT\"><b><span style=\"color: #000000\">\u00a0<\/span><\/b><\/td>\n<td align=\"LEFT\"><b><span style=\"color: #000000\">\u00a0<\/span><\/b><\/td>\n<td align=\"LEFT\"><b><span style=\"color: #000000\">\u00a0<\/span><\/b><\/td>\n<td align=\"CENTER\"><b><span style=\"color: #000000\">\u00a0<\/span><\/b><\/td>\n<td align=\"CENTER\"><b><span style=\"color: #000000\">\u00a0<\/span><\/b><\/td>\n<td align=\"CENTER\"><b><span style=\"color: #000000\">\u00a0<\/span><\/b><\/td>\n<\/tr>\n<tr>\n<td align=\"LEFT\" height=\"19\"><b><span style=\"color: #000000\">\u00a0<\/span><\/b><\/td>\n<td align=\"LEFT\"><b><span style=\"color: #000000\">\u00a0<\/span><\/b><\/td>\n<td align=\"LEFT\"><b><span style=\"color: #000000\">\u00a0<\/span><\/b><\/td>\n<td align=\"LEFT\"><b><span style=\"color: #000000\">\u00a0<\/span><\/b><\/td>\n<td align=\"CENTER\"><b><span style=\"color: #000000\">\u00a0<\/span><\/b><\/td>\n<td align=\"CENTER\"><b><span style=\"color: #000000\">\u00a0<\/span><\/b><\/td>\n<td align=\"CENTER\"><b><span style=\"color: #000000\">\u00a0<\/span><\/b><\/td>\n<\/tr>\n<tr>\n<td align=\"LEFT\" height=\"19\"><b><span style=\"color: #000000\">\u00a0<\/span><\/b><\/td>\n<td align=\"LEFT\"><b><span style=\"color: #000000\">\u00a0<\/span><\/b><\/td>\n<td align=\"LEFT\"><b><span style=\"color: #000000\">\u00a0<\/span><\/b><\/td>\n<td align=\"LEFT\"><b><span style=\"color: #000000\">\u00a0<\/span><\/b><\/td>\n<td align=\"CENTER\"><b><span style=\"color: #000000\">\u00a0<\/span><\/b><\/td>\n<td align=\"CENTER\"><b><span style=\"color: #000000\">\u00a0<\/span><\/b><\/td>\n<td align=\"CENTER\"><b><span style=\"color: #000000\">\u00a0<\/span><\/b><\/td>\n<\/tr>\n<tr>\n<td align=\"LEFT\" height=\"19\"><b><span style=\"color: #000000\">\u00a0<\/span><\/b><\/td>\n<td align=\"LEFT\"><b><span style=\"color: #000000\">\u00a0<\/span><\/b><\/td>\n<td align=\"LEFT\"><b><span style=\"color: #000000\">\u00a0<\/span><\/b><\/td>\n<td align=\"LEFT\"><b><span style=\"color: #000000\">\u00a0<\/span><\/b><\/td>\n<td align=\"CENTER\"><b><span style=\"color: #000000\">\u00a0<\/span><\/b><\/td>\n<td align=\"CENTER\"><b><span style=\"color: #000000\">\u00a0<\/span><\/b><\/td>\n<td align=\"CENTER\"><b><span style=\"color: #000000\">\u00a0<\/span><\/b><\/td>\n<\/tr>\n<tr>\n<td align=\"LEFT\" height=\"19\"><b><span style=\"color: #000000\">\u00a0<\/span><\/b><\/td>\n<td align=\"LEFT\"><b><span style=\"color: #000000\">\u00a0<\/span><\/b><\/td>\n<td align=\"LEFT\"><b><span style=\"color: #000000\">\u00a0<\/span><\/b><\/td>\n<td align=\"LEFT\"><b><span style=\"color: #000000\">\u00a0<\/span><\/b><\/td>\n<td align=\"CENTER\"><b><span style=\"color: #000000\">\u00a0<\/span><\/b><\/td>\n<td align=\"CENTER\"><b><span style=\"color: #000000\">\u00a0<\/span><\/b><\/td>\n<td align=\"CENTER\"><b><span style=\"color: #000000\">\u00a0<\/span><\/b><\/td>\n<\/tr>\n<tr>\n<td align=\"LEFT\" height=\"19\"><b><span style=\"color: #000000\">\u00a0<\/span><\/b><\/td>\n<td align=\"LEFT\"><b><span style=\"color: #000000\">\u00a0<\/span><\/b><\/td>\n<td align=\"LEFT\"><b><span style=\"color: #000000\">\u00a0<\/span><\/b><\/td>\n<td align=\"LEFT\"><b><span style=\"color: #000000\">\u00a0<\/span><\/b><\/td>\n<td align=\"CENTER\"><b><span style=\"color: #000000\">\u00a0<\/span><\/b><\/td>\n<td align=\"CENTER\"><b><span style=\"color: #000000\">\u00a0<\/span><\/b><\/td>\n<td align=\"CENTER\"><b><span style=\"color: #000000\">\u00a0<\/span><\/b><\/td>\n<\/tr>\n<tr>\n<td align=\"LEFT\" height=\"19\"><b><span style=\"color: #000000\">\u00a0<\/span><\/b><\/td>\n<td align=\"LEFT\"><b><span style=\"color: #000000\">\u00a0<\/span><\/b><\/td>\n<td align=\"LEFT\"><b><span style=\"color: #000000\">\u00a0<\/span><\/b><\/td>\n<td align=\"LEFT\"><b><span style=\"color: #000000\">\u00a0<\/span><\/b><\/td>\n<td align=\"CENTER\"><b><span style=\"color: #000000\">\u00a0<\/span><\/b><\/td>\n<td align=\"CENTER\"><b><span style=\"color: #000000\">\u00a0<\/span><\/b><\/td>\n<td align=\"CENTER\"><b><span style=\"color: #000000\">\u00a0<\/span><\/b><\/td>\n<\/tr>\n<\/tbody>\n<\/table>\n","protected":false},"excerpt":{"rendered":"<p>T\u00e4ll\u00e4 sivulla ilmoitetaan radan varaustilanteesta. &nbsp; PVM Klo Aihe Varaaja M\u00f6kki Haulikkorata Hirvirata \u00a03.04.2016 9:00 -16:00 Tuomarikoulutus Arto X \u00a0X \u00a0 \u00a023.04.2016 9:00 -16:00 \u00a01-trap kilpailu Arto X \u00a0X \u00a0 \u00a021.5.2016 9:00 -16:00 \u00a0A-trap kilpailu Arto \u00a0X \u00a0X \u00a0 \u00a0 \u00a0 \u00a0 \u00a0 \u00a0 \u00a0 \u00a0 \u00a0 \u00a0 \u00a0 \u00a0 \u00a0 \u00a0 \u00a0 \u00a0 \u00a0 [&hellip;]<\/p>\n","protected":false},"author":1,"featured_media":0,"parent":4,"menu_order":3,"comment_status":"open","ping_status":"open","template":"","meta":{"footnotes":""},"class_list":["post-22859","page","type-page","status-publish","hentry"],"_links":{"self":[{"href":"http:\/\/veikot2.kaustinen.fi\/index.php?rest_route=\/wp\/v2\/pages\/22859","targetHints":{"allow":["GET"]}}],"collection":[{"href":"http:\/\/veikot2.kaustinen.fi\/index.php?rest_route=\/wp\/v2\/pages"}],"about":[{"href":"http:\/\/veikot2.kaustinen.fi\/index.php?rest_route=\/wp\/v2\/types\/page"}],"author":[{"embeddable":true,"href":"http:\/\/veikot2.kaustinen.fi\/index.php?rest_route=\/wp\/v2\/users\/1"}],"replies":[{"embeddable":true,"href":"http:\/\/veikot2.kaustinen.fi\/index.php?rest_route=%2Fwp%2Fv2%2Fcomments&post=22859"}],"version-history":[{"count":39,"href":"http:\/\/veikot2.kaustinen.fi\/index.php?rest_route=\/wp\/v2\/pages\/22859\/revisions"}],"predecessor-version":[{"id":26743,"href":"http:\/\/veikot2.kaustinen.fi\/index.php?rest_route=\/wp\/v2\/pages\/22859\/revisions\/26743"}],"up":[{"embeddable":true,"href":"http:\/\/veikot2.kaustinen.fi\/index.php?rest_route=\/wp\/v2\/pages\/4"}],"wp:attachment":[{"href":"http:\/\/veikot2.kaustinen.fi\/index.php?rest_route=%2Fwp%2Fv2%2Fmedia&parent=22859"}],"curies":[{"name":"wp","href":"https:\/\/api.w.org\/{rel}","templated":true}]}}