{"id":23192,"date":"2014-04-01T21:36:45","date_gmt":"2014-04-01T19:36:45","guid":{"rendered":"http:\/\/veikot.kaustinen.fi\/?page_id=23192"},"modified":"2014-04-28T22:24:01","modified_gmt":"2014-04-28T19:24:01","slug":"yleisurheilutiimi","status":"publish","type":"page","link":"http:\/\/veikot2.kaustinen.fi\/?page_id=23192","title":{"rendered":"Yleisurheilutiimi"},"content":{"rendered":"<p>Yleisurheilutiimi on valmennuksen ja kilpailutoiminnan johtoryhm\u00e4, johon kuuluvat: valmennusp\u00e4\u00e4llikk\u00f6, nuorisop\u00e4\u00e4llikk\u00f6, jaoston sihteeri ja muita jaoston valitsemia vastuuhenkil\u00f6it\u00e4. Teht\u00e4v\u00e4kentt\u00e4 sis\u00e4lt\u00e4\u00e4:<\/p>\n<ul>\n<li>Valmennuksen toimintasuunnitelman kokoamisen<\/li>\n<li>Seuran valmennusj\u00e4rjestelm\u00e4n kehitt\u00e4misen<\/li>\n<li>Toimii yhteisty\u00f6ss\u00e4 valmentajien kanssa<\/li>\n<li>P\u00e4\u00e4tt\u00e4\u00e4 joukkueista Huipentumiin, pm-kisoihin, SM-kisoihin jne.<\/li>\n<li>Valitsee vastuuhenkil\u00f6t edell\u00e4 mainittuihin kisajoukkueisiin<\/li>\n<li>Suunnittelee ja jakaa yhdess\u00e4 toiminnanjohtajan kanssa salivuorot valmennus- ja harjoitusryhmille<\/li>\n<\/ul>\n<h3>Kokoonkutsujana toimii jaoston sihteeri. Jokaiseen tiimipalaveriin kutsutaan tarvittava m\u00e4\u00e4r\u00e4 asiantuntijoita vakio kokoonpanon lis\u00e4ksi.<\/h3>\n","protected":false},"excerpt":{"rendered":"<p>Yleisurheilutiimi on valmennuksen ja kilpailutoiminnan johtoryhm\u00e4, johon kuuluvat: valmennusp\u00e4\u00e4llikk\u00f6, nuorisop\u00e4\u00e4llikk\u00f6, jaoston sihteeri ja muita jaoston valitsemia vastuuhenkil\u00f6it\u00e4. Teht\u00e4v\u00e4kentt\u00e4 sis\u00e4lt\u00e4\u00e4: Valmennuksen toimintasuunnitelman kokoamisen Seuran valmennusj\u00e4rjestelm\u00e4n kehitt\u00e4misen Toimii yhteisty\u00f6ss\u00e4 valmentajien kanssa P\u00e4\u00e4tt\u00e4\u00e4 joukkueista Huipentumiin, pm-kisoihin, SM-kisoihin jne. Valitsee vastuuhenkil\u00f6t edell\u00e4 mainittuihin kisajoukkueisiin Suunnittelee ja jakaa yhdess\u00e4 toiminnanjohtajan kanssa salivuorot valmennus- ja harjoitusryhmille Kokoonkutsujana toimii jaoston sihteeri. Jokaiseen [&hellip;]<\/p>\n","protected":false},"author":1,"featured_media":0,"parent":6,"menu_order":4,"comment_status":"open","ping_status":"open","template":"","meta":{"footnotes":""},"class_list":["post-23192","page","type-page","status-publish","hentry"],"_links":{"self":[{"href":"http:\/\/veikot2.kaustinen.fi\/index.php?rest_route=\/wp\/v2\/pages\/23192","targetHints":{"allow":["GET"]}}],"collection":[{"href":"http:\/\/veikot2.kaustinen.fi\/index.php?rest_route=\/wp\/v2\/pages"}],"about":[{"href":"http:\/\/veikot2.kaustinen.fi\/index.php?rest_route=\/wp\/v2\/types\/page"}],"author":[{"embeddable":true,"href":"http:\/\/veikot2.kaustinen.fi\/index.php?rest_route=\/wp\/v2\/users\/1"}],"replies":[{"embeddable":true,"href":"http:\/\/veikot2.kaustinen.fi\/index.php?rest_route=%2Fwp%2Fv2%2Fcomments&post=23192"}],"version-history":[{"count":3,"href":"http:\/\/veikot2.kaustinen.fi\/index.php?rest_route=\/wp\/v2\/pages\/23192\/revisions"}],"predecessor-version":[{"id":23610,"href":"http:\/\/veikot2.kaustinen.fi\/index.php?rest_route=\/wp\/v2\/pages\/23192\/revisions\/23610"}],"up":[{"embeddable":true,"href":"http:\/\/veikot2.kaustinen.fi\/index.php?rest_route=\/wp\/v2\/pages\/6"}],"wp:attachment":[{"href":"http:\/\/veikot2.kaustinen.fi\/index.php?rest_route=%2Fwp%2Fv2%2Fmedia&parent=23192"}],"curies":[{"name":"wp","href":"https:\/\/api.w.org\/{rel}","templated":true}]}}