{"id":23904,"date":"2014-06-18T15:37:03","date_gmt":"2014-06-18T12:37:03","guid":{"rendered":"http:\/\/veikot.kaustinen.fi\/?page_id=23904"},"modified":"2014-06-18T15:37:03","modified_gmt":"2014-06-18T12:37:03","slug":"matkalaskut-ja-saannot","status":"publish","type":"page","link":"http:\/\/veikot2.kaustinen.fi\/?page_id=23904","title":{"rendered":"Matkalaskut ja -s\u00e4\u00e4nn\u00f6t"},"content":{"rendered":"<p>Seuran matkalaskupohja ja matkustuss\u00e4\u00e4nn\u00f6t l\u00f6ytyv\u00e4t seuraavista linkeist\u00e4:<\/p>\n<ul>\n<li><a href=\"http:\/\/veikot.kaustinen.fi\/wp\/wp-content\/uploads\/2014\/06\/Matkustuss\u00e4\u00e4nt\u00f6-2014.pdf\">Matkustuss\u00e4\u00e4nt\u00f6 2014<\/a><\/li>\n<li><a href=\"http:\/\/veikot.kaustinen.fi\/wp\/wp-content\/uploads\/2014\/06\/Veikot_matkalasku_2014.pdf\">Seuran matkalaskupohja<\/a><\/li>\n<\/ul>\n","protected":false},"excerpt":{"rendered":"<p>Seuran matkalaskupohja ja matkustuss\u00e4\u00e4nn\u00f6t l\u00f6ytyv\u00e4t seuraavista linkeist\u00e4: Matkustuss\u00e4\u00e4nt\u00f6 2014 Seuran matkalaskupohja<\/p>\n","protected":false},"author":1,"featured_media":0,"parent":19240,"menu_order":1,"comment_status":"open","ping_status":"open","template":"","meta":{"footnotes":""},"class_list":["post-23904","page","type-page","status-publish","hentry"],"_links":{"self":[{"href":"http:\/\/veikot2.kaustinen.fi\/index.php?rest_route=\/wp\/v2\/pages\/23904","targetHints":{"allow":["GET"]}}],"collection":[{"href":"http:\/\/veikot2.kaustinen.fi\/index.php?rest_route=\/wp\/v2\/pages"}],"about":[{"href":"http:\/\/veikot2.kaustinen.fi\/index.php?rest_route=\/wp\/v2\/types\/page"}],"author":[{"embeddable":true,"href":"http:\/\/veikot2.kaustinen.fi\/index.php?rest_route=\/wp\/v2\/users\/1"}],"replies":[{"embeddable":true,"href":"http:\/\/veikot2.kaustinen.fi\/index.php?rest_route=%2Fwp%2Fv2%2Fcomments&post=23904"}],"version-history":[{"count":1,"href":"http:\/\/veikot2.kaustinen.fi\/index.php?rest_route=\/wp\/v2\/pages\/23904\/revisions"}],"predecessor-version":[{"id":23905,"href":"http:\/\/veikot2.kaustinen.fi\/index.php?rest_route=\/wp\/v2\/pages\/23904\/revisions\/23905"}],"up":[{"embeddable":true,"href":"http:\/\/veikot2.kaustinen.fi\/index.php?rest_route=\/wp\/v2\/pages\/19240"}],"wp:attachment":[{"href":"http:\/\/veikot2.kaustinen.fi\/index.php?rest_route=%2Fwp%2Fv2%2Fmedia&parent=23904"}],"curies":[{"name":"wp","href":"https:\/\/api.w.org\/{rel}","templated":true}]}}