{"id":3472,"date":"2013-10-13T19:44:45","date_gmt":"2013-10-13T19:44:45","guid":{"rendered":"http:\/\/veikot.kaustinen.fi\/wordpress\/?page_id=3472"},"modified":"2016-03-13T08:11:29","modified_gmt":"2016-03-13T06:11:29","slug":"nikulan-moukaritilasto","status":"publish","type":"page","link":"http:\/\/veikot2.kaustinen.fi\/?page_id=3472","title":{"rendered":"Nikulan moukaritilasto"},"content":{"rendered":"<h4>Nikulan heittopaikan moukaritilasto<\/h4>\n<table>\n<tbody>\n<tr>\n<td>Miehet<\/td>\n<td>Kriszi\u00e1n Pars<\/td>\n<td>HUN<\/td>\n<td>81.09<\/td>\n<td>28.06.2008<\/td>\n<\/tr>\n<tr>\n<td>Naiset<\/td>\n<td>Sini P\u00f6yry<\/td>\n<td>KaukVoima<\/td>\n<td>69.16<\/td>\n<td>01.07.2004<\/td>\n<\/tr>\n<tr>\n<td>M-22<\/td>\n<td>Olli-Pekka Karjalainen<\/td>\n<td>T\u00f6ysVe<\/td>\n<td>78.72<\/td>\n<td>06.07.2002<\/td>\n<\/tr>\n<tr>\n<td>N-22<\/td>\n<td>Inga Linna<\/td>\n<td>RiihimKi<\/td>\n<td>68,25<\/td>\n<td>27.06.2015<\/td>\n<\/tr>\n<tr>\n<td>M-19 (6,25)<\/td>\n<td>Mika Savim\u00e4ki<\/td>\n<td>RP<\/td>\n<td>71.18<\/td>\n<td>22.05.1996<\/td>\n<\/tr>\n<tr>\n<td>M-19 (6,0)<\/td>\n<td>Aleksi Jaakkola<\/td>\n<td>NokU<\/td>\n<td>76,38<\/td>\n<td>20.02.2016<\/td>\n<\/tr>\n<tr>\n<td>N-19<\/td>\n<td>Sini P\u00f6yry<\/td>\n<td>KaukVoima<\/td>\n<td>63.28<\/td>\n<td>10.07.1999<\/td>\n<\/tr>\n<tr>\n<td>M-17 (5,44)<\/td>\n<td>Jari Polvi<\/td>\n<td>YK<\/td>\n<td>75.78<\/td>\n<td>19.09.1998<\/td>\n<\/tr>\n<tr>\n<td>M-17 (5,0)<\/td>\n<td>Ilmari Lahtinen<\/td>\n<td>NoorNo<\/td>\n<td>76.02<\/td>\n<td>01.07.2010<\/td>\n<\/tr>\n<tr>\n<td>N-17 (4,0)<\/td>\n<td>Erica Ekholm<\/td>\n<td>NoorNo<\/td>\n<td>58.32<\/td>\n<td>26.06.2008<\/td>\n<\/tr>\n<tr>\n<td>N-17 (3,0)<\/td>\n<td>Kiira V\u00e4\u00e4n\u00e4nen<\/td>\n<td>VarpVi<\/td>\n<td>66.98<\/td>\n<td>20.02.2016<\/td>\n<\/tr>\n<tr>\n<td>P-15<\/td>\n<td>Marko J\u00e4rvinen<\/td>\n<td>PetPet<\/td>\n<td>73.85<\/td>\n<td>25.09.2010<\/td>\n<\/tr>\n<tr>\n<td>T-15 (2,5)<\/td>\n<td>Heidi Mahlanen<\/td>\n<td>ViialV<\/td>\n<td>56.75<\/td>\n<td>06.07.2000<\/td>\n<\/tr>\n<tr>\n<td>T-15 (3,0)<\/td>\n<td>Kiira V\u00e4\u00e4n\u00e4nen<\/td>\n<td>VarpVi<\/td>\n<td>66.52<\/td>\n<td>26.06.2014<\/td>\n<\/tr>\n<tr>\n<td>P-14<\/td>\n<td>Waltteri Lahtinen<\/td>\n<td>NoorNo<\/td>\n<td>63.06<\/td>\n<td>25.06.2009<\/td>\n<\/tr>\n<tr>\n<td>T-14 (2,5)<\/td>\n<td>Heidi Mahlanen<\/td>\n<td>ViialVi<\/td>\n<td>52.16<\/td>\n<td>08.07.1999<\/td>\n<\/tr>\n<tr>\n<td>T-14 (3,0)<\/td>\n<td>Kiira V\u00e4\u00e4n\u00e4nen<\/td>\n<td>VarpVi<\/td>\n<td>55.41<\/td>\n<td>23.02.2013<\/td>\n<\/tr>\n<tr>\n<td>P-13<\/td>\n<td>Kai R\u00e4s\u00e4nen<\/td>\n<td>Pyh\u00e4sU<\/td>\n<td>59.43<\/td>\n<td>03.07.2003<\/td>\n<\/tr>\n<tr>\n<td>T-13<\/td>\n<td>Junia Koivu<\/td>\n<td>IF L\u00e4nken<\/td>\n<td>49.38<\/td>\n<td>29.06.2006<\/td>\n<\/tr>\n<tr>\n<td>P-11<\/td>\n<td>Oskari Lahtinen<\/td>\n<td>NoorN<\/td>\n<td>38.43<\/td>\n<td>17.06.2012<\/td>\n<\/tr>\n<tr>\n<td>T-11 (2,5)<\/td>\n<td>Suvi Koskinen<\/td>\n<td>KarhKa<\/td>\n<td>41.70<\/td>\n<td>29.06.2008<\/td>\n<\/tr>\n<\/tbody>\n<\/table>\n","protected":false},"excerpt":{"rendered":"<p>Nikulan heittopaikan moukaritilasto Miehet Kriszi\u00e1n Pars HUN 81.09 28.06.2008 Naiset Sini P\u00f6yry KaukVoima 69.16 01.07.2004 M-22 Olli-Pekka Karjalainen T\u00f6ysVe 78.72 06.07.2002 N-22 Inga Linna RiihimKi 68,25 27.06.2015 M-19 (6,25) Mika Savim\u00e4ki RP 71.18 22.05.1996 M-19 (6,0) Aleksi Jaakkola NokU 76,38 20.02.2016 N-19 Sini P\u00f6yry KaukVoima 63.28 10.07.1999 M-17 (5,44) Jari Polvi YK 75.78 19.09.1998 M-17 [&hellip;]<\/p>\n","protected":false},"author":1,"featured_media":0,"parent":6,"menu_order":13,"comment_status":"closed","ping_status":"open","template":"","meta":{"footnotes":""},"class_list":["post-3472","page","type-page","status-publish","hentry"],"_links":{"self":[{"href":"http:\/\/veikot2.kaustinen.fi\/index.php?rest_route=\/wp\/v2\/pages\/3472","targetHints":{"allow":["GET"]}}],"collection":[{"href":"http:\/\/veikot2.kaustinen.fi\/index.php?rest_route=\/wp\/v2\/pages"}],"about":[{"href":"http:\/\/veikot2.kaustinen.fi\/index.php?rest_route=\/wp\/v2\/types\/page"}],"author":[{"embeddable":true,"href":"http:\/\/veikot2.kaustinen.fi\/index.php?rest_route=\/wp\/v2\/users\/1"}],"replies":[{"embeddable":true,"href":"http:\/\/veikot2.kaustinen.fi\/index.php?rest_route=%2Fwp%2Fv2%2Fcomments&post=3472"}],"version-history":[{"count":5,"href":"http:\/\/veikot2.kaustinen.fi\/index.php?rest_route=\/wp\/v2\/pages\/3472\/revisions"}],"predecessor-version":[{"id":26763,"href":"http:\/\/veikot2.kaustinen.fi\/index.php?rest_route=\/wp\/v2\/pages\/3472\/revisions\/26763"}],"up":[{"embeddable":true,"href":"http:\/\/veikot2.kaustinen.fi\/index.php?rest_route=\/wp\/v2\/pages\/6"}],"wp:attachment":[{"href":"http:\/\/veikot2.kaustinen.fi\/index.php?rest_route=%2Fwp%2Fv2%2Fmedia&parent=3472"}],"curies":[{"name":"wp","href":"https:\/\/api.w.org\/{rel}","templated":true}]}}