{"id":3475,"date":"2013-10-13T19:46:07","date_gmt":"2013-10-13T19:46:07","guid":{"rendered":"http:\/\/veikot.kaustinen.fi\/wordpress\/?page_id=3475"},"modified":"2014-08-12T12:40:21","modified_gmt":"2014-08-12T09:40:21","slug":"naisten-yu-tilasto","status":"publish","type":"page","link":"http:\/\/veikot2.kaustinen.fi\/?page_id=3475","title":{"rendered":"Naisten seuraenn\u00e4tykset"},"content":{"rendered":"<h4>100 m<\/h4>\n<table>\n<tbody>\n<tr>\n<td>Yleinen<\/td>\n<td>Suvi Kattilakoski<\/td>\n<td>84<\/td>\n<td>12,68<\/td>\n<td>Helsinki 29.08.1998<\/td>\n<\/tr>\n<tr>\n<td>N-22<\/td>\n<td>Suvi Kattilakoski<\/td>\n<td>84<\/td>\n<td>12,68<\/td>\n<td>Helsinki 29.08.1998<\/td>\n<\/tr>\n<tr>\n<td>N-19<\/td>\n<td>Suvi Kattilakoski<\/td>\n<td>84<\/td>\n<td>12,68<\/td>\n<td>Helsinki 29.08.1998<\/td>\n<\/tr>\n<tr>\n<td>N-17<\/td>\n<td>Suvi Kattilakoski<\/td>\n<td>84<\/td>\n<td>12,68<\/td>\n<td>Helsinki 29.08.1998<\/td>\n<\/tr>\n<tr>\n<td><\/td>\n<\/tr>\n<\/tbody>\n<\/table>\n<h4>200 m<\/h4>\n<table>\n<tbody>\n<tr>\n<td>Yleinen<\/td>\n<td>Mari J\u00e4rvenp\u00e4\u00e4<\/td>\n<td>81<\/td>\n<td>26,32<\/td>\n<td>Kuortane 25.08.1999<\/td>\n<\/tr>\n<tr>\n<td>N-22<\/td>\n<td>Mari J\u00e4rvenp\u00e4\u00e4<\/td>\n<td>81<\/td>\n<td>26,32<\/td>\n<td>Kuortane 25.08.1999<\/td>\n<\/tr>\n<tr>\n<td>N-19<\/td>\n<td>Mari J\u00e4rvenp\u00e4\u00e4<\/td>\n<td>81<\/td>\n<td>26,32<\/td>\n<td>Kuortane 25.08.1999<\/td>\n<\/tr>\n<tr>\n<td>N-17<\/td>\n<td>Annika Kattilakoski<\/td>\n<td>85<\/td>\n<td>26,48<\/td>\n<td>Veteli 03.09.2002<\/td>\n<\/tr>\n<tr>\n<td><\/td>\n<\/tr>\n<\/tbody>\n<\/table>\n<h4>300 m<\/h4>\n<table>\n<tbody>\n<tr>\n<td>T-17<\/td>\n<td>Annika Kattilakoski<\/td>\n<td>85<\/td>\n<td>41,95<\/td>\n<td>Kauhava 08.08.2002<\/td>\n<\/tr>\n<tr>\n<td><\/td>\n<\/tr>\n<\/tbody>\n<\/table>\n<h4>400 m<\/h4>\n<table>\n<tbody>\n<tr>\n<td>Yleinen<\/td>\n<td>Minna J\u00e4rvenp\u00e4\u00e4<\/td>\n<td>81<\/td>\n<td>56,02<\/td>\n<td>G\u00f6teborg 04.09.99<\/td>\n<\/tr>\n<tr>\n<td>N-22<\/td>\n<td>Minna J\u00e4rvenp\u00e4\u00e4<\/td>\n<td>81<\/td>\n<td>56,02<\/td>\n<td>G\u00f6teborg 04.09.99<\/td>\n<\/tr>\n<tr>\n<td>N-19<\/td>\n<td>Minna J\u00e4rvenp\u00e4\u00e4<\/td>\n<td>81<\/td>\n<td>56,02<\/td>\n<td>G\u00f6teborg 04.09.99<\/td>\n<\/tr>\n<tr>\n<td>N-17<\/td>\n<td>Mari J\u00e4rvenp\u00e4\u00e4<\/td>\n<td>81<\/td>\n<td>56,74<\/td>\n<td>Helsinki 15.08.1998<\/td>\n<\/tr>\n<tr>\n<td><\/td>\n<\/tr>\n<\/tbody>\n<\/table>\n<h4>800m<\/h4>\n<table>\n<tbody>\n<tr>\n<td>Yleinen<\/td>\n<td>Mari J\u00e4rvenp\u00e4\u00e4<\/td>\n<td>81<\/td>\n<td>2.08,88<\/td>\n<td>Orimattila 15.08.99<\/td>\n<\/tr>\n<tr>\n<td>N-22<\/td>\n<td>Mari J\u00e4rvenp\u00e4\u00e4<\/td>\n<td>81<\/td>\n<td>2.08,88<\/td>\n<td>Orimattila 15.08.99<\/td>\n<\/tr>\n<tr>\n<td>N-19<\/td>\n<td>Mari J\u00e4rvenp\u00e4\u00e4<\/td>\n<td>81<\/td>\n<td>2.08,88<\/td>\n<td>Orimattila 15.08.99<\/td>\n<\/tr>\n<tr>\n<td>N-17<\/td>\n<td>Mari J\u00e4rvenp\u00e4\u00e4<\/td>\n<td>81<\/td>\n<td>2.10,15<\/td>\n<td>Helsinki 16.08.1998<\/td>\n<\/tr>\n<tr>\n<td><\/td>\n<\/tr>\n<\/tbody>\n<\/table>\n<h4>1500m<\/h4>\n<table>\n<tbody>\n<tr>\n<td>Yleinen<\/td>\n<td>Mari J\u00e4rvenp\u00e4\u00e4<\/td>\n<td>81<\/td>\n<td>4.21,60<\/td>\n<td>Lohja 18.07.99<\/td>\n<\/tr>\n<tr>\n<td>N-22<\/td>\n<td>Mari J\u00e4rvenp\u00e4\u00e4<\/td>\n<td>81<\/td>\n<td>4.21,60<\/td>\n<td>Lohja 18.07.99<\/td>\n<\/tr>\n<tr>\n<td>N-19<\/td>\n<td>Mari J\u00e4rvenp\u00e4\u00e4<\/td>\n<td>81<\/td>\n<td>4.21,60<\/td>\n<td>Lohja 18.07.99<\/td>\n<\/tr>\n<tr>\n<td>N-17<\/td>\n<td>Mari J\u00e4rvenp\u00e4\u00e4<\/td>\n<td>81<\/td>\n<td>4.25,70<\/td>\n<td>Oulu 07.08.98<\/td>\n<\/tr>\n<tr>\n<td><\/td>\n<\/tr>\n<\/tbody>\n<\/table>\n<h4>3000m<\/h4>\n<table>\n<tbody>\n<tr>\n<td>Yleinen<\/td>\n<td>Mari J\u00e4rvenp\u00e4\u00e4<\/td>\n<td>81<\/td>\n<td>9.48,08<\/td>\n<td>Saarij\u00e4rvi 21.06.1997<\/td>\n<\/tr>\n<tr>\n<td>N-22<\/td>\n<td>Mari J\u00e4rvenp\u00e4\u00e4<\/td>\n<td>81<\/td>\n<td>9.48,08<\/td>\n<td>97<\/td>\n<\/tr>\n<tr>\n<td>N-19<\/td>\n<td>Mari J\u00e4rvenp\u00e4\u00e4<\/td>\n<td>81<\/td>\n<td>9.48,08<\/td>\n<td>97<\/td>\n<\/tr>\n<tr>\n<td>N-17<\/td>\n<td>Mari J\u00e4rvenp\u00e4\u00e4<\/td>\n<td>81<\/td>\n<td>9.48,08<\/td>\n<td>97<\/td>\n<\/tr>\n<tr>\n<td><\/td>\n<\/tr>\n<\/tbody>\n<\/table>\n<h4>5000m<\/h4>\n<table>\n<tbody>\n<tr>\n<td>Yleinen<\/td>\n<td>Riikka Mustonen<\/td>\n<td>82<\/td>\n<td>17.46,04<\/td>\n<td>Saarij\u00e4rvi 23.06.2001<\/td>\n<\/tr>\n<tr>\n<td>N-22<\/td>\n<td>Riikka Mustonen<\/td>\n<td>82<\/td>\n<td>17.46,04<\/td>\n<td>Saarij\u00e4rvi 23.06.2001<\/td>\n<\/tr>\n<tr>\n<td><\/td>\n<\/tr>\n<\/tbody>\n<\/table>\n<h4>Puolimaraton<\/h4>\n<table>\n<tbody>\n<tr>\n<td>Yleinen<\/td>\n<td>Riikka Mustonen<\/td>\n<td>82<\/td>\n<td>1.32,32<\/td>\n<td>Kuopio 04.09.2004<\/td>\n<td><\/td>\n<\/tr>\n<tr>\n<td><\/td>\n<\/tr>\n<\/tbody>\n<\/table>\n<h4>Maraton<\/h4>\n<table>\n<tbody>\n<tr>\n<td>Yleinen<\/td>\n<td>Annina K\u00e4ns\u00e4l\u00e4<\/td>\n<td><\/td>\n<td>69<\/td>\n<td>3.50,44<\/td>\n<td>Pietarsaari 23.07.99<\/td>\n<td><\/td>\n<\/tr>\n<tr>\n<td><\/td>\n<\/tr>\n<\/tbody>\n<\/table>\n<h4>100m aidat<\/h4>\n<table>\n<tbody>\n<tr>\n<td>Yleinen<\/td>\n<td>Minna Virkkala<\/td>\n<td>67<\/td>\n<td>15,68<\/td>\n<td>Kokkola 17.06.1984<\/td>\n<\/tr>\n<tr>\n<td>N-22<\/td>\n<td>Minna Virkkala<\/td>\n<td>67<\/td>\n<td>15,68<\/td>\n<td>84<\/td>\n<\/tr>\n<tr>\n<td>N-19<\/td>\n<td>Minna Virkkala<\/td>\n<td>67<\/td>\n<td>15,68<\/td>\n<td>84<\/td>\n<\/tr>\n<tr>\n<td>N-17<\/td>\n<td>Minna Virkkala<\/td>\n<td>67<\/td>\n<td>15,68<\/td>\n<td>84<\/td>\n<\/tr>\n<tr>\n<td>N-17(76,2cm)<\/td>\n<td>Suvi Kattilakoski<\/td>\n<td>84<\/td>\n<td>14,52<\/td>\n<td>Norja 15.07.2000<\/td>\n<\/tr>\n<tr>\n<td><\/td>\n<\/tr>\n<\/tbody>\n<\/table>\n<h4>300m aidat<\/h4>\n<table>\n<tbody>\n<tr>\n<td>N-17<\/td>\n<td>Suvi Kattilakoski<\/td>\n<td>84<\/td>\n<td>44,96<\/td>\n<td>Jyv\u00e4skyl\u00e4 06.08.2000<\/td>\n<\/tr>\n<tr>\n<td><\/td>\n<\/tr>\n<\/tbody>\n<\/table>\n<h4>400m aidat<\/h4>\n<table>\n<tbody>\n<tr>\n<td>Yleinen<\/td>\n<td>Suvi Kattilakoski<\/td>\n<td>84<\/td>\n<td>66,49<\/td>\n<td>Puola Bialystok 26.08.2000<\/td>\n<\/tr>\n<tr>\n<td>N-22<\/td>\n<td>Suvi Kattilakoski<\/td>\n<td>84<\/td>\n<td>66,49<\/td>\n<td>Puola Bialystok 26.08.2000<\/td>\n<\/tr>\n<tr>\n<td>N-19<\/td>\n<td>Suvi Kattilakoski<\/td>\n<td>84<\/td>\n<td>66,49<\/td>\n<td>Puola Bialystok 26.08.2000<\/td>\n<\/tr>\n<tr>\n<td><\/td>\n<\/tr>\n<\/tbody>\n<\/table>\n<h4>1500m esteet<\/h4>\n<table>\n<tbody>\n<tr>\n<td>N-17<\/td>\n<td>Anni Mattila<\/td>\n<td>90<\/td>\n<td>6.05,41<\/td>\n<td>Kannus 08.08.2006<\/td>\n<\/tr>\n<tr>\n<td><\/td>\n<\/tr>\n<\/tbody>\n<\/table>\n<h4>2000m esteet<\/h4>\n<table>\n<tbody>\n<tr>\n<td>Yleinen<\/td>\n<td>Marika J\u00e4nk\u00e4<\/td>\n<td>83<\/td>\n<td>7.09,11<\/td>\n<td>G\u00f6teborg 01.09.2001<\/td>\n<\/tr>\n<tr>\n<td><\/td>\n<\/tr>\n<\/tbody>\n<\/table>\n<h4>3000m esteet<\/h4>\n<table>\n<tbody>\n<tr>\n<td>Yleinen<\/td>\n<td>Marika J\u00e4nk\u00e4<\/td>\n<td>83<\/td>\n<td>11.14,40<\/td>\n<td>Peders\u00f6re 03.06.2003<\/td>\n<\/tr>\n<tr>\n<td><\/td>\n<\/tr>\n<\/tbody>\n<\/table>\n<h4>Korkeus<\/h4>\n<table>\n<tbody>\n<tr>\n<td>Yleinen<\/td>\n<td>Minna Virkkala<\/td>\n<td>67<\/td>\n<td>161<\/td>\n<td>H\u00e4meenlinna 27.07.1985<\/td>\n<\/tr>\n<tr>\n<td>N-22<\/td>\n<td>Minna Virkkala<\/td>\n<td>67<\/td>\n<td>161<\/td>\n<td>H\u00e4meenlinna 27.07.1985<\/td>\n<\/tr>\n<tr>\n<td>N-19<\/td>\n<td>Minna Virkkala<\/td>\n<td>67<\/td>\n<td>161<\/td>\n<td>H\u00e4meenlinna 27.07.1985<\/td>\n<\/tr>\n<tr>\n<td>N-17<\/td>\n<td>Minna Virkkala<\/td>\n<td>67<\/td>\n<td>160<\/td>\n<td>Kalajoki 10.07.1984<\/td>\n<\/tr>\n<tr>\n<td><\/td>\n<\/tr>\n<\/tbody>\n<\/table>\n<h4>Pituus<\/h4>\n<table>\n<tbody>\n<tr>\n<td>Yleinen<\/td>\n<td>Suvi Kattilakoski<\/td>\n<td>84<\/td>\n<td>614<\/td>\n<td>J\u00e4ms\u00e4nkoski 30.06.2007<\/td>\n<\/tr>\n<tr>\n<td>N-22<\/td>\n<td>Suvi Kattilakoski<\/td>\n<td>84<\/td>\n<td>609<\/td>\n<td>Tornio 16.08.2003<\/td>\n<\/tr>\n<tr>\n<td>N-19<\/td>\n<td>Suvi Kattilakoski<\/td>\n<td>84<\/td>\n<td>609<\/td>\n<td>Tornio 16.08.2003<\/td>\n<\/tr>\n<tr>\n<td>N-17<\/td>\n<td>Suvi Kattilakoski<\/td>\n<td>84<\/td>\n<td>584<\/td>\n<td>Savonlinna 14.08.1999<\/td>\n<\/tr>\n<tr>\n<td><\/td>\n<\/tr>\n<\/tbody>\n<\/table>\n<h4>3-loikka<\/h4>\n<table>\n<tbody>\n<tr>\n<td>Yleinen<\/td>\n<td>Suvi Kattilakoski<\/td>\n<td>84<\/td>\n<td>11.42<\/td>\n<td>Jyv\u00e4skyl\u00e4 01.07.2000<\/td>\n<\/tr>\n<tr>\n<td>N-22<\/td>\n<td>Suvi Kattilakoski<\/td>\n<td>84<\/td>\n<td>11.42<\/td>\n<td>Jyv\u00e4skyl\u00e4 01.07.2000<\/td>\n<\/tr>\n<tr>\n<td>N-19<\/td>\n<td>Suvi Kattilakoski<\/td>\n<td>84<\/td>\n<td>11.42<\/td>\n<td>Jyv\u00e4skyl\u00e4 01.07.2000<\/td>\n<\/tr>\n<tr>\n<td>N-17<\/td>\n<td>Suvi Kattilakoski<\/td>\n<td>84<\/td>\n<td>11.42<\/td>\n<td>Jyv\u00e4skyl\u00e4 01.07.2000<\/td>\n<\/tr>\n<tr>\n<td><\/td>\n<\/tr>\n<\/tbody>\n<\/table>\n<h4>Kuula<\/h4>\n<table>\n<tbody>\n<tr>\n<td>Yleinen<\/td>\n<td>Katja Ylisoini<\/td>\n<td>68<\/td>\n<td>14,09<\/td>\n<td>Alah\u00e4rm\u00e4 09.07.1987<\/td>\n<\/tr>\n<tr>\n<td>N-22<\/td>\n<td>Katja Ylisoini<\/td>\n<td>68<\/td>\n<td>14,09<\/td>\n<td>Alah\u00e4rm\u00e4 09.07.1987<\/td>\n<\/tr>\n<tr>\n<td>N-19<\/td>\n<td>Katja Ylisoini<\/td>\n<td>68<\/td>\n<td>14,09<\/td>\n<td>Alah\u00e4rm\u00e4 09.07.1987<\/td>\n<\/tr>\n<tr>\n<td>N-17 4kg<\/td>\n<td>Tuula Hirvi<\/td>\n<td>73<\/td>\n<td>13,16<\/td>\n<td>Perho 18.08.1988<\/td>\n<\/tr>\n<tr>\n<td>N-17 3kg<\/td>\n<td>Tuula Hirvi<\/td>\n<td>73<\/td>\n<td>15,76<\/td>\n<td>Tallinna 04.09.1988<\/td>\n<\/tr>\n<tr>\n<td><\/td>\n<\/tr>\n<\/tbody>\n<\/table>\n<h4>Kiekko<\/h4>\n<table>\n<tbody>\n<tr>\n<td>Yleinen<\/td>\n<td>Riitta Br\u00e4nk\u00e4rr(Salo)<\/td>\n<td>63<\/td>\n<td>52,86<\/td>\n<td>Tukholma 20.08.1989<\/td>\n<\/tr>\n<tr>\n<td>N-22<\/td>\n<td>Riitta Salo<\/td>\n<td>63<\/td>\n<td>52,74<\/td>\n<td>Kannus 07.07.1985<\/td>\n<\/tr>\n<tr>\n<td>N-19<\/td>\n<td>Riitta Salo<\/td>\n<td>63<\/td>\n<td>48,66<\/td>\n<td>Kokkola 31.08.1982<\/td>\n<\/tr>\n<tr>\n<td>N-17<\/td>\n<td>Riitta Salo<\/td>\n<td>63<\/td>\n<td>47,14<\/td>\n<td>Kokkola 09.09.1980<\/td>\n<\/tr>\n<tr>\n<td><\/td>\n<\/tr>\n<\/tbody>\n<\/table>\n<h4>Moukari<\/h4>\n<table>\n<tbody>\n<tr bgcolor=\"lightgreen\">\n<td>Yleinen<\/td>\n<td>Jenni Penttil\u00e4<\/td>\n<td>91<\/td>\n<td>66,12<\/td>\n<td>Pudasj\u00e4rvi 19.06.2014<\/td>\n<\/tr>\n<tr>\n<td>N-22<\/td>\n<td>Jenni Penttil\u00e4<\/td>\n<td>91<\/td>\n<td>65,74<\/td>\n<td>Kaustinen 16.06.2012<\/td>\n<\/tr>\n<tr>\n<td>N-19<\/td>\n<td>Jenni Penttil\u00e4<\/td>\n<td>91<\/td>\n<td>61,03<\/td>\n<td>Kaustinen 1.7.2010<\/td>\n<\/tr>\n<tr>\n<td>N-17<\/td>\n<td>Jenni Penttil\u00e4<\/td>\n<td>91<\/td>\n<td>56,20<\/td>\n<td>Kaustinen 09.08.2008<\/td>\n<\/tr>\n<tr>\n<td><\/td>\n<\/tr>\n<\/tbody>\n<\/table>\n<h4>Keih\u00e4s vanha malli<\/h4>\n<table>\n<tbody>\n<tr>\n<td>Yleinen<\/td>\n<td>Marke Myllym\u00e4ki<\/td>\n<td>70<\/td>\n<td>40,36<\/td>\n<td>Nivala 04.07.1987<\/td>\n<\/tr>\n<tr>\n<td>N-22<\/td>\n<td>Marke Myllym\u00e4ki<\/td>\n<td>70<\/td>\n<td>40,36<\/td>\n<td>Nivala 04.07.1987<\/td>\n<\/tr>\n<tr>\n<td>N-19<\/td>\n<td>Marke Myllym\u00e4ki<\/td>\n<td>70<\/td>\n<td>40,36<\/td>\n<td>Nivala 04.07.1987<\/td>\n<\/tr>\n<tr>\n<td>N-17<\/td>\n<td>Marke Myllym\u00e4ki<\/td>\n<td>70<\/td>\n<td>40,36<\/td>\n<td>Nivala 04.07.1987<\/td>\n<\/tr>\n<tr>\n<td><\/td>\n<\/tr>\n<\/tbody>\n<\/table>\n<h4>Keih\u00e4s uusi malli<\/h4>\n<table>\n<tbody>\n<tr>\n<td>N-17<\/td>\n<td>Suvi Kattilakoski<\/td>\n<td>1984<\/td>\n<td>39,41<\/td>\n<td>Modum NOR 16.7.2000<\/td>\n<\/tr>\n<tr>\n<td>N-19<\/td>\n<td>Heli Jokela<\/td>\n<td>1994<\/td>\n<td>42,34<\/td>\n<td>Kuortane\u00a020.05.2013<\/td>\n<\/tr>\n<tr bgcolor=\"lightgreen\">\n<td>N-22<\/td>\n<td>Heli Jokela<\/td>\n<td>1994<\/td>\n<td>45,81<\/td>\n<td>Sein\u00e4joki 09.08.2014<\/td>\n<\/tr>\n<tr>\n<td><\/td>\n<\/tr>\n<\/tbody>\n<\/table>\n<h4>5-ottelu<\/h4>\n<table>\n<tbody>\n<tr>\n<td>N-15<\/td>\n<td>Suvi Kattilakoski<\/td>\n<td>1984<\/td>\n<td>2812<\/td>\n<td>09.1999. SE<\/td>\n<\/tr>\n<tr>\n<td><\/td>\n<\/tr>\n<\/tbody>\n<\/table>\n<h4>7-ottelu<\/h4>\n<table>\n<tbody>\n<tr>\n<td>N-17<\/td>\n<td>Suvi Kattilakoski<\/td>\n<td>1984<\/td>\n<td>5061<\/td>\n<td>Norja 16.07.2000<\/td>\n<\/tr>\n<tr>\n<td><\/td>\n<\/tr>\n<\/tbody>\n<\/table>\n<h4>4x100m<\/h4>\n<table>\n<tbody>\n<tr>\n<td>Yleinen<\/td>\n<td>Saija Hiekka, Suvi Kattilakoski, Mari J\u00e4rvenp\u00e4\u00e4, Minna J\u00e4rvenp\u00e4\u00e4<\/td>\n<td>50,79<\/td>\n<td>Nivala 16.06.1998<\/td>\n<\/tr>\n<tr>\n<td>N-19<\/td>\n<td>Saija Hiekka, Suvi Kattilakoski, Mari J\u00e4rvenp\u00e4\u00e4, Minna J\u00e4rvenp\u00e4\u00e4<\/td>\n<td>50,79<\/td>\n<td>Nivala 16.06.1998<\/td>\n<\/tr>\n<tr>\n<td>N-17<\/td>\n<td>Saija Hiekka, Suvi Kattilakoski, Mari J\u00e4rvenp\u00e4\u00e4, Minna J\u00e4rvenp\u00e4\u00e4<\/td>\n<td>50,79<\/td>\n<td>Nivala 16.06.1998<\/td>\n<\/tr>\n<tr>\n<td><\/td>\n<\/tr>\n<\/tbody>\n<\/table>\n<h4>4x300m<\/h4>\n<table>\n<tbody>\n<tr>\n<td>N-17<\/td>\n<td>Saija Hiekka, Annika Kattilakoski, Suvi Pajunen, Suvi Kattilakoski<\/td>\n<td>2.57,17<\/td>\n<td>K\u00e4lvi\u00e4 23.06.1999<\/td>\n<\/tr>\n<tr>\n<td><\/td>\n<\/tr>\n<\/tbody>\n<\/table>\n<h4>4x400m<\/h4>\n<table>\n<tbody>\n<tr>\n<td>Yleinen<\/td>\n<td>Minna J\u00e4rvenp\u00e4\u00e4, Suvi Pajunen, Suvi Kattilakoski, Mari J\u00e4rvenp\u00e4\u00e4<\/td>\n<td>3.55,35<\/td>\n<td>Karhula 11.07.99<\/td>\n<\/tr>\n<tr>\n<td>N-19<\/td>\n<td>Minna J\u00e4rvenp\u00e4\u00e4, Suvi Pajunen, Suvi Kattilakoski, Mari J\u00e4rvenp\u00e4\u00e4<\/td>\n<td>3.55,35<\/td>\n<td>Karhula 11.07.99<\/td>\n<\/tr>\n<tr>\n<td>N-17<\/td>\n<td>Minna J\u00e4rvenp\u00e4\u00e4, Riikka Mustonen, Suvi Kattilakoski, Mari J\u00e4rvenp\u00e4\u00e4<\/td>\n<td>3.55,44<\/td>\n<td>Vammala 05.07.1998<\/td>\n<\/tr>\n<tr>\n<td><\/td>\n<\/tr>\n<\/tbody>\n<\/table>\n<h4>4x800m<\/h4>\n<table>\n<tbody>\n<tr>\n<td>Yleinen<\/td>\n<td>Riikka Mustonen, Suvi Pajunen, Minna J\u00e4rvenp\u00e4\u00e4, Mari J\u00e4rvenp\u00e4\u00e4<\/td>\n<td>9.15,58<\/td>\n<td>Karhula 10.07.99<\/td>\n<\/tr>\n<tr>\n<td>N-19<\/td>\n<td>Riikka Mustonen, Suvi Pajunen, Minna J\u00e4rvenp\u00e4\u00e4, Mari J\u00e4rvenp\u00e4\u00e4<\/td>\n<td>9.15,58<\/td>\n<td>Karhula 10.07.99<\/td>\n<\/tr>\n<tr>\n<td>N-17<\/td>\n<td>Riikka Mustonen, Suvi Pajunen, Minna J\u00e4rvenp\u00e4\u00e4, Mari J\u00e4rvenp\u00e4\u00e4<\/td>\n<td>9.18,28<\/td>\n<td>Vammala 04.07.1998<\/td>\n<\/tr>\n<\/tbody>\n<\/table>\n<p>&nbsp;<\/p>\n","protected":false},"excerpt":{"rendered":"<p>100 m Yleinen Suvi Kattilakoski 84 12,68 Helsinki 29.08.1998 N-22 Suvi Kattilakoski 84 12,68 Helsinki 29.08.1998 N-19 Suvi Kattilakoski 84 12,68 Helsinki 29.08.1998 N-17 Suvi Kattilakoski 84 12,68 Helsinki 29.08.1998 200 m Yleinen Mari J\u00e4rvenp\u00e4\u00e4 81 26,32 Kuortane 25.08.1999 N-22 Mari J\u00e4rvenp\u00e4\u00e4 81 26,32 Kuortane 25.08.1999 N-19 Mari J\u00e4rvenp\u00e4\u00e4 81 26,32 Kuortane 25.08.1999 N-17 Annika [&hellip;]<\/p>\n","protected":false},"author":1,"featured_media":0,"parent":6,"menu_order":10,"comment_status":"closed","ping_status":"closed","template":"","meta":{"footnotes":""},"class_list":["post-3475","page","type-page","status-publish","hentry"],"_links":{"self":[{"href":"http:\/\/veikot2.kaustinen.fi\/index.php?rest_route=\/wp\/v2\/pages\/3475","targetHints":{"allow":["GET"]}}],"collection":[{"href":"http:\/\/veikot2.kaustinen.fi\/index.php?rest_route=\/wp\/v2\/pages"}],"about":[{"href":"http:\/\/veikot2.kaustinen.fi\/index.php?rest_route=\/wp\/v2\/types\/page"}],"author":[{"embeddable":true,"href":"http:\/\/veikot2.kaustinen.fi\/index.php?rest_route=\/wp\/v2\/users\/1"}],"replies":[{"embeddable":true,"href":"http:\/\/veikot2.kaustinen.fi\/index.php?rest_route=%2Fwp%2Fv2%2Fcomments&post=3475"}],"version-history":[{"count":14,"href":"http:\/\/veikot2.kaustinen.fi\/index.php?rest_route=\/wp\/v2\/pages\/3475\/revisions"}],"predecessor-version":[{"id":24173,"href":"http:\/\/veikot2.kaustinen.fi\/index.php?rest_route=\/wp\/v2\/pages\/3475\/revisions\/24173"}],"up":[{"embeddable":true,"href":"http:\/\/veikot2.kaustinen.fi\/index.php?rest_route=\/wp\/v2\/pages\/6"}],"wp:attachment":[{"href":"http:\/\/veikot2.kaustinen.fi\/index.php?rest_route=%2Fwp%2Fv2%2Fmedia&parent=3475"}],"curies":[{"name":"wp","href":"https:\/\/api.w.org\/{rel}","templated":true}]}}