{"id":4,"date":"2012-03-21T09:12:27","date_gmt":"2012-03-21T09:12:27","guid":{"rendered":"http:\/\/veikot.kaustinen.fi\/wordpress\/?page_id=4"},"modified":"2016-02-24T11:50:16","modified_gmt":"2016-02-24T09:50:16","slug":"ammunta","status":"publish","type":"page","link":"http:\/\/veikot2.kaustinen.fi\/?page_id=4","title":{"rendered":"Ammunta"},"content":{"rendered":"<p>Ampumajaoston toiminta perustuu l\u00e4hes yksinomaan haulikkoammunnan trap-lajeihin. Jaosto on rakentanut talkoilla ampuma-alueen jossa on 3 haulikko- ja 1 hirvirata. Lis\u00e4ksi radalla on hieno hirsinen huoltorakennus, joka on my\u00f6s talkoilla rakennettu.<\/p>\n<p>Harjoitustoimintaa radalla on kaksi kertaa viikossa tiistaisin ja torstaisin. Jaosto on kunnostautunut useiden SM-kilpailujen j\u00e4rjest\u00e4j\u00e4n\u00e4. Lis\u00e4ksi radalla on joka vuosi kansallisia ja aluemestaruuskilpailuja.<\/p>\n<p>KP-V:n ampujat ovat menestyneet mainiosti. Tuomisina kisoista on useita sm-mitaleita, sek\u00e4 muita hyvi\u00e4 sijoituksia.<\/p>\n<p><a href=\"http:\/\/veikot.kaustinen.fi\/wp\/wp-content\/uploads\/2012\/03\/PalkitutAmpujat1.jpg\"><img loading=\"lazy\" decoding=\"async\" class=\"alignnone wp-image-24692 size-large\" src=\"http:\/\/veikot.kaustinen.fi\/wp\/wp-content\/uploads\/2012\/03\/PalkitutAmpujat1-1024x768.jpg\" alt=\"\" width=\"625\" height=\"469\" srcset=\"http:\/\/veikot2.kaustinen.fi\/wp\/wp-content\/uploads\/2012\/03\/PalkitutAmpujat1.jpg 1024w, http:\/\/veikot2.kaustinen.fi\/wp\/wp-content\/uploads\/2012\/03\/PalkitutAmpujat1-300x225.jpg 300w, http:\/\/veikot2.kaustinen.fi\/wp\/wp-content\/uploads\/2012\/03\/PalkitutAmpujat1-624x468.jpg 624w\" sizes=\"auto, (max-width: 625px) 100vw, 625px\" \/><\/a><\/p>\n<p>100-vuotis juhlassa palkitut ampujat: Reijo Luomala, Kim K\u00e4ns\u00e4l\u00e4 ja Risto Paavola<\/p>\n<p>&nbsp;<\/p>\n<table>\n<tbody>\n<tr>\n<td colspan=\"4\">\n<h3>Ampumajaosto<\/h3>\n<\/td>\n<\/tr>\n<tr>\n<td><b>Puheenjohtaja<\/b><\/td>\n<td>Toni Varila<\/td>\n<td><a href=\"mailto:t&#111;&#110;&#105;&#46;&#118;&#97;&#114;&#105;&#108;&#97;&#x40;&#x70;&#x70;&#x2e;&#x69;&#x6e;&#x65;&#x74;&#x2e;&#x66;&#x69;\">&#x74;&#x6f;&#x6e;&#x69;&#x2e;&#x76;&#x61;&#x72;&#x69;&#x6c;&#x61;&#x40;&#x70;&#x70;&#46;&#105;&#110;&#101;&#116;&#46;&#102;&#105;<\/a><\/td>\n<td>040 7688472<\/td>\n<\/tr>\n<tr>\n<td><b>Rahastonhoitaja<\/b><\/td>\n<td>Reijo Luomala<\/td>\n<td><\/td>\n<td>0400 951409<\/td>\n<\/tr>\n<tr>\n<td><b>J\u00e4senet<\/b><\/td>\n<td>Timo Vapola<\/td>\n<td><a href=\"&#109;&#x61;&#105;&#x6c;t&#111;&#x3a;&#116;&#x69;m&#x6f;&#46;&#118;&#x61;&#112;&#x6f;l&#x61;&#x40;&#115;&#x75;o&#x6d;i&#50;&#x34;&#46;&#x66;i\">&#x74;&#105;&#109;o&#x2e;&#x76;&#97;p&#x6f;&#x6c;&#97;&#64;&#x73;&#x75;&#111;m&#x69;&#x32;&#52;&#46;&#x66;&#x69;<\/a><\/td>\n<td>041 4406574<\/td>\n<\/tr>\n<tr>\n<td><\/td>\n<td>Mikko Rantala<\/td>\n<td><a href=\"m&#97;&#x69;&#x6c;t&#111;&#x3a;&#x6d;&#46;&#114;&#x2e;&#x38;8&#64;&#x68;&#x6f;t&#109;&#x61;&#x69;l&#46;&#99;&#x6f;&#x6d;\">&#x6d;&#x2e;&#x72;&#46;&#56;8&#64;&#x68;&#x6f;&#x74;&#x6d;&#97;&#105;l&#46;&#x63;&#x6f;&#x6d;<\/a><\/td>\n<td>044 2711156<\/td>\n<\/tr>\n<tr>\n<td><\/td>\n<td>Joona V\u00e4h\u00e4s\u00f6yrinki<\/td>\n<td><a href=\"&#109;&#x61;&#105;&#x6c;&#116;&#x6f;&#58;&#x6a;&#111;&#x6f;&#110;&#x61;&#95;&#x76;&#97;&#x68;&#97;&#x73;&#111;&#x79;&#114;&#x69;&#110;&#x6b;&#105;&#x40;&#104;&#x6f;&#116;&#x6d;&#97;&#x69;&#108;&#x2e;&#99;&#x6f;&#109;\">&#x6a;&#x6f;&#111;n&#x61;&#x5f;&#118;ah&#x61;&#x73;&#111;y&#x72;&#x69;&#110;&#107;i&#x40;&#x68;&#111;t&#x6d;&#x61;&#105;&#108;&#46;&#x63;&#x6f;&#109;<\/a><\/td>\n<td>044 0528752<\/td>\n<\/tr>\n<tr>\n<td><\/td>\n<td>Kim K\u00e4ns\u00e4l\u00e4<\/td>\n<td><a href=\"mailto:kim&#46;k&#97;&#110;&#115;&#97;&#108;&#97;&#64;&#104;&#111;&#116;&#109;&#97;&#105;&#108;&#46;&#x63;&#x6f;&#x6d;\">&#x6b;&#x69;&#109;&#46;ka&#x6e;&#x73;&#x61;&#108;a&#64;&#x68;&#x6f;&#x74;&#109;&#97;i&#x6c;&#x2e;&#x63;&#111;&#109;<\/a><\/td>\n<td>045 6763 059<\/td>\n<\/tr>\n<tr>\n<td><\/td>\n<td>Merja Ahola<\/td>\n<td><a href=\"m&#97;&#105;&#x6c;&#x74;o:&#109;&#101;&#x72;&#x6a;a&#46;&#109;&#97;&#x73;&#x74;ok&#97;&#x6e;&#x67;&#x61;s&#64;&#103;&#x6d;&#x61;&#x69;l&#46;&#99;&#x6f;&#x6d;\">&#109;&#x65;r&#106;&#x61;&#46;&#109;&#x61;s&#116;&#x6f;k&#97;&#x6e;&#103;&#x61;&#x73;&#64;&#x67;&#x6d;&#97;&#x69;l&#46;&#x63;o&#109;<\/a><\/td>\n<td>045 6541130<\/td>\n<\/tr>\n<tr>\n<td><\/td>\n<td>Mirja Aho<\/td>\n<td><a href=\"&#x6d;&#x61;&#x69;&#108;&#116;o:&#x6d;&#x69;&#x72;&#106;&#97;ah&#x6f;&#x40;&#x6b;&#97;&#115;e&#46;&#x66;&#x69;\">&#109;&#x69;r&#x6a;a&#97;&#x68;&#111;&#x40;k&#97;&#x73;&#101;&#x2e;f&#x69;<\/a><\/td>\n<td>0400 429639<\/td>\n<\/tr>\n<\/tbody>\n<\/table>\n<p><strong>\u00a0<\/strong><\/p>\n<p><strong>Ampumajaoston uutisia:<\/strong><\/p>\n<p>24.2.2016<\/p>\n<p>Kaudelle 2016 valittu ampumajaosto piti ensimm\u00e4isen kokouksensa 7.2.2016 Kaustisen ampumaradalla. Kokouksessa k\u00e4ytiin l\u00e4pi mm. kauden 2015 tulos ja talousarvio vuodelle 2016. Rata-asioista p\u00e4ivitettiin tiedot ampumaradan ymp\u00e4rist\u00f6lupa tilanteesta sek\u00e4 urheilutalon ilma-aseradan ahkerasta k\u00e4yt\u00f6st\u00e4.<\/p>\n<p>Talkoita suunniteltiin pidett\u00e4v\u00e4ksi kev\u00e4\u00e4n\/kes\u00e4n aikana, sill\u00e4 ainakin tuomarikopit tarvitsevat uuden maalipinnan sek\u00e4 heitinsuojat ovat kattoremontin tarpeessa. Lis\u00e4ksi tehd\u00e4\u00e4n muita siivous, huolto ja korjaust\u00f6it\u00e4. Talkoiden ajankohta ilmoitetaan seuran sivuilla my\u00f6hemmin.<\/p>\n<p>Kilpailukalenteriin on hyv\u00e4ksytty kaikki anomamme 100 k kisat. Kalevin muistokisan ajankohtaa joudumme muuttamaan , koska Trapin ik\u00e4kausi SM-kisat ovat samanaikaisesti. Kisan ajankohta ilmoitetaan my\u00f6hemmin.<\/p>\n<p>TERVETULOA KAIKKI UUDET AMPUJAT EDUSTAMAAN KAUSTISEN POHJAN-VEIKKOJA.<br \/>\nJ\u00e4senm\u00e4\u00e4r\u00e4 ampumapuolella on kasvussa &#8211; nyt mukaan on tullut jo 11 uutta ampujaa.\u00a0Hyvin hoidettuun seuraan on siis imua.\u00a0 Viime vuoden aikana ymp\u00e4ri Suomenmaan ampumakisoissa kiert\u00e4neen\u00e4 &#8211; voin vain todeta, kuinka siistit ja hyvin hoidetut radat meill\u00e4 on. T\u00e4st\u00e4 suuri kiitos aktiivisille toimijoille, jotka ovat jo vuosia tehneet hyv\u00e4\u00e4 ty\u00f6t\u00e4.<\/p>\n<p>Tulevalle kaudelle lis\u00e4mausteen tuo haulikkopuolelle naistenjoukkue, jolla on t\u00e4ht\u00e4in korkealle. Toivotaan naisille hyvi\u00e4 osumia ja menestyst\u00e4. T\u00e4m\u00e4 samainen &#8221; tytt\u00f6porukka&#8221; tulee kes\u00e4n aikana j\u00e4rjest\u00e4m\u00e4\u00e4n kaikille haulikko ammuntaan kiinnostuneille naisille ammuntap\u00e4iv\u00e4n, jossa tyt\u00f6t opastavat halukkaita lajin saloihin. Varsinaiset harjoitusillat ovat tiistai &#8211; ja torstai &#8211; illat. Tervetuloa, radalla tavataan kunhan enimm\u00e4t lumet sulavat ja kelit l\u00e4mpenev\u00e4t.<\/p>\n<p>Timo<\/p>\n","protected":false},"excerpt":{"rendered":"<p>Ampumajaoston toiminta perustuu l\u00e4hes yksinomaan haulikkoammunnan trap-lajeihin. Jaosto on rakentanut talkoilla ampuma-alueen jossa on 3 haulikko- ja 1 hirvirata. Lis\u00e4ksi radalla on hieno hirsinen huoltorakennus, joka on my\u00f6s talkoilla rakennettu. Harjoitustoimintaa radalla on kaksi kertaa viikossa tiistaisin ja torstaisin. Jaosto on kunnostautunut useiden SM-kilpailujen j\u00e4rjest\u00e4j\u00e4n\u00e4. Lis\u00e4ksi radalla on joka vuosi kansallisia ja aluemestaruuskilpailuja. KP-V:n ampujat [&hellip;]<\/p>\n","protected":false},"author":1,"featured_media":0,"parent":0,"menu_order":17,"comment_status":"closed","ping_status":"open","template":"","meta":{"footnotes":""},"class_list":["post-4","page","type-page","status-publish","hentry"],"_links":{"self":[{"href":"http:\/\/veikot2.kaustinen.fi\/index.php?rest_route=\/wp\/v2\/pages\/4","targetHints":{"allow":["GET"]}}],"collection":[{"href":"http:\/\/veikot2.kaustinen.fi\/index.php?rest_route=\/wp\/v2\/pages"}],"about":[{"href":"http:\/\/veikot2.kaustinen.fi\/index.php?rest_route=\/wp\/v2\/types\/page"}],"author":[{"embeddable":true,"href":"http:\/\/veikot2.kaustinen.fi\/index.php?rest_route=\/wp\/v2\/users\/1"}],"replies":[{"embeddable":true,"href":"http:\/\/veikot2.kaustinen.fi\/index.php?rest_route=%2Fwp%2Fv2%2Fcomments&post=4"}],"version-history":[{"count":19,"href":"http:\/\/veikot2.kaustinen.fi\/index.php?rest_route=\/wp\/v2\/pages\/4\/revisions"}],"predecessor-version":[{"id":26661,"href":"http:\/\/veikot2.kaustinen.fi\/index.php?rest_route=\/wp\/v2\/pages\/4\/revisions\/26661"}],"wp:attachment":[{"href":"http:\/\/veikot2.kaustinen.fi\/index.php?rest_route=%2Fwp%2Fv2%2Fmedia&parent=4"}],"curies":[{"name":"wp","href":"https:\/\/api.w.org\/{rel}","templated":true}]}}