{"id":54,"date":"2012-03-23T21:41:08","date_gmt":"2012-03-23T21:41:08","guid":{"rendered":"http:\/\/veikot.kaustinen.fi\/wordpress\/?page_id=54"},"modified":"2015-09-09T22:14:03","modified_gmt":"2015-09-09T19:14:03","slug":"ampumarata","status":"publish","type":"page","link":"http:\/\/veikot2.kaustinen.fi\/?page_id=54","title":{"rendered":"Ampumarata"},"content":{"rendered":"<h2>Ampumarata<\/h2>\n<p>Ampumaradalla on kolme haulikkorataa ja yksi 50m\/75m hirvirata. Ammuttavat haulikko lajit ovat 1-Trap, A-Trap, 2-Trap ja mets\u00e4stys trap. Haulikkoradat ovat katettuja, joten ammunta sujuu sades\u00e4\u00e4ll\u00e4kin. Radalla j\u00e4rjestet\u00e4\u00e4n alueellisia, kansallisia ja SM-kisoja.<br \/>\n<img loading=\"lazy\" decoding=\"async\" class=\"alignleft\" title=\"N\u00e4kym\u00e4 radalta\" src=\"http:\/\/veikot.kaustinen.fi\/images\/ammunta_rata.jpg\" alt=\"Ampumarata\" width=\"600\" height=\"450\" align=\"right\" \/><\/p>\n<h4>Harjoitusajat ja maksut<\/h4>\n<p>Haulikkoradan harjoitusajat vuonna 2015:<br \/>\nYhteisharjoitukset t\u00e4lt\u00e4 kaudelta p\u00e4\u00e4ttyneet.<br \/>\nHarjoitukset jatkuvat huhtikuussa 2016.<\/p>\n<p>Sarjamaksut:<br \/>\n1,5\u20ac \/ 2,5\u20ac seuran j\u00e4senet.<br \/>\n4 \u20ac vierailijat<\/p>\n<p>Sarjalippuja myyt\u00e4v\u00e4n\u00e4 ampumaradalla harjoitusaikoina.<\/p>\n<p>Rata sijaitsee Kruupakan teollisuusalueen vieress\u00e4 Ampumaradan tiell\u00e4. Ampumaradantie k\u00e4\u00e4ntyy KT63:ta osoitteesta Teerij\u00e4rventie 190.<\/p>\n<p>Katso radan sijainti kartalta:<\/p>\n<p><a href=\"http:\/\/veikot.kaustinen.fi\/wp\/wp-content\/uploads\/2012\/03\/ampujille.jpg\"><img loading=\"lazy\" decoding=\"async\" class=\"alignleft size-thumbnail wp-image-23033\" src=\"http:\/\/veikot.kaustinen.fi\/wp\/wp-content\/uploads\/2012\/03\/ampujille-150x150.jpg\" alt=\"Kartta ampuradalle\" width=\"150\" height=\"150\" \/><\/a><\/p>\n<h4><\/h4>\n<p>Ratas\u00e4\u00e4nn\u00f6t: <a href=\"http:\/\/veikot.kaustinen.fi\/wp\/wp-content\/uploads\/2012\/03\/Ratas\u00e4\u00e4nn\u00f6t_A3_2.pdf\">Ratas\u00e4\u00e4nn\u00f6t_A3_2<\/a><\/p>\n<h4><span style=\"font-size: 1rem;line-height: 1.846153846\">Toiminta haulikkoradalla<\/span><\/h4>\n<ul>\n<li>Radalla et tarvitse omia kiekkoja.<\/li>\n<li>Ammuttavat sarjat maksetaan ostamalla 25 kiekon sarjalippuja (radalla lippuja myy Reijo Luomala).<\/li>\n<li>Ampumaan menness\u00e4si laita sarjalippu tuomarikojun luukussa olevaan pidikkeeseen valvojaa varten.<\/li>\n<li>Ase ladataan vasta ampumavuorolla. Muutoin ase pidet\u00e4\u00e4n AVATTUNA (pumppu ja puoliautomaatti haulikoissa luisti taka-asennossa). Patruunat saavat olla aseessa vain ampumapaikalla.<\/li>\n<li>Huolehdi siisteydest\u00e4! Hylsyt hylsyroskikseen, tyhj\u00e4t patruunarasiat pahvinker\u00e4ys roskikseen.<\/li>\n<li>Ongelmatilanteessa ota yhteys valvojaan.<\/li>\n<li>Turvallisuus ennen kaikkea, k\u00e4sittele asetta aina niin kuin se olisi ladattu.<\/li>\n<li>Kysy rohkeasti neuvoja &#8221;kantaporukalta&#8221; tai l\u00e4het\u00e4 vaikka s\u00e4hk\u00f6postia ampumajaoston j\u00e4senille, jos jokin asia askaruttaa.<\/li>\n<li>Jokainen ampuja vastaa omasta vakuutusturvastaan! Suosittelemme Suomen Ampumaurheiluliiton harraste- tai kilpailulisenssi\u00e4, lis\u00e4\u00e4 tietoa Ampumaurheiluliiton sivuilta.<\/li>\n<li>My\u00f6s mets\u00e4styskortin vakuutus on voimassa harjoittelussa.<\/li>\n<\/ul>\n<p>Tervetuloa ampumaan !<\/p>\n<p>Lis\u00e4tietoa:<br \/>\n<a href=\"http:\/\/www.ampumaurheiluliitto.fi\/lajit\/haulikko\/haulikkoammunnan_esittely\/\">Haulikkoammunnan esittely liiton sivuilla<\/a><br \/>\n<a href=\"http:\/\/riista.fi\/metsastys\/palvelut-metsastajalle\/vakuutukset\/metsastajavakuutus\/\">Mets\u00e4st\u00e4j\u00e4n vakuutus<\/a><\/p>\n<p>&nbsp;<\/p>\n","protected":false},"excerpt":{"rendered":"<p>Ampumarata Ampumaradalla on kolme haulikkorataa ja yksi 50m\/75m hirvirata. Ammuttavat haulikko lajit ovat 1-Trap, A-Trap, 2-Trap ja mets\u00e4stys trap. Haulikkoradat ovat katettuja, joten ammunta sujuu sades\u00e4\u00e4ll\u00e4kin. Radalla j\u00e4rjestet\u00e4\u00e4n alueellisia, kansallisia ja SM-kisoja. Harjoitusajat ja maksut Haulikkoradan harjoitusajat vuonna 2015: Yhteisharjoitukset t\u00e4lt\u00e4 kaudelta p\u00e4\u00e4ttyneet. Harjoitukset jatkuvat huhtikuussa 2016. Sarjamaksut: 1,5\u20ac \/ 2,5\u20ac seuran j\u00e4senet. 4 \u20ac [&hellip;]<\/p>\n","protected":false},"author":1,"featured_media":0,"parent":4,"menu_order":1,"comment_status":"closed","ping_status":"open","template":"","meta":{"footnotes":""},"class_list":["post-54","page","type-page","status-publish","hentry"],"_links":{"self":[{"href":"http:\/\/veikot2.kaustinen.fi\/index.php?rest_route=\/wp\/v2\/pages\/54","targetHints":{"allow":["GET"]}}],"collection":[{"href":"http:\/\/veikot2.kaustinen.fi\/index.php?rest_route=\/wp\/v2\/pages"}],"about":[{"href":"http:\/\/veikot2.kaustinen.fi\/index.php?rest_route=\/wp\/v2\/types\/page"}],"author":[{"embeddable":true,"href":"http:\/\/veikot2.kaustinen.fi\/index.php?rest_route=\/wp\/v2\/users\/1"}],"replies":[{"embeddable":true,"href":"http:\/\/veikot2.kaustinen.fi\/index.php?rest_route=%2Fwp%2Fv2%2Fcomments&post=54"}],"version-history":[{"count":18,"href":"http:\/\/veikot2.kaustinen.fi\/index.php?rest_route=\/wp\/v2\/pages\/54\/revisions"}],"predecessor-version":[{"id":26191,"href":"http:\/\/veikot2.kaustinen.fi\/index.php?rest_route=\/wp\/v2\/pages\/54\/revisions\/26191"}],"up":[{"embeddable":true,"href":"http:\/\/veikot2.kaustinen.fi\/index.php?rest_route=\/wp\/v2\/pages\/4"}],"wp:attachment":[{"href":"http:\/\/veikot2.kaustinen.fi\/index.php?rest_route=%2Fwp%2Fv2%2Fmedia&parent=54"}],"curies":[{"name":"wp","href":"https:\/\/api.w.org\/{rel}","templated":true}]}}