{"id":6,"date":"2012-03-20T21:50:14","date_gmt":"2012-03-20T21:50:14","guid":{"rendered":"http:\/\/veikot.kaustinen.fi\/wordpress\/?page_id=6"},"modified":"2015-11-30T22:54:08","modified_gmt":"2015-11-30T19:54:08","slug":"yleisurheilu","status":"publish","type":"page","link":"http:\/\/veikot2.kaustinen.fi\/?page_id=6","title":{"rendered":"Yleisurheilu"},"content":{"rendered":"<p>Kaustisen Pohjan-Veikot jatkaa edellisten vuosien tapaan yleisurheilun parhaana Keskipohjalais-seurana. Seuraluokittelussa saavutetut 131,5 pistett\u00e4 nostivat KP-V:n piirin ykk\u00f6sseuraksi ja saman tien valioluokkaan mahtavalle 57. sijalle kaikkiaan yli nelj\u00e4nsadan seuran joukossa.<\/p>\n<p>Olennaisena tekij\u00e4n\u00e4 seuran menestyksess\u00e4 on ollut t\u00e4n\u00e4kin vuonna vahva juniority\u00f6 ja toiminnan laajuus. Upeat lajisuorituspaikat talvellakin ovat tuoneet lisenssin lunastaneita urheilijoita Pohjan-Veikkoihin t\u00e4n\u00e4 vuonna jo 198. Lisenssiurheilijoiden m\u00e4\u00e4r\u00e4st\u00e4 kertyi yli kolmasosa Pohjan \u2013 Veikkojen seuraluokittelun kokonaispistepotista.<br \/>\nKisapisteist\u00e4 suurimman osan ker\u00e4siv\u00e4t moukarinheitt\u00e4j\u00e4t. <strong>Jesse Lehdon<\/strong> kauteen mahtui Kalevan Kisojen pronssi sek\u00e4 M22 sarjan EM-kisojen 7. sija ja SM-kulta. <strong>Jenni Penttil\u00e4<\/strong> saavutti my\u00f6s Kalevan Kisoista pronssia ja paikan Ruotsi-otteluun, josta irtosi viides tila. Junioripuolella eniten pisteit\u00e4 toi <strong>Julia Kivisen<\/strong> suomenmestaruus T14 sarjassa, sek\u00e4 saman sarjan joukkuekulta yhdess\u00e4 <strong>Vilma Paavolan<\/strong> kanssa.<\/p>\n<p>Lisenssim\u00e4\u00e4riss\u00e4 ja nuorisotoimintakilpailussa Kaustisen Pohjan \u2013 Veikot oli niin ik\u00e4\u00e4n piirin ykk\u00f6sseura. Nuorisotoimintakilpailun 304 pistett\u00e4 riittiv\u00e4t valtakunnallisesti 53 sijaan.<\/p>\n<p>&nbsp;<\/p>\n<p>&nbsp;<\/p>\n<p>Yleisurheilijoimme tuloskehityst\u00e4 voitte seurata <a href=\"http:\/\/www.tilastopaja.fi\">Tilastopajan<\/a> tai <a href=\"http:\/\/www.varaslahto.net\/profiilit.php?seura=71\">Varaslahto.net<\/a> sivuilla<\/p>\n<p><a href=\"http:\/\/kilpailukalenteri.fi\/?cs=21&amp;npa=1&amp;nka=1&amp;nva=2014&amp;npl=31&amp;nkl=12&amp;nvl=2014&amp;ns=0&amp;ni=-1&amp;nd=14&amp;nl=0\">Piirin kilpailukalenteri<\/a><\/p>\n<table>\n<tbody>\n<tr>\n<td colspan=\"4\">\n<h3>Yleisurheilujaosto<\/h3>\n<\/td>\n<\/tr>\n<tr>\n<td><b>Puheenjohtaja<\/b><\/td>\n<td>Jarkko V\u00e4h\u00e4l\u00e4<\/td>\n<td>j&#97;&#x72;&#x6b;&#x6b;o&#46;&#118;&#x61;&#x68;a&#108;&#97;&#x40;&#x67;ma&#105;&#x6c;&#x2e;&#x63;o&#109;<\/td>\n<td>040 7434396<\/td>\n<\/tr>\n<tr>\n<td><b>Sihteeri<\/b><\/td>\n<td>Marke Paavola<\/td>\n<td>marke&#46;paavola&#64;gmail&#46;com<\/td>\n<td>0400 933680<\/td>\n<\/tr>\n<tr>\n<td><b>Apulaissihteeri<\/b><\/td>\n<td>Heli Pulkkinen<\/td>\n<td>h&#101;&#108;&#x69;&#x2e;&#x73;&#x6f;r&#118;&#105;&#115;&#x74;&#x6f;&#x40;ka&#117;&#115;&#x74;&#x69;&#x6e;en&#46;&#102;&#x69;<\/td>\n<td>040 7396799<\/td>\n<\/tr>\n<tr>\n<td><b>Valmennusp\u00e4\u00e4llikk\u00f6<\/b><\/td>\n<td>Jarkko V\u00e4h\u00e4l\u00e4<\/td>\n<td>&#x6a;&#x61;&#x72;&#x6b;&#107;&#111;&#46;va&#x68;&#x61;&#x6c;&#x61;&#x40;&#103;&#109;&#97;il&#x2e;&#x63;&#x6f;&#x6d;<\/td>\n<td>040 7434396<\/td>\n<\/tr>\n<tr>\n<td><b>Nuorisop\u00e4\u00e4llikk\u00f6<\/b><\/td>\n<td>Heli Pulkkinen<\/td>\n<td>&#104;e&#x6c;i&#x2e;s&#x6f;r&#x76;i&#x73;t&#x6f;&#64;&#x6b;&#97;&#x75;&#115;&#x74;&#105;&#x6e;&#101;&#x6e;&#46;&#x66;&#105;<\/td>\n<td>040 7396799<\/td>\n<\/tr>\n<tr>\n<td><b>Karnevaalivastaava<\/b><\/td>\n<td>Pekka Nikula<\/td>\n<td>&#112;e&#x6b;k&#x61;&#46;&#x6e;&#105;&#x6b;&#117;&#x6c;&#97;4&#x38;&#64;&#x67;m&#x61;&#105;&#x6c;&#46;&#x63;&#111;&#x6d;<\/td>\n<td>0400 815198<\/td>\n<\/tr>\n<tr>\n<td><b>Kouluyhteisty\u00f6<\/b><\/td>\n<td>Marjo Salminen<\/td>\n<td>&#x6d;&#97;&#114;j&#x6f;&#x2e;&#115;a&#x6c;&#x6d;&#105;n&#x65;&#x6e;&#64;k&#x61;&#x75;&#115;t&#x69;&#x6e;&#101;n&#x2e;&#x66;&#105;<\/td>\n<td>040 7506625<\/td>\n<\/tr>\n<tr>\n<td><b>Kes\u00e4kisavastaava<\/b><\/td>\n<td>Katri Paavola<\/td>\n<td>ve&#108;&#105;&#x2d;&#x65;&#x72;&#x6b;ki&#46;&#112;&#x61;&#x61;&#x76;&#x6f;la&#64;&#112;&#112;&#x2e;&#x69;&#x6e;&#x65;t&#46;&#102;&#105;<\/td>\n<td>040 7546744<\/td>\n<\/tr>\n<tr>\n<td><b>Muut j\u00e4senet<\/b><\/td>\n<td>Niina Kivinen<\/td>\n<td>&#110;&#x69;&#105;&#x74;&#117;&#x6b;&#105;&#x40;&#115;&#x75;&#111;&#x6d;&#105;&#x32;&#52;&#x2e;&#102;&#x69;<\/td>\n<td>050 5498868<\/td>\n<\/tr>\n<tr>\n<td><\/td>\n<td>Irina Lyyra<\/td>\n<td>&#105;&#x72;&#107;&#x71;&#55;&#x37;&#64;&#x67;m&#x61;i&#108;&#x2e;&#99;&#x6f;&#109;<\/td>\n<td>040 5671007<\/td>\n<\/tr>\n<tr>\n<td><\/td>\n<td>Sanna Pajukangas<\/td>\n<td>&#x73;&#97;&#x6e;&#x6e;a&#x2e;&#112;a&#x6a;&#117;k&#x61;&#110;&#x67;&#x61;s&#x40;&#103;m&#x61;&#105;l&#x2e;&#99;&#x6f;&#x6d;<\/td>\n<td>040 7473470<\/td>\n<\/tr>\n<\/tbody>\n<\/table>\n","protected":false},"excerpt":{"rendered":"<p>Kaustisen Pohjan-Veikot jatkaa edellisten vuosien tapaan yleisurheilun parhaana Keskipohjalais-seurana. Seuraluokittelussa saavutetut 131,5 pistett\u00e4 nostivat KP-V:n piirin ykk\u00f6sseuraksi ja saman tien valioluokkaan mahtavalle 57. sijalle kaikkiaan yli nelj\u00e4nsadan seuran joukossa. Olennaisena tekij\u00e4n\u00e4 seuran menestyksess\u00e4 on ollut t\u00e4n\u00e4kin vuonna vahva juniority\u00f6 ja toiminnan laajuus. Upeat lajisuorituspaikat talvellakin ovat tuoneet lisenssin lunastaneita urheilijoita Pohjan-Veikkoihin t\u00e4n\u00e4 vuonna jo 198. [&hellip;]<\/p>\n","protected":false},"author":1,"featured_media":0,"parent":0,"menu_order":20,"comment_status":"closed","ping_status":"open","template":"","meta":{"footnotes":""},"class_list":["post-6","page","type-page","status-publish","hentry"],"_links":{"self":[{"href":"http:\/\/veikot2.kaustinen.fi\/index.php?rest_route=\/wp\/v2\/pages\/6","targetHints":{"allow":["GET"]}}],"collection":[{"href":"http:\/\/veikot2.kaustinen.fi\/index.php?rest_route=\/wp\/v2\/pages"}],"about":[{"href":"http:\/\/veikot2.kaustinen.fi\/index.php?rest_route=\/wp\/v2\/types\/page"}],"author":[{"embeddable":true,"href":"http:\/\/veikot2.kaustinen.fi\/index.php?rest_route=\/wp\/v2\/users\/1"}],"replies":[{"embeddable":true,"href":"http:\/\/veikot2.kaustinen.fi\/index.php?rest_route=%2Fwp%2Fv2%2Fcomments&post=6"}],"version-history":[{"count":38,"href":"http:\/\/veikot2.kaustinen.fi\/index.php?rest_route=\/wp\/v2\/pages\/6\/revisions"}],"predecessor-version":[{"id":26373,"href":"http:\/\/veikot2.kaustinen.fi\/index.php?rest_route=\/wp\/v2\/pages\/6\/revisions\/26373"}],"wp:attachment":[{"href":"http:\/\/veikot2.kaustinen.fi\/index.php?rest_route=%2Fwp%2Fv2%2Fmedia&parent=6"}],"curies":[{"name":"wp","href":"https:\/\/api.w.org\/{rel}","templated":true}]}}