{"id":19209,"date":"2013-11-17T21:18:09","date_gmt":"2013-11-17T21:18:09","guid":{"rendered":"http:\/\/veikot.kaustinen.fi\/wordpress\/?page_id=19209"},"modified":"2016-01-27T23:01:21","modified_gmt":"2016-01-27T20:01:21","slug":"hiihto","status":"publish","type":"page","link":"https:\/\/veikot2.kaustinen.fi\/?page_id=19209","title":{"rendered":"Hiihto"},"content":{"rendered":"<p>Kaustisen Pohjan-Veikkojen hiihtokeskus on yksi Keskipohjanmaan parhaista. Hiihtokeskuksen latupohjien rakentamisessa ja kunnostamisessa on hiihtojaostolla ja aktiiviharrastajilla suuri merkitys.<br \/>\nKP-V on j\u00e4rjest\u00e4nyt useita SM-tason kisoja. M\u00e4enlasku on ollut my\u00f6s jaoston ohjelmassa, jossa valitettavasti harrastajapula vaivaa toimintaa t\u00e4ll\u00e4 hetkell\u00e4. Kes\u00e4ll\u00e4 2006 hyppyrim\u00e4ri r\u00e4j\u00e4ytettiin nurin.<\/p>\n<p>Lasten hiihtokoulu toimii nuorten ohjauksessa maanantaisin ja lasten hopeasompahiihdot keskiviikkoisin.<\/p>\n<p>Talven 2016 hiihtokoulut ja hopeasompahiihtojen aikataulut n\u00e4et t\u00e4st\u00e4 liitteest\u00e4:\u00a0<a href=\"http:\/\/veikot.kaustinen.fi\/wp\/wp-content\/uploads\/2016\/01\/Hiihtokoulu-ja-hopeasompaohjelma-2016.pdf\"rel=\"\">Hiihtokoulu ja hopeasompaohjelma 2016<\/a><\/p>\n<p>Talven 2016 Perhojonkilaakso Cupin tarkemmat tiedot l\u00f6ytyv\u00e4t j\u00e4rjest\u00e4vien seurojen kotisivuilta.<\/p>\n<table style=\"height: 453px;\" width=\"623\">\n<tbody>\n<tr>\n<td colspan=\"4\">\n<h3>Hiihtojaosto<\/h3>\n<\/td>\n<\/tr>\n<tr>\n<td><b>Puheenjohtaja<\/b><\/td>\n<td>Petri K\u00e4ns\u00e4l\u00e4<\/td>\n<td><a href=\"mai&#108;&#116;&#111;&#58;&#x70;&#x65;&#x74;&#x72;&#x69;&#x2e;&#x6b;ans&#97;&#108;&#97;&#64;&#103;&#x6d;&#x61;&#x69;&#x6c;&#x2e;&#x63;om\">&#112;e&#x74;r&#x69;&#46;&#x6b;a&#x6e;s&#x61;l&#x61;&#64;&#x67;&#109;&#x61;&#105;&#x6c;&#46;&#x63;&#111;&#x6d;<\/a><\/td>\n<td>044 213 9406<\/td>\n<\/tr>\n<tr>\n<td><b>J\u00e4senet<\/b><\/td>\n<td>Markku Sillanp\u00e4\u00e4<\/td>\n<td><\/td>\n<td>050 547 7825<\/td>\n<\/tr>\n<tr>\n<td><\/td>\n<td>Markus Hietala<\/td>\n<td><a href=\"&#109;&#x61;i&#108;&#x74;o&#58;&#x6d;a&#114;&#x6b;u&#115;&#x2e;&#104;&#x69;&#x65;&#116;&#x61;&#x6c;&#97;&#x40;k&#101;&#x6e;s&#97;&#x70;u&#117;&#x2e;f&#105;\">&#x6d;a&#x72;&#107;&#x75;&#115;&#x2e;&#x68;i&#x65;&#116;&#x61;&#108;&#x61;&#64;k&#x65;&#110;&#x73;&#97;&#x70;&#117;u&#x2e;&#102;&#x69;<\/a><\/td>\n<td><\/td>\n<\/tr>\n<tr>\n<td><\/td>\n<td>Samuli Aho<\/td>\n<td><a href=\"&#109;&#x61;i&#108;&#x74;o&#58;&#x73;a&#109;&#x75;l&#105;&#x2e;&#97;&#x68;&#x6f;&#64;&#x70;&#x70;&#49;&#x2e;i&#110;&#x65;t&#46;&#x66;i\">&#115;&#x61;m&#x75;&#x6c;&#105;&#x2e;a&#104;&#x6f;&#64;&#x70;p&#49;&#x2e;i&#x6e;e&#116;&#x2e;f&#x69;<\/a><\/td>\n<td><\/td>\n<td><\/td>\n<\/tr>\n<tr>\n<td><\/td>\n<td>Asko Huntus<\/td>\n<td><a href=\"m&#97;&#x69;&#x6c;t&#111;&#x3a;&#x61;s&#107;&#111;&#x2e;&#x68;u&#110;&#x74;&#x75;s&#64;&#x70;&#x70;&#46;&#105;&#110;&#x65;&#x74;&#46;&#102;&#x69;\">&#97;&#x73;k&#x6f;&#x2e;&#104;&#x75;n&#x74;&#x75;&#115;&#x40;p&#x70;&#x2e;&#105;&#x6e;e&#x74;&#x2e;&#102;&#x69;<\/a><\/td>\n<td>0500 589 637<\/td>\n<\/tr>\n<tr>\n<td><\/td>\n<td>Lasse Paavola<\/td>\n<td><a href=\"mail&#116;&#111;&#58;&#108;&#97;&#x7a;&#x7a;&#x65;&#x70;&#x61;&#x61;&#x40;gmai&#108;&#46;&#99;&#111;&#109;\">laz&#122;&#101;&#112;&#97;&#x61;&#x40;&#x67;&#x6d;&#x61;&#x69;&#x6c;&#46;co&#109;<\/a><\/td>\n<td>0440 511 604<\/td>\n<\/tr>\n<tr>\n<td><\/td>\n<td>Janne Huhtakangas<\/td>\n<td><a href=\"&#x6d;&#97;&#105;l&#x74;&#x6f;&#58;j&#x61;&#x6e;&#110;e&#x2e;&#x68;&#117;h&#x74;&#x61;&#107;a&#x6e;&#x67;&#97;s&#x40;&#x67;&#109;&#97;i&#x6c;&#x2e;&#99;o&#x6d;\">&#106;&#x61;&#110;&#x6e;&#101;&#x2e;&#104;&#x75;h&#x74;a&#x6b;a&#x6e;g&#97;&#x73;&#64;&#x67;&#109;&#x61;&#105;&#x6c;&#46;&#x63;o&#x6d;<\/a><\/td>\n<td>040 768 8539<\/td>\n<\/tr>\n<tr>\n<td><\/td>\n<td>Jussi Huhtakangas<\/td>\n<td><a href=\"m&#97;&#x69;&#x6c;t&#111;&#58;&#x6a;&#x75;s&#115;&#x69;&#x5f;k&#97;&#114;&#x70;&#x61;a&#115;&#x69;&#x40;h&#111;&#116;&#x6d;&#x61;i&#108;&#x2e;&#x63;o&#109;\">&#x6a;&#x75;&#115;si&#x5f;&#x6b;&#97;&#114;p&#x61;&#x61;&#115;&#105;&#64;&#x68;&#x6f;&#x74;&#109;ai&#x6c;&#x2e;&#99;&#111;m<\/a><\/td>\n<td>040 839 8946<\/td>\n<\/tr>\n<tr>\n<td><\/td>\n<td>Veli-Matti Rauma<\/td>\n<td><a href=\"&#x6d;&#x61;&#105;&#108;to&#x3a;&#x76;&#x6d;&#114;au&#x6d;&#x61;&#x40;&#103;&#109;a&#x69;&#x6c;&#x2e;&#99;&#111;m\">vmr&#97;&#117;&#109;&#97;&#x40;&#x67;&#x6d;&#x61;&#x69;&#x6c;&#x2e;com<\/a><\/td>\n<td><\/td>\n<\/tr>\n<tr>\n<td><\/td>\n<td>Petri Peltola<\/td>\n<td><a href=\"&#109;&#x61;i&#x6c;t&#111;&#x3a;&#112;&#x65;t&#114;&#x69;&#46;&#x70;e&#x6c;&#x74;&#111;&#x6c;a&#x40;k&#97;&#x75;&#115;&#x74;i&#110;&#x65;&#110;&#x2e;f&#105;\">&#112;&#101;&#x74;&#x72;&#105;&#46;&#x70;&#x65;&#108;&#116;&#x6f;&#x6c;&#97;&#64;&#x6b;&#x61;&#117;&#115;&#x74;&#x69;&#110;&#101;&#x6e;&#x2e;&#102;&#105;<\/a><\/td>\n<td>050 599 3959<\/td>\n<\/tr>\n<tr>\n<td><\/td>\n<td>Merja Myllym\u00e4ki<\/td>\n<td><\/td>\n<td><\/td>\n<\/tr>\n<tr>\n<td><\/td>\n<td><\/td>\n<td><\/td>\n<\/tr>\n<\/tbody>\n<\/table>\n","protected":false},"excerpt":{"rendered":"<p>Kaustisen Pohjan-Veikkojen hiihtokeskus on yksi Keskipohjanmaan parhaista. Hiihtokeskuksen latupohjien rakentamisessa ja kunnostamisessa on hiihtojaostolla ja aktiiviharrastajilla suuri merkitys. KP-V on j\u00e4rjest\u00e4nyt useita SM-tason kisoja. M\u00e4enlasku on ollut my\u00f6s jaoston ohjelmassa, jossa valitettavasti harrastajapula vaivaa toimintaa t\u00e4ll\u00e4 hetkell\u00e4. Kes\u00e4ll\u00e4 2006 hyppyrim\u00e4ri r\u00e4j\u00e4ytettiin nurin. Lasten hiihtokoulu toimii nuorten ohjauksessa maanantaisin ja lasten hopeasompahiihdot keskiviikkoisin. Talven 2016 hiihtokoulut [&hellip;]<\/p>\n","protected":false},"author":1,"featured_media":0,"parent":0,"menu_order":18,"comment_status":"closed","ping_status":"closed","template":"","meta":{"footnotes":""},"class_list":["post-19209","page","type-page","status-publish","hentry"],"_links":{"self":[{"href":"https:\/\/veikot2.kaustinen.fi\/index.php?rest_route=\/wp\/v2\/pages\/19209","targetHints":{"allow":["GET"]}}],"collection":[{"href":"https:\/\/veikot2.kaustinen.fi\/index.php?rest_route=\/wp\/v2\/pages"}],"about":[{"href":"https:\/\/veikot2.kaustinen.fi\/index.php?rest_route=\/wp\/v2\/types\/page"}],"author":[{"embeddable":true,"href":"https:\/\/veikot2.kaustinen.fi\/index.php?rest_route=\/wp\/v2\/users\/1"}],"replies":[{"embeddable":true,"href":"https:\/\/veikot2.kaustinen.fi\/index.php?rest_route=%2Fwp%2Fv2%2Fcomments&post=19209"}],"version-history":[{"count":15,"href":"https:\/\/veikot2.kaustinen.fi\/index.php?rest_route=\/wp\/v2\/pages\/19209\/revisions"}],"predecessor-version":[{"id":26549,"href":"https:\/\/veikot2.kaustinen.fi\/index.php?rest_route=\/wp\/v2\/pages\/19209\/revisions\/26549"}],"wp:attachment":[{"href":"https:\/\/veikot2.kaustinen.fi\/index.php?rest_route=%2Fwp%2Fv2%2Fmedia&parent=19209"}],"curies":[{"name":"wp","href":"https:\/\/api.w.org\/{rel}","templated":true}]}}