{"id":19292,"date":"2014-01-25T17:00:55","date_gmt":"2014-01-25T15:00:55","guid":{"rendered":"http:\/\/veikot.kaustinen.fi\/?page_id=19292"},"modified":"2014-01-25T17:06:04","modified_gmt":"2014-01-25T15:06:04","slug":"seuran-parhaat-2002","status":"publish","type":"page","link":"https:\/\/veikot2.kaustinen.fi\/?page_id=19292","title":{"rendered":"Seuran parhaat 2000"},"content":{"rendered":"<p>SEURAN PARAS URHEILIJA \u00a0SUVI KATTILAKOSKI<\/p>\n<p>AMMUNTA \u00a0KIM K\u00c4NS\u00c4L\u00c4<\/p>\n<p>HIIHTO \u00a0JANNE HUHTAKANGAS<\/p>\n<p>SUUNNITUS MATTI KATTILAKOSKI<\/p>\n<p>YLEISURHEILU SUVI KATTILAKOSKI<\/p>\n<p>JALKAPALLO MARKUS PALOSAARI<\/p>\n<p><strong>KP-V:n urheilijoiden arvokisamenestys vuonna 2002<\/strong><\/p>\n<p><span style=\"line-height: 1.714285714; font-size: 1rem;\">YLEISURHEILUJAOSTO<\/span><\/p>\n<p>TOIVONEN PETTERI M19<\/p>\n<ul>\n<li>SM-Tampere M19 Pituus 4.<\/li>\n<li>SM-Tampere M19 Pituus joukkue 3.<\/li>\n<li>SM-Tampere M19 3-loikka 5.<\/li>\n<li>SM-Tampere M19 3-loikka joukkue 1.<\/li>\n<li>SM-Mikkeli M19 4x100m 2.<\/li>\n<li>SM-Mikkeli M19 4x100m aidat 2.<\/li>\n<li>SM-Mikkeli M19 4x400m 7.<\/li>\n<li>Kalevan Kisat M pituus 6.<\/li>\n<li>Suomi-Ruotsi Helsinki M18 3-loikka 2.<\/li>\n<\/ul>\n<p>MUSTONEN AKI M19<\/p>\n<ul>\n<li>SM-Maastot Kemi M19 2.<\/li>\n<li>SM-Mikkeli M19 4x400m 7.<\/li>\n<li>SM-Mikkeli M19 4x800m 3.<\/li>\n<li>SM-Tampere M19 1500m 5.<\/li>\n<li>SM-Tampere M19 5000m 8.<\/li>\n<li>SM-hallit Jyvs\u00e4kyl\u00e4 M19 800m 3.<\/li>\n<li>SM-hallit Jyvs\u00e4kyl\u00e4 M19 3000m 5.<\/li>\n<li>PM-maastot Tanska 16. joukkue 3.<\/li>\n<\/ul>\n<p>KATTILAKOSKI SUVI N17<\/p>\n<ul>\n<li>SM-Jyv\u00e4skyl\u00e4 N17 Pituus 2.<\/li>\n<li>SM-Jyv\u00e4skyl\u00e4 N17 300m aidat 3.<\/li>\n<li>SM-Jyv\u00e4skyl\u00e4 N17 100m aidat 5.<\/li>\n<li>SM-Mikkeli N17 4x300m 8.<\/li>\n<li>SM-Hallit Jyv\u00e4skyl\u00e4 N17 pituus 2.<\/li>\n<li>SM-Hallit Jyv\u00e4skyl\u00e4 N17 60m 4.<\/li>\n<li>PM-ottelut Norja N17 7-ottelu 1.<\/li>\n<li>Suomi-Puola-Baltia N17 400m aj 5.<\/li>\n<li>Suomi-Puola-Baltia N17 Pituus 3.<\/li>\n<li>Kalevan Kisat N Pituus 10.<\/li>\n<\/ul>\n<p>MUSTONEN RIIKKA N19<\/p>\n<ul>\n<li>SM-Maastot Kemi N19 8.<\/li>\n<li>SM-Mikkeli N19 4x800m 2.<\/li>\n<li>SM-Tampere N19 800m 5.<\/li>\n<li>SM-Tampere N19 1500m 3.<\/li>\n<li>SM-Hallit Jyv\u00e4skyl\u00e4 N19 1500m 8.<\/li>\n<li>SM-Hallit Jyv\u00e4skyl\u00e4 N19 800m 5.<\/li>\n<li>Suomi-Ruotsi Helsinki N18 1500m 3.<\/li>\n<\/ul>\n<p>PALOSAARI MIKKO M17<\/p>\n<ul>\n<li>SM-Mikkeli M19 4x800m 3.<\/li>\n<li>SM-Mikkeli M19 4x400m 7.<\/li>\n<li>SM-Jyv\u00e4skyl\u00e4 M17 800m 2.<\/li>\n<li>SM-halli Jyv\u00e4skyl\u00e4 M17 800m 1.<\/li>\n<li>SM-halli Jyv\u00e4skyl\u00e4 M17 1500m 1.<\/li>\n<li>Suomi-Baltia-Puola M17 800m 5.<\/li>\n<\/ul>\n<p>J\u00c4NK\u00c4 MARIKA N17<\/p>\n<ul>\n<li>SM-Mikkeli N19 4x800m 2.<\/li>\n<li>SM-Mikkeli N17 4x300m 8.<\/li>\n<li>SM-Maastot Kemi N17 4.<\/li>\n<li>SM-Jyv\u00e4skyl\u00e4 N17 800m 5.<\/li>\n<li>SM-Jyv\u00e4skyl\u00e4 N17 3000m 3.<\/li>\n<li>Suomi-Baltia-Puola N17 1500m 6.<\/li>\n<\/ul>\n<p>K\u00d6YKK\u00c4 JARNO M17<\/p>\n<ul>\n<li>SM-Tampere M19 Pituus joukkue 3.<\/li>\n<li>SM-Tampere M19 3-loikka joukkue 1.<\/li>\n<li>SM-Tampere M19 3-loikka 12.<\/li>\n<li>SM-Mikkeli M19 4x100m 2.<\/li>\n<li>SM-Mikkeli M19 4x100m aidat 2.<\/li>\n<li>SM-Hallit Jyv\u00e4skyl\u00e4 M19 pituus 13.<\/li>\n<\/ul>\n<p>KATTILAKOSKI TERO M17<\/p>\n<ul>\n<li>SM-Mikkeli M19 4x100m 2.<\/li>\n<li>SM-Mikkeli M19 4x100m aidat 2.<\/li>\n<li>Suomi-Ruotsi Helsinki M18 110m aidat 4.<\/li>\n<\/ul>\n<p>KIVEL\u00c4 JAAKKO M19<\/p>\n<ul>\n<li>SM-Mikkeli M19 4x100m 2.<\/li>\n<li>SM-Mikkeli M19 4x100m aidat 2.<\/li>\n<li>SM-Mikkeli M19 4x400m 7.<\/li>\n<\/ul>\n<p>NISULA ANTTI M19<\/p>\n<ul>\n<li>SM-Mikkeli M19 4x800m 3.<\/li>\n<li>SM-Maastot Kemi M19 12.<\/li>\n<\/ul>\n<p>KINNUNEN PETRI M19<\/p>\n<ul>\n<li>SM-Mikkeli M19 4x800m 3.<\/li>\n<\/ul>\n<p>PAJUNEN SUVI N17<\/p>\n<ul>\n<li>SM-Mikkeli N19 4x800m 2.<\/li>\n<li>SM-Mikkeli N17 4x300m 8.<\/li>\n<li>SM-Jyv\u00e4skyl\u00e4 N17 3000m 10.<\/li>\n<li>SM-Maastot Kemi N17 10.<\/li>\n<\/ul>\n<p>NIKULA EEMELI M22<\/p>\n<ul>\n<li>SM-Kouvola M22 Moukari 6.<\/li>\n<li>SM-Kaustinen talvi. M22 Moukari 5.<\/li>\n<\/ul>\n<p>NIKULA KALLE M19<\/p>\n<ul>\n<li>SM-Tampere M19 Moukari 7.<\/li>\n<li>SM-Tampere M19 Moukari joukkue 1.<\/li>\n<\/ul>\n<p>NIKULA VILLE M19<\/p>\n<ul>\n<li>SM-Tampere M19 Moukari 8.<\/li>\n<li>SM-Tampere M19 Moukari joukkue 1.<\/li>\n<\/ul>\n<p>UUSI-V\u00c4H\u00c4L\u00c4 KATI N19<\/p>\n<ul>\n<li>SM-Tampere N19 Moukari 6.<\/li>\n<li>SM-Talvimestaruus N19 moukari 2.<\/li>\n<\/ul>\n<p>KATTILAKOSKI ANNIKA T15<\/p>\n<ul>\n<li>SM-Mikkeli N19 4x800m 2.<\/li>\n<li>SM-Mikkeli N17 4x300m 8.<\/li>\n<\/ul>\n<p>KAUPPINEN TIMO M17<\/p>\n<ul>\n<li>SM-Jyv\u00e4skyl\u00e4 M17 3-loikka 6.<\/li>\n<li>SM-Hallit Jyv\u00e4skyl\u00e4 M17 3-loikka 6.<\/li>\n<\/ul>\n<p>HIIHTOJAOSTO<\/p>\n<p>HUHTAKANGAS SANNA T16<\/p>\n<ul>\n<li>T16 Hopeasompa Ylivieska 10.<\/li>\n<\/ul>\n<p>HUHTAKANGAS JANNE M20<\/p>\n<ul>\n<li>M20 10 km Punkalaidun 14.<\/li>\n<li>M20 30 km Puolanka 30.<\/li>\n<\/ul>\n<p>AMPUMAJAOSTO<\/p>\n<p>K\u00c4NS\u00c4L\u00c4 KIM Y20<\/p>\n<ul>\n<li>Y20 SM kansallinentrap Orimattila 5.<\/li>\n<li>Y20 SM 2-trap Lemp\u00e4\u00e4l\u00e4 3.<\/li>\n<li>Y20 SM 2-Trap joukkue Lemp\u00e4\u00e4l\u00e4 2.<\/li>\n<li>Y20 Pohjoismainen Mestaruus 2-trap 2.<\/li>\n<li>Y20 EM-Italia 2-trap joukkue 3.<\/li>\n<\/ul>\n<p>KAUSTINEN JOUNI Y20<\/p>\n<ul>\n<li>Y20 kansallinen trap Orimattila 3.<\/li>\n<li>Y20 2-trap joukkue Lemp\u00e4\u00e4l\u00e4 2.<\/li>\n<li>Y20 2-trap Lemp\u00e4\u00e4l\u00e4 4.<\/li>\n<\/ul>\n<p>JYLH\u00c4 ANSSI Y17<\/p>\n<ul>\n<li>Y20 2-trap joukkue Lemp\u00e4\u00e4l\u00e4 2.<\/li>\n<\/ul>\n<p>JUOPERI KALEVI Y50<\/p>\n<ul>\n<li>Y50 A-trap Sipoo kulta<\/li>\n<li>Y50 A-trap joukkue Sipoo kulta<\/li>\n<li>Y50 2-trap joukkue Tampere kulta<\/li>\n<\/ul>\n<p>PAAVOLA RISTO Y50<\/p>\n<ul>\n<li>Y50 A-trap joukkue Sipoo kulta<\/li>\n<li>Y50 2-trap joukkue Tampere kulta<\/li>\n<\/ul>\n<p>RANTAM\u00c4KI ESKO Y50<\/p>\n<ul>\n<li>Y50 A-trap joukkue Sipoo kulta<\/li>\n<li>Y50 2-trap joukkue Tampere kulta<\/li>\n<\/ul>\n<p>SUUNNISTUSJAOSTO<\/p>\n<p>KATTILAKOSKI MATTI M55<\/p>\n<ul>\n<li>M55 MM-Australia kulta<\/li>\n<li>M55 SM-p\u00e4iv\u00e4 hopea<\/li>\n<\/ul>\n","protected":false},"excerpt":{"rendered":"<p>SEURAN PARAS URHEILIJA \u00a0SUVI KATTILAKOSKI AMMUNTA \u00a0KIM K\u00c4NS\u00c4L\u00c4 HIIHTO \u00a0JANNE HUHTAKANGAS SUUNNITUS MATTI KATTILAKOSKI YLEISURHEILU SUVI KATTILAKOSKI JALKAPALLO MARKUS PALOSAARI KP-V:n urheilijoiden arvokisamenestys vuonna 2002 YLEISURHEILUJAOSTO TOIVONEN PETTERI M19 SM-Tampere M19 Pituus 4. SM-Tampere M19 Pituus joukkue 3. SM-Tampere M19 3-loikka 5. SM-Tampere M19 3-loikka joukkue 1. SM-Mikkeli M19 4x100m 2. SM-Mikkeli M19 4x100m aidat [&hellip;]<\/p>\n","protected":false},"author":1,"featured_media":0,"parent":19286,"menu_order":2,"comment_status":"closed","ping_status":"closed","template":"","meta":{"footnotes":""},"class_list":["post-19292","page","type-page","status-publish","hentry"],"_links":{"self":[{"href":"https:\/\/veikot2.kaustinen.fi\/index.php?rest_route=\/wp\/v2\/pages\/19292","targetHints":{"allow":["GET"]}}],"collection":[{"href":"https:\/\/veikot2.kaustinen.fi\/index.php?rest_route=\/wp\/v2\/pages"}],"about":[{"href":"https:\/\/veikot2.kaustinen.fi\/index.php?rest_route=\/wp\/v2\/types\/page"}],"author":[{"embeddable":true,"href":"https:\/\/veikot2.kaustinen.fi\/index.php?rest_route=\/wp\/v2\/users\/1"}],"replies":[{"embeddable":true,"href":"https:\/\/veikot2.kaustinen.fi\/index.php?rest_route=%2Fwp%2Fv2%2Fcomments&post=19292"}],"version-history":[{"count":6,"href":"https:\/\/veikot2.kaustinen.fi\/index.php?rest_route=\/wp\/v2\/pages\/19292\/revisions"}],"predecessor-version":[{"id":19298,"href":"https:\/\/veikot2.kaustinen.fi\/index.php?rest_route=\/wp\/v2\/pages\/19292\/revisions\/19298"}],"up":[{"embeddable":true,"href":"https:\/\/veikot2.kaustinen.fi\/index.php?rest_route=\/wp\/v2\/pages\/19286"}],"wp:attachment":[{"href":"https:\/\/veikot2.kaustinen.fi\/index.php?rest_route=%2Fwp%2Fv2%2Fmedia&parent=19292"}],"curies":[{"name":"wp","href":"https:\/\/api.w.org\/{rel}","templated":true}]}}