{"id":19301,"date":"2014-01-25T17:12:56","date_gmt":"2014-01-25T15:12:56","guid":{"rendered":"http:\/\/veikot.kaustinen.fi\/?page_id=19301"},"modified":"2014-01-25T17:14:56","modified_gmt":"2014-01-25T15:14:56","slug":"seuran-parhaat-2003","status":"publish","type":"page","link":"https:\/\/veikot2.kaustinen.fi\/?page_id=19301","title":{"rendered":"Seuran parhaat 2003"},"content":{"rendered":"<p>Seuran paras: PETTERI TOIVONEN<br \/>\n(samalla yleisurheilun paras)<\/p>\n<ul>\n<li>M22 pituus kulta<\/li>\n<li>Kalevan Kisat pituus 5.<\/li>\n<li>Ruotsi-Suomi maaotteluedustus<\/li>\n<\/ul>\n<p>Ammunnan paras: Juho Harjukoski<\/p>\n<ul>\n<li>Saavutukset kaudella 2003<\/li>\n<li>Y17 2-trap kulta<\/li>\n<li>Y20 2-trap joukkue hopea<\/li>\n<li>Y20 I-trap joukkue kultaa<\/li>\n<li>Y17 I-trap 4.<\/li>\n<\/ul>\n<p>Hiihdon paras mies:Janne Huhtakangas<\/p>\n<ul>\n<li>M23 SM 15km P 14.<\/li>\n<\/ul>\n<p>Hiihdon paras nainen: Heidi Kottari<\/p>\n<ul>\n<li>N18 SM 5 km V 6.<\/li>\n<li>N18 SM 10 km P 12.<\/li>\n<li>N18 SM 20 km V 9.<\/li>\n<\/ul>\n<p>Suunnistuksen paras: Heli Jylh\u00e4<\/p>\n<p>Painonnoston paras: Jouni K\u00e4ns\u00e4l\u00e4<\/p>\n<p>Judon paras: Rami Rauma<\/p>\n<p>Jalkapallon paras: Eero-pytty Markus Palosaari lopullisesti omakseen<\/p>\n<p>Kaustisen kunnan stipendit<\/p>\n<ul>\n<li>yleisurheilu<\/li>\n<li>Petteri Toivonen<\/li>\n<li>Suvi Kattilakoski<\/li>\n<li>Jaakko Kivel\u00e4<\/li>\n<li>Kalle Nikula<\/li>\n<li>Annika Kattilakoski<\/li>\n<li>Tuomas Kattilakoski<\/li>\n<li>Esa K\u00e4ns\u00e4koski<\/li>\n<li>Ville Nikula<\/li>\n<li>Riikka Mustonen<\/li>\n<li>Joonas Kivinen<\/li>\n<li>Johanna Virkkala<\/li>\n<li>Saara J\u00e4rvil\u00e4<\/li>\n<\/ul>\n<p>Hiihto<\/p>\n<ul>\n<li>Janne Huhtakangas<\/li>\n<li>Heidi Kottari<\/li>\n<li>Jussi Huhtakangas<\/li>\n<\/ul>\n<p>Ammunta<\/p>\n<ul>\n<li>Kim K\u00e4ns\u00e4l\u00e4<\/li>\n<li>Jarkko Juoperi<\/li>\n<li>Tuomas H\u00f6gnabba<\/li>\n<li>Juho Harjukoski<\/li>\n<li>Juha-Matti Hanhikoski<\/li>\n<\/ul>\n<p>Voimailu<\/p>\n<ul>\n<li>Jouni K\u00e4ns\u00e4l\u00e4<\/li>\n<\/ul>\n<p>Judo<\/p>\n<ul>\n<li>Rami Rauma<\/li>\n<\/ul>\n","protected":false},"excerpt":{"rendered":"<p>Seuran paras: PETTERI TOIVONEN (samalla yleisurheilun paras) M22 pituus kulta Kalevan Kisat pituus 5. Ruotsi-Suomi maaotteluedustus Ammunnan paras: Juho Harjukoski Saavutukset kaudella 2003 Y17 2-trap kulta Y20 2-trap joukkue hopea Y20 I-trap joukkue kultaa Y17 I-trap 4. Hiihdon paras mies:Janne Huhtakangas M23 SM 15km P 14. Hiihdon paras nainen: Heidi Kottari N18 SM 5 km [&hellip;]<\/p>\n","protected":false},"author":1,"featured_media":0,"parent":19286,"menu_order":4,"comment_status":"closed","ping_status":"closed","template":"","meta":{"footnotes":""},"class_list":["post-19301","page","type-page","status-publish","hentry"],"_links":{"self":[{"href":"https:\/\/veikot2.kaustinen.fi\/index.php?rest_route=\/wp\/v2\/pages\/19301","targetHints":{"allow":["GET"]}}],"collection":[{"href":"https:\/\/veikot2.kaustinen.fi\/index.php?rest_route=\/wp\/v2\/pages"}],"about":[{"href":"https:\/\/veikot2.kaustinen.fi\/index.php?rest_route=\/wp\/v2\/types\/page"}],"author":[{"embeddable":true,"href":"https:\/\/veikot2.kaustinen.fi\/index.php?rest_route=\/wp\/v2\/users\/1"}],"replies":[{"embeddable":true,"href":"https:\/\/veikot2.kaustinen.fi\/index.php?rest_route=%2Fwp%2Fv2%2Fcomments&post=19301"}],"version-history":[{"count":2,"href":"https:\/\/veikot2.kaustinen.fi\/index.php?rest_route=\/wp\/v2\/pages\/19301\/revisions"}],"predecessor-version":[{"id":19303,"href":"https:\/\/veikot2.kaustinen.fi\/index.php?rest_route=\/wp\/v2\/pages\/19301\/revisions\/19303"}],"up":[{"embeddable":true,"href":"https:\/\/veikot2.kaustinen.fi\/index.php?rest_route=\/wp\/v2\/pages\/19286"}],"wp:attachment":[{"href":"https:\/\/veikot2.kaustinen.fi\/index.php?rest_route=%2Fwp%2Fv2%2Fmedia&parent=19301"}],"curies":[{"name":"wp","href":"https:\/\/api.w.org\/{rel}","templated":true}]}}