{"id":22822,"date":"2014-03-09T22:24:49","date_gmt":"2014-03-09T20:24:49","guid":{"rendered":"http:\/\/veikot.kaustinen.fi\/?page_id=22822"},"modified":"2015-01-08T15:19:14","modified_gmt":"2015-01-08T12:19:14","slug":"salibandy","status":"publish","type":"page","link":"https:\/\/veikot2.kaustinen.fi\/?page_id=22822","title":{"rendered":"Salibandy"},"content":{"rendered":"<p>Salibandyn harrastus alkoi Kaustisella uuden urheilutalon valmistuttua 2011. Samana vuonna n\u00e4htiin jo ensimm\u00e4iset viralliset ottelut, kun miesten edustusjoukkue aloitti taipaleensa 5.divisioonassa. Talvella 2013-2014 miesten edustusjoukkue taisteli tosissaan noususta 4 divisioonaan j\u00e4\u00e4den pisteen p\u00e4\u00e4h\u00e4n karsintapaikasta.<\/p>\n<p>Joukkue pit\u00e4\u00e4 urheilutalolla harjoitukset, sek\u00e4 j\u00e4rjest\u00e4\u00e4 kotiturnaukset ja harjoitusotteluita. T\u00e4ll\u00e4 hetkell\u00e4 sarjatasolla kilpailee ainoastaan miesten edustusjoukkue. T\u00e4m\u00e4n lis\u00e4ksi toiminnassa on mukana naisia ja juniori-ik\u00e4isi\u00e4, joista on tarkoitus kehityksen my\u00f6t\u00e4 saada omat joukkueet. Junioreita on paljon mutta valmentajista on pulaa, jos olet v\u00e4h\u00e4nk\u00e4\u00e4n kiinnostunut valmentamisesta muttet ymm\u00e4rr\u00e4 paljoa salibandysta paljoakaan niin \u00e4l\u00e4 huolestu vaan \u00a0ota rohkesti yhteytt\u00e4.<\/p>\n<p>Miesten edustusjoukkue j\u00e4rjest\u00e4\u00e4 joka kev\u00e4t hurjan suosion saaneen firmas\u00e4hly-turnauksen, jossa t\u00e4rkeimp\u00e4n\u00e4 on liikkumisen ilo ja tottakai pieni kisailu kuuluu asiaan.<\/p>\n<p>&nbsp;<\/p>\n<p>Yhdyshenkil\u00f6<br \/>\nEemeli Puronaho &#x65;&#101;&#x6d;&#x65;&#108;&#x69;&#x2e;&#112;&#x75;&#x72;&#111;&#x6e;&#x61;h&#x6f;&#x40;g&#x6d;&#97;i&#x6c;&#46;c&#x6f;&#109; 050 3679316<\/p>\n","protected":false},"excerpt":{"rendered":"<p>Salibandyn harrastus alkoi Kaustisella uuden urheilutalon valmistuttua 2011. Samana vuonna n\u00e4htiin jo ensimm\u00e4iset viralliset ottelut, kun miesten edustusjoukkue aloitti taipaleensa 5.divisioonassa. Talvella 2013-2014 miesten edustusjoukkue taisteli tosissaan noususta 4 divisioonaan j\u00e4\u00e4den pisteen p\u00e4\u00e4h\u00e4n karsintapaikasta. Joukkue pit\u00e4\u00e4 urheilutalolla harjoitukset, sek\u00e4 j\u00e4rjest\u00e4\u00e4 kotiturnaukset ja harjoitusotteluita. T\u00e4ll\u00e4 hetkell\u00e4 sarjatasolla kilpailee ainoastaan miesten edustusjoukkue. T\u00e4m\u00e4n lis\u00e4ksi toiminnassa on mukana [&hellip;]<\/p>\n","protected":false},"author":1,"featured_media":0,"parent":0,"menu_order":6,"comment_status":"open","ping_status":"open","template":"","meta":{"footnotes":""},"class_list":["post-22822","page","type-page","status-publish","hentry"],"_links":{"self":[{"href":"https:\/\/veikot2.kaustinen.fi\/index.php?rest_route=\/wp\/v2\/pages\/22822","targetHints":{"allow":["GET"]}}],"collection":[{"href":"https:\/\/veikot2.kaustinen.fi\/index.php?rest_route=\/wp\/v2\/pages"}],"about":[{"href":"https:\/\/veikot2.kaustinen.fi\/index.php?rest_route=\/wp\/v2\/types\/page"}],"author":[{"embeddable":true,"href":"https:\/\/veikot2.kaustinen.fi\/index.php?rest_route=\/wp\/v2\/users\/1"}],"replies":[{"embeddable":true,"href":"https:\/\/veikot2.kaustinen.fi\/index.php?rest_route=%2Fwp%2Fv2%2Fcomments&post=22822"}],"version-history":[{"count":4,"href":"https:\/\/veikot2.kaustinen.fi\/index.php?rest_route=\/wp\/v2\/pages\/22822\/revisions"}],"predecessor-version":[{"id":24696,"href":"https:\/\/veikot2.kaustinen.fi\/index.php?rest_route=\/wp\/v2\/pages\/22822\/revisions\/24696"}],"wp:attachment":[{"href":"https:\/\/veikot2.kaustinen.fi\/index.php?rest_route=%2Fwp%2Fv2%2Fmedia&parent=22822"}],"curies":[{"name":"wp","href":"https:\/\/api.w.org\/{rel}","templated":true}]}}