{"id":22828,"date":"2005-11-05T22:31:48","date_gmt":"2005-11-05T20:31:48","guid":{"rendered":"http:\/\/veikot.kaustinen.fi\/?page_id=22828"},"modified":"2014-03-09T22:35:15","modified_gmt":"2014-03-09T20:35:15","slug":"suunnistuksen-historiaa","status":"publish","type":"page","link":"https:\/\/veikot2.kaustinen.fi\/?page_id=22828","title":{"rendered":"Suunnistuksen historiaa"},"content":{"rendered":"<p>Suomen Suunnistusliitto vietti valtakunnallista 60-vuotisjuhlaansa 1995. L\u00e4hes yht\u00e4 kauan on suunnistusta harrastettu Salonkyl\u00e4ss\u00e4, sill\u00e4 Salonkyl\u00e4n suunnistustoiminnan juuret juontavat 1930-luvun lopulle. Salonkyl\u00e4ss\u00e4 tuohon aikaan vire\u00e4sti toiminut suojeluskuntaj\u00e4rjest\u00f6 oli my\u00f6s suunnistustoiminnan alkuunpanija.<\/p>\n<p>Aluksi oli toiminnan esteen\u00e4 karttapula. Vuonna 1938 Eino Kattilakoski ( Aro ) teki seurantalon maastosta ensimm\u00e4isen mustavalkoisen suunnistuskartan tiluskarttojen pohjalta. Ennen sotia j\u00e4rjestettiin yhdet harjoitussuunnistukset, muuten ei juurikaan kilpailtu. Kartat kopioitiin mekaanisesti k\u00e4sin py\u00f6ritett\u00e4v\u00e4ll\u00e4 koneella.<\/p>\n<p>Sodan j\u00e4lkeen alkoi suunnistustoiminta uudelleen. Vuodesta 1947 l\u00e4htien alettiin j\u00e4rjest\u00e4\u00e4 harjoituskilpailuja, joissa oli mukana my\u00f6s nuorempia1920-luvulla syntyneit\u00e4 salonkyl\u00e4l\u00e4isi\u00e4. Tuolloin monisti kokkolalainen Pauli Joensuu Viiperin maastosta kartan, joka ulottui Samspottenilta pit\u00e4j\u00e4nrajan tuntumasta Aron taakse.<\/p>\n<p>My\u00f6s seurantalon maastossa j\u00e4rjestettiin 1940-luvun lopulla piirikunnalliset suunnistuskilpailut, joissa oli mukana mm. Pentti M, V\u00e4in\u00f6 ja Pentti O Salo sek\u00e4 Kuuno Kattilakoski.<\/p>\n<p>1950-luvun alkupuolella j\u00e4rjestettiin suunnistuskilpailut Arosta k\u00e4sin R\u00f6sp\u00e4kin maastossa. 1956 suunnistettiin Huhdan maastossa piirikunnalliset kilpailut. Tuolloin alkoi jo olla kilpailuissa my\u00f6s sarjoja nuorille ja muutaman vuoden kuluttua naisille, ja niinp\u00e4 v.1961 Viiperill\u00e4 j\u00e4rjestetyiss\u00e4 pm- viestisuunnistuksissa KP-V:n naiset salonkyl\u00e4l\u00e4isvoimin voittivat piirinmestaruuden.<\/p>\n<p>Salonkyl\u00e4n vilkasta suunnistustoimintaa kuvaa hyvin se, ett\u00e4 Pentti ja V\u00e4in\u00f6 Kattilakoski osallistuivat SM-kilpailuihin jo 1950-luvulla.V\u00e4in\u00f6 saavuttikin yli 56-vuotisten sarjassa SM pronssia v.1962 Halikossa. Samoihin aikoihin osallistui my\u00f6s nuorempi polvi Sauli , Matti, Eino ja Touko Kattilakoski SM kilpailuihin. Sauli Kattilakoski osallistui my\u00f6s nuorten maaotteluun ja Toini-sisar (nyk. Rauma) oli Keski-Pohjanmaan piirin edustajana maaottelussa.<\/p>\n<p>1969 j\u00e4rjestettiin Aron maastossa kansalliset kilpailut ja vuoden 1970 kansalliset kisailtiin Huhdan maastossa, koulun toimiessa kilpailukeskuksena. Pm- y\u00f6suunnistuskilpailut j\u00e4rjestettiin v.1970 Pauli Klemolan talon toimiessa kilpailukeskuksena. Simo, Juhani ja Terho Kattilakoski ottivat kolmoisvoiton Salonkyl\u00e4\u00e4n. My\u00f6s hiihtosuunnistuksen piirinmestaruudet viestien osalta ratkottiin Salonkyl\u00e4ss\u00e4 v.1974 . Seurantalon maastossa j\u00e4rjestettiin v.1981 suuret kaksip\u00e4iv\u00e4iset kilpailut, joissa miesten sarjan p\u00e4\u00e4palkintona oli sauna. Pari vuotta my\u00f6hemmin oli vuorossa pm- partiosuunnistuskilpailut. Vuonna 1987 j\u00e4rjestetyiss\u00e4 hiihtosuunnistuskilpailuissa oli keskuspaikkana koulu. Viimeisin Salonkyl\u00e4ss\u00e4 j\u00e4rjestetty suunnistuskilpailu on vuonna 1991 pikamatkan kansallinen kilpailu, jossa oli mukana l\u00e4hes 500 suunnistajaa.<\/p>\n<p>Vuonna 1969 osallistui KP-V:n joukkue ensi kertaa Jukolan viestiin ja sen j\u00e4lkeen on salonkyl\u00e4l\u00e4isi\u00e4 juossut Jukolassa joka vuosi. Vehkalahdella v.1971 juostussa Jukolan viestiss\u00e4 KP-V sijoittui kahdeksanneksi. Seitsem\u00e4st\u00e4 viestinviej\u00e4st\u00e4 viisi oli salonkyl\u00e4l\u00e4isi\u00e4 (Touko, Urpo, Matti, Eero ja Juhani Kattilakoski) ja kuudeskin viestinviej\u00e4 (Reino Heikkil\u00e4) toimi aikaisemmin kyl\u00e4n osuuskaupan myym\u00e4l\u00e4nhoitajana. Lis\u00e4ksi tuli 1970-luvulla menestyst\u00e4 henkil\u00f6kohtaisissa kilpailuissa , joista kirkkain Matti Kattilakosken SM-kulta hiihtosuunnistuksessa vuodelta 1976 ja kolmas tila 1977 sek\u00e4 kes\u00e4suunnistuksen SM-kilpailujen nelj\u00e4s sija. N\u00e4m\u00e4 n\u00e4yt\u00f6t toivat edustuspaikan hiihtosuunnistusmaaotteluun Ruotsia vastaan vuosina 1976 ja 1977. My\u00f6s Eero Kattilakoski menestyi hyvin ollen SM-hiihtosuunnistuskilpailujen nelj\u00e4s 1975 sek\u00e4 pronssia hiihtosuunnistusviestiss\u00e4 saavuttaneessa joukkueessa v. 1975. Matille on kertynyt lis\u00e4ksi useita SM-mitaleja ik\u00e4miessarjoissa 1980-luvulla. Mainittakoon ett\u00e4 Eero (1975) ja Matti (1977) olivat varaedustajina hiihtosuunnistuksen MM-kilpailuissa. T\u00e4m\u00e4n hetken kyl\u00e4n valovoimaisin suunnistaja on Sami L\u00f6fbacka. Edell\u00e4 mainittujen lis\u00e4ksi ovat kyl\u00e4n suunnistusmainetta pit\u00e4neet yll\u00e4 v\u00e4hint\u00e4\u00e4n pm- tasolla seuraavat: Seppo Kattilakoski, Kaija L\u00f6fbacka (Kattilakoski), Marjatta M\u00e4\u00e4tt\u00e4l\u00e4 (Kattilakoski), Outi Rauma (L\u00f6fbacka) ja Simo \u00c4mm\u00e4nkoski.<\/p>\n<p>\u00a9 Eero Kattilakoski<\/p>\n","protected":false},"excerpt":{"rendered":"<p>Suomen Suunnistusliitto vietti valtakunnallista 60-vuotisjuhlaansa 1995. L\u00e4hes yht\u00e4 kauan on suunnistusta harrastettu Salonkyl\u00e4ss\u00e4, sill\u00e4 Salonkyl\u00e4n suunnistustoiminnan juuret juontavat 1930-luvun lopulle. Salonkyl\u00e4ss\u00e4 tuohon aikaan vire\u00e4sti toiminut suojeluskuntaj\u00e4rjest\u00f6 oli my\u00f6s suunnistustoiminnan alkuunpanija. Aluksi oli toiminnan esteen\u00e4 karttapula. Vuonna 1938 Eino Kattilakoski ( Aro ) teki seurantalon maastosta ensimm\u00e4isen mustavalkoisen suunnistuskartan tiluskarttojen pohjalta. Ennen sotia j\u00e4rjestettiin yhdet harjoitussuunnistukset, [&hellip;]<\/p>\n","protected":false},"author":1,"featured_media":0,"parent":3465,"menu_order":2,"comment_status":"open","ping_status":"open","template":"","meta":{"footnotes":""},"class_list":["post-22828","page","type-page","status-publish","hentry"],"_links":{"self":[{"href":"https:\/\/veikot2.kaustinen.fi\/index.php?rest_route=\/wp\/v2\/pages\/22828","targetHints":{"allow":["GET"]}}],"collection":[{"href":"https:\/\/veikot2.kaustinen.fi\/index.php?rest_route=\/wp\/v2\/pages"}],"about":[{"href":"https:\/\/veikot2.kaustinen.fi\/index.php?rest_route=\/wp\/v2\/types\/page"}],"author":[{"embeddable":true,"href":"https:\/\/veikot2.kaustinen.fi\/index.php?rest_route=\/wp\/v2\/users\/1"}],"replies":[{"embeddable":true,"href":"https:\/\/veikot2.kaustinen.fi\/index.php?rest_route=%2Fwp%2Fv2%2Fcomments&post=22828"}],"version-history":[{"count":1,"href":"https:\/\/veikot2.kaustinen.fi\/index.php?rest_route=\/wp\/v2\/pages\/22828\/revisions"}],"predecessor-version":[{"id":22829,"href":"https:\/\/veikot2.kaustinen.fi\/index.php?rest_route=\/wp\/v2\/pages\/22828\/revisions\/22829"}],"up":[{"embeddable":true,"href":"https:\/\/veikot2.kaustinen.fi\/index.php?rest_route=\/wp\/v2\/pages\/3465"}],"wp:attachment":[{"href":"https:\/\/veikot2.kaustinen.fi\/index.php?rest_route=%2Fwp%2Fv2%2Fmedia&parent=22828"}],"curies":[{"name":"wp","href":"https:\/\/api.w.org\/{rel}","templated":true}]}}