{"id":22832,"date":"2014-03-09T22:48:04","date_gmt":"2014-03-09T20:48:04","guid":{"rendered":"http:\/\/veikot.kaustinen.fi\/?page_id=22832"},"modified":"2014-04-27T23:29:41","modified_gmt":"2014-04-27T20:29:41","slug":"suunnistuskarttoja","status":"publish","type":"page","link":"https:\/\/veikot2.kaustinen.fi\/?page_id=22832","title":{"rendered":"Suunnistuskarttoja"},"content":{"rendered":"<table>\n<tbody>\n<tr>\n<td colspan=\"2\"><a href=\"http:\/\/veikot.kaustinen.fi\/wp\/wp-content\/uploads\/2014\/03\/suunnistuskartat.jpg\"><img loading=\"lazy\" decoding=\"async\" width=\"701\" height=\"632\" class=\"alignleft  wp-image-23086\" src=\"http:\/\/veikot.kaustinen.fi\/wp\/wp-content\/uploads\/2014\/03\/suunnistuskartat.jpg\" alt=\"suunnistuskartat\" srcset=\"https:\/\/veikot2.kaustinen.fi\/wp\/wp-content\/uploads\/2014\/03\/suunnistuskartat.jpg 701w, https:\/\/veikot2.kaustinen.fi\/wp\/wp-content\/uploads\/2014\/03\/suunnistuskartat-300x270.jpg 300w, https:\/\/veikot2.kaustinen.fi\/wp\/wp-content\/uploads\/2014\/03\/suunnistuskartat-624x562.jpg 624w\" sizes=\"auto, (max-width: 701px) 100vw, 701px\" \/><\/a><\/td>\n<\/tr>\n<tr>\n<td>1. Hiihtom\u00e4en maasto 1976 1:20 000<br \/>\n2. Palo-Oosi 1976 1:20 000<br \/>\n3. P\u00f6\u00f6skallio 1979 1:20 000<br \/>\n4. Salonkyl\u00e4 1981 1:20 000<br \/>\n5. Puhkio 1982 1:10 000<br \/>\n6. K\u00f6yh\u00e4joki Ylip\u00e4\u00e4 1982 1:15 000<br \/>\n7. Lissanti 1984 1:20 000<br \/>\n8. K\u00f6yh\u00e4joki 1985 1:15 000<br \/>\n9. Tastula-Vintturi 1986 1:15 000<br \/>\n10. Jylh\u00e4 1987 1:15 000<br \/>\n11. Korpimaa 1987 1:15 000<br \/>\n12. J\u00e4rvel\u00e4 1988 1:10 000<br \/>\n13. P\u00f6\u00f6skallio 1989 1:15 000<br \/>\n14. Markusneva 1991 1:15 000<\/td>\n<td>15. K\u00e4ns\u00e4l\u00e4 1992 1:10 000<br \/>\n16. Nuolinen 1992 1:15 000<br \/>\n17. Varila 1994 1:10 000<br \/>\n18. Vesineva 1995 1:15 000<br \/>\n19. Roskakallio 1996 1:15 000<br \/>\n20. J\u00e4rvel\u00e4 1997 1:10 000<br \/>\n21. Puhkio 1997 1:10 000<br \/>\n22. Tastula 1998 1:10 000<br \/>\n23. Konikallio 1999 1:10 000<br \/>\n24.\u00a0Vitarinki 2001 1:10 000<br \/>\n25. Jylh\u00e4 2002 1:10 000<br \/>\n26. Pahkaharju 2002 1:10 000<br \/>\n27. Finninkallio 2002 1:10 000<\/td>\n<\/tr>\n<\/tbody>\n<\/table>\n<p>Karttoja voi ostaa seuran toimistosta Urheilutalolta.<\/p>\n<p>Hinnat 1- 3 euroa\/kpl. My\u00f6s erilaisia paketteja sopimuksen mukaan.<\/p>\n<p>Tiedustelut: Eero Kattilakoski, 040 867 6754, E-mail: <a href=\"&#109;a&#x69;l&#x74;o&#x3a;&#101;&#x65;&#114;&#x6f;&#46;k&#x61;t&#x74;i&#x6c;&#97;&#x6b;&#111;&#x73;&#107;&#x69;&#64;k&#x61;u&#x73;t&#x69;&#110;&#x65;&#110;&#x2e;&#102;&#x69;\">&#x65;&#101;&#114;o&#x2e;&#x6b;&#97;t&#x74;&#x69;&#108;a&#x6b;&#x6f;&#115;k&#x69;&#x40;&#107;a&#x75;&#x73;&#116;i&#x6e;&#x65;&#110;&#46;f&#x69;<\/a><\/p>\n","protected":false},"excerpt":{"rendered":"<p>1. Hiihtom\u00e4en maasto 1976 1:20 000 2. Palo-Oosi 1976 1:20 000 3. P\u00f6\u00f6skallio 1979 1:20 000 4. Salonkyl\u00e4 1981 1:20 000 5. Puhkio 1982 1:10 000 6. K\u00f6yh\u00e4joki Ylip\u00e4\u00e4 1982 1:15 000 7. Lissanti 1984 1:20 000 8. K\u00f6yh\u00e4joki 1985 1:15 000 9. Tastula-Vintturi 1986 1:15 000 10. Jylh\u00e4 1987 1:15 000 11. Korpimaa 1987 [&hellip;]<\/p>\n","protected":false},"author":1,"featured_media":0,"parent":3465,"menu_order":3,"comment_status":"open","ping_status":"open","template":"","meta":{"footnotes":""},"class_list":["post-22832","page","type-page","status-publish","hentry"],"_links":{"self":[{"href":"https:\/\/veikot2.kaustinen.fi\/index.php?rest_route=\/wp\/v2\/pages\/22832","targetHints":{"allow":["GET"]}}],"collection":[{"href":"https:\/\/veikot2.kaustinen.fi\/index.php?rest_route=\/wp\/v2\/pages"}],"about":[{"href":"https:\/\/veikot2.kaustinen.fi\/index.php?rest_route=\/wp\/v2\/types\/page"}],"author":[{"embeddable":true,"href":"https:\/\/veikot2.kaustinen.fi\/index.php?rest_route=\/wp\/v2\/users\/1"}],"replies":[{"embeddable":true,"href":"https:\/\/veikot2.kaustinen.fi\/index.php?rest_route=%2Fwp%2Fv2%2Fcomments&post=22832"}],"version-history":[{"count":7,"href":"https:\/\/veikot2.kaustinen.fi\/index.php?rest_route=\/wp\/v2\/pages\/22832\/revisions"}],"predecessor-version":[{"id":23598,"href":"https:\/\/veikot2.kaustinen.fi\/index.php?rest_route=\/wp\/v2\/pages\/22832\/revisions\/23598"}],"up":[{"embeddable":true,"href":"https:\/\/veikot2.kaustinen.fi\/index.php?rest_route=\/wp\/v2\/pages\/3465"}],"wp:attachment":[{"href":"https:\/\/veikot2.kaustinen.fi\/index.php?rest_route=%2Fwp%2Fv2%2Fmedia&parent=22832"}],"curies":[{"name":"wp","href":"https:\/\/api.w.org\/{rel}","templated":true}]}}