{"id":22842,"date":"2014-03-09T23:41:47","date_gmt":"2014-03-09T21:41:47","guid":{"rendered":"http:\/\/veikot.kaustinen.fi\/?page_id=22842"},"modified":"2016-01-05T00:03:54","modified_gmt":"2016-01-04T21:03:54","slug":"naisvoimistelu","status":"publish","type":"page","link":"https:\/\/veikot2.kaustinen.fi\/?page_id=22842","title":{"rendered":"Naisvoimistelu"},"content":{"rendered":"<p>Naisvoimistelujaosto on pyrkinyt tarjoamaan erilaisia jumppia kaikentasoille liikkujille. Tarjontaa on pyritty my\u00f6s suuntaamaan sivukylille. Jos olet kiinnostunut vaikuttamaan jaostossa tai haluat ohjata, ota yhteytt\u00e4!<\/p>\n<p>Hinnat ovat kertamaksu 5 euroa, 10 x kortti 45 euroa.<br \/>\nEl\u00e4kel\u00e4isille, opiskelijoille ja seuran j\u00e4senille 10 x kortti 35 euroa.<\/p>\n<p><u><strong>Kev\u00e4t 2016<\/strong><br \/>\n<\/u><\/p>\n<p><strong>Ma; kahvakuula klo 19-20 urheilutalon peilisali, ohjaajana Taru Varila <\/strong><\/p>\n<p>Monipuolinen lihaskuntotunti kahvakuulilla, jossa my\u00f6s syke kohoaa. Harjoitellaan kahvakuulailun perusliikkeiden tekniikkaa (heilautus, rinnalleveto, ty\u00f6nt\u00f6, tempaus) sek\u00e4 paljon oheisliikkeit\u00e4. Omat kahvakuulat mukaan tunnille.<\/p>\n<p><strong>Ti; venyttely klo 17-18 urheilutalon tatami, ohjaajana Tuija Lahti-Luopa<\/strong><\/p>\n<p>Syv\u00e4venyttelyss\u00e4 keskityt\u00e4\u00e4n lis\u00e4\u00e4m\u00e4\u00e4n lihasten kimmoisuutta, nivelten liikelaajuutta ja palauttamaan ja edist\u00e4m\u00e4\u00e4n koko kehon liikkuvuutta ohjatusti ja tehokkaasti.<\/p>\n<p><strong>Ti; Kunnon jumppa klo 19- 20 urheilutalon peilisali, ohjaajana Irina Peltoniemi<\/strong><\/p>\n<p>Jumpataan erilaisin jumppamuodoin; mm. kuntopiirill\u00e4 sek\u00e4 aerobic-tyyppisesti. Tunnin sis\u00e4lt\u00f6 on l\u00e4mmittely, treeniosuus (lihaskunto) ja venyttely. Sopii kaikentasoisille!<\/p>\n<p><strong>To; Ladyjumppa klo 18-19 urheilutalon peilisali, ohjaajana Minna Anttila<\/strong><\/p>\n<p>Rauhallinen, mutta tehokas jumppa aloittelijoille sek\u00e4 varttuneille. L\u00e4mmitell\u00e4\u00e4n hyvin, lihaskunto-osuus ja kunnon venyttelyosio p\u00e4\u00e4lle.<\/p>\n<p><strong>To; CrossiTreeni klo 19-20 Peilisalissa, ohjaajana Minna Anttila ja Taru Varila<\/p>\n<p><\/strong>Perusliikkeist\u00e4 koostettu tunti, joka tuntuu! Haasta itsesi, puolisosi, naapurisi, yst\u00e4v\u00e4si tai ty\u00f6kaverisi ja tulkaa yhdess\u00e4 treenaamaan! L\u00e4mmittely, liikkeiden l\u00e4pik\u00e4ynti, tekemisen meiningist\u00e4 koostuva treeniosuus ja j\u00e4\u00e4hdyttely.<\/p>\n<table>\n<tbody>\n<tr>\n<td colspan=\"4\">\n<h3>Naisvoimistelujaosto<\/h3>\n<\/td>\n<\/tr>\n<tr>\n<td><b>Puheenjohtaja<\/b><\/td>\n<td>Maria Stenman<\/td>\n<td><\/td>\n<td><\/td>\n<\/tr>\n<tr>\n<td><b>Sihteeri<\/b><\/td>\n<td>Minna Anttila<\/td>\n<td><\/td>\n<\/tr>\n<tr>\n<td><\/td>\n<td>Mirja Teerikangas<\/td>\n<td>\u00a0&#x6d;&#x69;&#114;&#106;&#97;&#107;a&#64;k&#x61;&#x75;&#x73;&#x74;&#x69;&#110;&#101;&#110;&#46;fi<\/td>\n<td><\/td>\n<\/tr>\n<tr>\n<td><\/td>\n<td>Eeva-Leena Viiperi<\/td>\n<td><\/td>\n<td><\/td>\n<\/tr>\n<tr>\n<td><\/td>\n<td><\/td>\n<td><\/td>\n<td><\/td>\n<\/tr>\n<tr>\n<td><\/td>\n<td><\/td>\n<\/tr>\n<\/tbody>\n<\/table>\n","protected":false},"excerpt":{"rendered":"<p>Naisvoimistelujaosto on pyrkinyt tarjoamaan erilaisia jumppia kaikentasoille liikkujille. Tarjontaa on pyritty my\u00f6s suuntaamaan sivukylille. Jos olet kiinnostunut vaikuttamaan jaostossa tai haluat ohjata, ota yhteytt\u00e4! Hinnat ovat kertamaksu 5 euroa, 10 x kortti 45 euroa. El\u00e4kel\u00e4isille, opiskelijoille ja seuran j\u00e4senille 10 x kortti 35 euroa. Kev\u00e4t 2016 Ma; kahvakuula klo 19-20 urheilutalon peilisali, ohjaajana Taru Varila [&hellip;]<\/p>\n","protected":false},"author":1,"featured_media":0,"parent":0,"menu_order":7,"comment_status":"open","ping_status":"open","template":"","meta":{"footnotes":""},"class_list":["post-22842","page","type-page","status-publish","hentry"],"_links":{"self":[{"href":"https:\/\/veikot2.kaustinen.fi\/index.php?rest_route=\/wp\/v2\/pages\/22842","targetHints":{"allow":["GET"]}}],"collection":[{"href":"https:\/\/veikot2.kaustinen.fi\/index.php?rest_route=\/wp\/v2\/pages"}],"about":[{"href":"https:\/\/veikot2.kaustinen.fi\/index.php?rest_route=\/wp\/v2\/types\/page"}],"author":[{"embeddable":true,"href":"https:\/\/veikot2.kaustinen.fi\/index.php?rest_route=\/wp\/v2\/users\/1"}],"replies":[{"embeddable":true,"href":"https:\/\/veikot2.kaustinen.fi\/index.php?rest_route=%2Fwp%2Fv2%2Fcomments&post=22842"}],"version-history":[{"count":10,"href":"https:\/\/veikot2.kaustinen.fi\/index.php?rest_route=\/wp\/v2\/pages\/22842\/revisions"}],"predecessor-version":[{"id":26462,"href":"https:\/\/veikot2.kaustinen.fi\/index.php?rest_route=\/wp\/v2\/pages\/22842\/revisions\/26462"}],"wp:attachment":[{"href":"https:\/\/veikot2.kaustinen.fi\/index.php?rest_route=%2Fwp%2Fv2%2Fmedia&parent=22842"}],"curies":[{"name":"wp","href":"https:\/\/api.w.org\/{rel}","templated":true}]}}