{"id":22889,"date":"2014-03-18T22:37:20","date_gmt":"2014-03-18T20:37:20","guid":{"rendered":"http:\/\/veikot.kaustinen.fi\/?page_id=22889"},"modified":"2016-02-23T06:20:38","modified_gmt":"2016-02-23T04:20:38","slug":"ajankohtaista","status":"publish","type":"page","link":"https:\/\/veikot2.kaustinen.fi\/?page_id=22889","title":{"rendered":"Ajankohtaista"},"content":{"rendered":"<p><strong>KP-V:n judokoiden vuosi 2016 on k\u00e4ynnistynyt aktiivisen kisaamisen merkeiss\u00e4<\/strong><\/p>\n<p>&nbsp;<\/p>\n<p>Yhteenvetoa ja tuloksia alkuvuoden judokisoista:<\/p>\n<p>&nbsp;<\/p>\n<p><strong>Samurai cup 1 Lahti 16.1.2016<\/strong><\/p>\n<p>Tiia Timmerbacka osallistui 16.1.2016 Lahdessa k\u00e4ytyyn Samurai Cupin ensimm\u00e4iseen osakilpailuun. Timmerbacka taisteli nelj\u00e4nneksi sarjan T18 alle 57 kilon painoluokassa ja pronssille sarjan N21 vastaavassa painoluokassa.<\/p>\n<p>&nbsp;<\/p>\n<p><strong>Ice Power Cup Tampere 23.1.2016<\/strong><\/p>\n<p>Tiia Timmerbacka ja Georgi Stefanov osallistuivat 23.1.2016 Tampereella j\u00e4rjestettyyn Ice Power Cup \u2013judokisaan. Sek\u00e4 Timmerbacka, ett\u00e4 Stefanov, taistelivat kisassa hopealle. Timmerbacka sarjan T18 alle 57 kilon painoluokassa ja Stefanov sarjan P18 alle 50 kilon painoluokassa.<\/p>\n<p>&nbsp;<\/p>\n<p><strong>Nuorten SM Tampere 13.2.2016<\/strong><\/p>\n<p>Nuorten SM kisoissa Kaustisen Pohjan-Veikkojen judokoita edustivat Tiia Timmerbacka, Matilda Raiskila ja Georgi Stefanov.<\/p>\n<p>Sek\u00e4 Raiskila, ett\u00e4 Timmerbacka taistelivat pronssille kovatasoisissa nuorten SM kisoissa. Rasikila sarjan N21 alle 70 kilon painoluokassa ja Timmerbacka sarjan T18 alle 57 kilon painoluokassa. Stefanov sijoittui viidenneksi sarjan P18 alle 50 kilon painoluokassa.<\/p>\n<p>&nbsp;<\/p>\n<p><strong>L\u00e4nsi-Suomen aluemestaruuskilpailut Evij\u00e4rvi 20.2.2016<\/strong><\/p>\n<p>Stefanov ja \u00d6sterbacka aluemestareiksi, Pyry Rauma ja Aada Granbacka mitaleille.<\/p>\n<p>L\u00e4nsi-Suomen avoimissa aluemestaruuskisoissa Kaustisen Pohjan-Veikkojen judokoita edustivat; Aada ja Mici Granbacka, Sandra \u00d6sterbacka, Sisu ja Pyry Rauma sek\u00e4 Georgi Stefanov.<\/p>\n<p>Stefanov voitti aluemestaruuden sarjan P18 painoluokassa alle 50 kiloa ja taisteli pronssille saman ik\u00e4luokan painoluokassa alle 55 kiloa. \u00d6sterbacka voitti aluemestaruuden sarjan T15 painoluokassa alle 48 kiloa. Pyry Rauma otteli hopealle sarjan P15 painoluokassa alle 60 kiloa ja Aada Granbacka sarjan T11 painoluokassa alle 32 kiloa.<\/p>\n","protected":false},"excerpt":{"rendered":"<p>KP-V:n judokoiden vuosi 2016 on k\u00e4ynnistynyt aktiivisen kisaamisen merkeiss\u00e4 &nbsp; Yhteenvetoa ja tuloksia alkuvuoden judokisoista: &nbsp; Samurai cup 1 Lahti 16.1.2016 Tiia Timmerbacka osallistui 16.1.2016 Lahdessa k\u00e4ytyyn Samurai Cupin ensimm\u00e4iseen osakilpailuun. Timmerbacka taisteli nelj\u00e4nneksi sarjan T18 alle 57 kilon painoluokassa ja pronssille sarjan N21 vastaavassa painoluokassa. &nbsp; Ice Power Cup Tampere 23.1.2016 Tiia Timmerbacka ja [&hellip;]<\/p>\n","protected":false},"author":1,"featured_media":0,"parent":22784,"menu_order":8,"comment_status":"open","ping_status":"open","template":"","meta":{"footnotes":""},"class_list":["post-22889","page","type-page","status-publish","hentry"],"_links":{"self":[{"href":"https:\/\/veikot2.kaustinen.fi\/index.php?rest_route=\/wp\/v2\/pages\/22889","targetHints":{"allow":["GET"]}}],"collection":[{"href":"https:\/\/veikot2.kaustinen.fi\/index.php?rest_route=\/wp\/v2\/pages"}],"about":[{"href":"https:\/\/veikot2.kaustinen.fi\/index.php?rest_route=\/wp\/v2\/types\/page"}],"author":[{"embeddable":true,"href":"https:\/\/veikot2.kaustinen.fi\/index.php?rest_route=\/wp\/v2\/users\/1"}],"replies":[{"embeddable":true,"href":"https:\/\/veikot2.kaustinen.fi\/index.php?rest_route=%2Fwp%2Fv2%2Fcomments&post=22889"}],"version-history":[{"count":82,"href":"https:\/\/veikot2.kaustinen.fi\/index.php?rest_route=\/wp\/v2\/pages\/22889\/revisions"}],"predecessor-version":[{"id":26648,"href":"https:\/\/veikot2.kaustinen.fi\/index.php?rest_route=\/wp\/v2\/pages\/22889\/revisions\/26648"}],"up":[{"embeddable":true,"href":"https:\/\/veikot2.kaustinen.fi\/index.php?rest_route=\/wp\/v2\/pages\/22784"}],"wp:attachment":[{"href":"https:\/\/veikot2.kaustinen.fi\/index.php?rest_route=%2Fwp%2Fv2%2Fmedia&parent=22889"}],"curies":[{"name":"wp","href":"https:\/\/api.w.org\/{rel}","templated":true}]}}