{"id":22911,"date":"2014-03-19T23:10:25","date_gmt":"2014-03-19T21:10:25","guid":{"rendered":"http:\/\/veikot.kaustinen.fi\/?page_id=22911"},"modified":"2014-11-28T14:08:17","modified_gmt":"2014-11-28T11:08:17","slug":"hiihtolinkkeja","status":"publish","type":"page","link":"https:\/\/veikot2.kaustinen.fi\/?page_id=22911","title":{"rendered":"Hiihtolinkkej\u00e4"},"content":{"rendered":"<ul>\n<li>http:\/\/www.hiihtostadion.net\u00a0&#8211; Tuloksia, l\u00e4ht\u00f6listoja, uutisia!<\/li>\n<li><a href=\"http:\/\/www.hiihtoliitto.fi\/\" target=\"_blank\">http:\/\/www.hiihtoliitto.fi<\/a>\u00a0&#8211; Suomen hiihtoliitto<\/li>\n<li><a href=\"http:\/\/www.kephi.com\/\" target=\"_blank\">http:\/\/www.kephi.com<\/a>\u00a0&#8211; Keski-Pohjanmaan Hiihto Ry<\/li>\n<\/ul>\n<h3>S\u00e4\u00e4tietoja Keski-Pohjanmaan alueelta:<\/h3>\n<ul>\n<li><a href=\"http:\/\/salamatutka.pponetti.com\/\">Pohjanmaan salamatutka<\/a><\/li>\n<li><a href=\"http:\/\/weather.regionline.fi\">Kokkola Regionline s\u00e4\u00e4asema<\/a><\/li>\n<li><a href=\"http:\/\/www.tiehallinto.fi\/alk\/tiesaa\/tiesaa_maak_14.html\">Tielaitoksen s\u00e4\u00e4havaintopisteet<\/a><\/li>\n<li><a href=\"http:\/\/www.foreca.com\/fin\/saa\/\">Forecan s\u00e4\u00e4ennuste<\/a><\/li>\n<li><a href=\"http:\/\/www.fmi.fi\/saa\/paikalli.html?kunta=Kokkola\">Ilmatieteen laitoksen 5 vrk s\u00e4\u00e4ennuste Kokkolaan<\/a><\/li>\n<\/ul>\n<h3>Voiteen valintaohjeita:<\/h3>\n<ul>\n<li><a href=\"http:\/\/www.rexskiwax.com\/\">Rex<\/a><\/li>\n<li><a href=\"http:\/\/www.startex.fi\/\">Start<\/a><\/li>\n<li><a href=\"http:\/\/www.swixsport.com\/\">Swix<\/a><\/li>\n<li><a href=\"http:\/\/www.vauhti.fi\/\">Vauhti<\/a><\/li>\n<li>Toko<\/li>\n<\/ul>\n","protected":false},"excerpt":{"rendered":"<p>http:\/\/www.hiihtostadion.net\u00a0&#8211; Tuloksia, l\u00e4ht\u00f6listoja, uutisia! http:\/\/www.hiihtoliitto.fi\u00a0&#8211; Suomen hiihtoliitto http:\/\/www.kephi.com\u00a0&#8211; Keski-Pohjanmaan Hiihto Ry S\u00e4\u00e4tietoja Keski-Pohjanmaan alueelta: Pohjanmaan salamatutka Kokkola Regionline s\u00e4\u00e4asema Tielaitoksen s\u00e4\u00e4havaintopisteet Forecan s\u00e4\u00e4ennuste Ilmatieteen laitoksen 5 vrk s\u00e4\u00e4ennuste Kokkolaan Voiteen valintaohjeita: Rex Start Swix Vauhti Toko<\/p>\n","protected":false},"author":1,"featured_media":0,"parent":19209,"menu_order":4,"comment_status":"open","ping_status":"open","template":"","meta":{"footnotes":""},"class_list":["post-22911","page","type-page","status-publish","hentry"],"_links":{"self":[{"href":"https:\/\/veikot2.kaustinen.fi\/index.php?rest_route=\/wp\/v2\/pages\/22911","targetHints":{"allow":["GET"]}}],"collection":[{"href":"https:\/\/veikot2.kaustinen.fi\/index.php?rest_route=\/wp\/v2\/pages"}],"about":[{"href":"https:\/\/veikot2.kaustinen.fi\/index.php?rest_route=\/wp\/v2\/types\/page"}],"author":[{"embeddable":true,"href":"https:\/\/veikot2.kaustinen.fi\/index.php?rest_route=\/wp\/v2\/users\/1"}],"replies":[{"embeddable":true,"href":"https:\/\/veikot2.kaustinen.fi\/index.php?rest_route=%2Fwp%2Fv2%2Fcomments&post=22911"}],"version-history":[{"count":5,"href":"https:\/\/veikot2.kaustinen.fi\/index.php?rest_route=\/wp\/v2\/pages\/22911\/revisions"}],"predecessor-version":[{"id":24580,"href":"https:\/\/veikot2.kaustinen.fi\/index.php?rest_route=\/wp\/v2\/pages\/22911\/revisions\/24580"}],"up":[{"embeddable":true,"href":"https:\/\/veikot2.kaustinen.fi\/index.php?rest_route=\/wp\/v2\/pages\/19209"}],"wp:attachment":[{"href":"https:\/\/veikot2.kaustinen.fi\/index.php?rest_route=%2Fwp%2Fv2%2Fmedia&parent=22911"}],"curies":[{"name":"wp","href":"https:\/\/api.w.org\/{rel}","templated":true}]}}