{"id":25582,"date":"2015-05-02T16:27:43","date_gmt":"2015-05-02T14:27:43","guid":{"rendered":"http:\/\/veikot.kaustinen.fi\/?page_id=25582"},"modified":"2015-05-02T16:37:24","modified_gmt":"2015-05-02T14:37:24","slug":"kevatkansallinen-16-5","status":"publish","type":"page","link":"https:\/\/veikot2.kaustinen.fi\/?page_id=25582","title":{"rendered":"Kev\u00e4tkansallinen 16.5."},"content":{"rendered":"<h2>Kev\u00e4tkansallinen keskimatkan<\/h2>\n<h1>Suunnistuskilpailu Kaustisella la 16.5.2015<\/h1>\n<p>sek\u00e4 Kultainen Kompassi \u2013cupin osakilpailu.<\/p>\n<p><strong>Sarjat:<\/strong> H\/D21A, H21B, H\/D21C, H\/D35-75, H80-85, H\/D20, H\/D18, H\/D16, H\/D14, H\/D13, H\/D12, H\/D12TR, H\/D10RR. Kunto A, B, C.<\/p>\n<p><strong>Maksut:<\/strong> H\/D20-85 16 \u20ac, H\/D16-18 13 \u20ac, H\/D10-14 10 \u20ac IRMA-palvelun kautta. Kuntosarjoihin 8 \u20ac mahdollista ilmoittautua my\u00f6s paikan p\u00e4\u00e4ll\u00e4.<\/p>\n<p><strong>Ilmoittautumiset:<\/strong> Ma 11.5. menness\u00e4 <a href=\"https:\/\/irma.suunnistusliitto.fi\/irma\/public\/competition\/view;jsessionid=1EF0325EE2B05DEDCC6E05179CE2386F?id=22025\">IRMA-palvelun<\/a> kautta.<\/p>\n<p><strong>J\u00e4lki-ilmoittautumiset: <\/strong>1,5-kertaisin maksuin to 14.5. klo 21.00 menness\u00e4.<\/p>\n<p><strong>Kartta<\/strong>: Tulostekartta 1:10 000\/2,5 \/ 05\/2015.<\/p>\n<p><strong>Opastus: <\/strong>Vt 13 9 km Kaustiselta Kokkolan suuntaan, josta ajoaika 10 min Kaustisen Salonkyl\u00e4\u00e4n.<\/p>\n<p><strong>Ensimm\u00e4inen l\u00e4ht\u00f6:<\/strong> Klo 11.00.<\/p>\n<p><strong>Toimihenkil\u00f6t:<\/strong> Kilpailun johtaja Heikki Pajukangas 040 779 1044, ratamestari Juha Lerssi, valvoja Erkki Koivukangas, KoS.<\/p>\n<p><strong>Tervetuloa !<\/strong><\/p>\n<p><strong>Kaustisen Pohjan-Veikot<\/strong><\/p>\n","protected":false},"excerpt":{"rendered":"<p>Kev\u00e4tkansallinen keskimatkan Suunnistuskilpailu Kaustisella la 16.5.2015 sek\u00e4 Kultainen Kompassi \u2013cupin osakilpailu. Sarjat: H\/D21A, H21B, H\/D21C, H\/D35-75, H80-85, H\/D20, H\/D18, H\/D16, H\/D14, H\/D13, H\/D12, H\/D12TR, H\/D10RR. Kunto A, B, C. Maksut: H\/D20-85 16 \u20ac, H\/D16-18 13 \u20ac, H\/D10-14 10 \u20ac IRMA-palvelun kautta. Kuntosarjoihin 8 \u20ac mahdollista ilmoittautua my\u00f6s paikan p\u00e4\u00e4ll\u00e4. Ilmoittautumiset: Ma 11.5. menness\u00e4 IRMA-palvelun kautta. [&hellip;]<\/p>\n","protected":false},"author":1,"featured_media":0,"parent":3468,"menu_order":0,"comment_status":"open","ping_status":"open","template":"","meta":{"footnotes":""},"class_list":["post-25582","page","type-page","status-publish","hentry"],"_links":{"self":[{"href":"https:\/\/veikot2.kaustinen.fi\/index.php?rest_route=\/wp\/v2\/pages\/25582","targetHints":{"allow":["GET"]}}],"collection":[{"href":"https:\/\/veikot2.kaustinen.fi\/index.php?rest_route=\/wp\/v2\/pages"}],"about":[{"href":"https:\/\/veikot2.kaustinen.fi\/index.php?rest_route=\/wp\/v2\/types\/page"}],"author":[{"embeddable":true,"href":"https:\/\/veikot2.kaustinen.fi\/index.php?rest_route=\/wp\/v2\/users\/1"}],"replies":[{"embeddable":true,"href":"https:\/\/veikot2.kaustinen.fi\/index.php?rest_route=%2Fwp%2Fv2%2Fcomments&post=25582"}],"version-history":[{"count":5,"href":"https:\/\/veikot2.kaustinen.fi\/index.php?rest_route=\/wp\/v2\/pages\/25582\/revisions"}],"predecessor-version":[{"id":25587,"href":"https:\/\/veikot2.kaustinen.fi\/index.php?rest_route=\/wp\/v2\/pages\/25582\/revisions\/25587"}],"up":[{"embeddable":true,"href":"https:\/\/veikot2.kaustinen.fi\/index.php?rest_route=\/wp\/v2\/pages\/3468"}],"wp:attachment":[{"href":"https:\/\/veikot2.kaustinen.fi\/index.php?rest_route=%2Fwp%2Fv2%2Fmedia&parent=25582"}],"curies":[{"name":"wp","href":"https:\/\/api.w.org\/{rel}","templated":true}]}}