{"id":3465,"date":"2013-10-12T20:37:41","date_gmt":"2013-10-12T20:37:41","guid":{"rendered":"http:\/\/veikot.kaustinen.fi\/wordpress\/?page_id=3465"},"modified":"2019-10-24T21:57:10","modified_gmt":"2019-10-24T18:57:10","slug":"suunnistus","status":"publish","type":"page","link":"https:\/\/veikot2.kaustinen.fi\/?page_id=3465","title":{"rendered":"Suunnistus"},"content":{"rendered":"<h4><a href=\"http:\/\/veikot.kaustinen.fi\/2015\/keskipohjanmaa-viesti-14-05\/\">Keskipohjanmaa-viesti 14.5.2015<\/a><br \/>\n<a title=\"Kev\u00e4tkansallinen 16.5.\" href=\"http:\/\/veikot.kaustinen.fi\/suunnistus\/kilpailut\/kevatkansallinen-16-5\/\">Kev\u00e4tkansallinen 16.5.2015<\/a><br \/>\n<a title=\"Avoin K-P:n AM-sprinttisuunnistus 5.8.\" href=\"http:\/\/veikot.kaustinen.fi\/tapahtuma\/kylaviesti\/\">Avoin K-P:n AM-sprinttisuunnistus 5.8.2015<br \/>\nKyl\u00e4viesti 13.9.<\/a><\/h4>\n<p>Suunnistus on ollut seuran ohjelmassa jo 50-luvulta alkaen. Pohjan-Veikot on ollut Keski-Pohjanmaan k\u00e4rkiseuroja jo 60-luvulla. Suunnistuskarttojen valmistuksessa seuran aktiivit Eero Kattilakosken johdolla ovat olleet piirin edell\u00e4k\u00e4vijoit\u00e4. Perhonjokilaakson Iltarastien j\u00e4rjest\u00e4misess\u00e4 jaosto on ollut aktiivinen. Arvokisojen j\u00e4rjest\u00e4minen on my\u00f6s kuulunut suunnistajien tavoitteisiin. KP-V on j\u00e4rjest\u00e4nyt seuraavia arvokisoja:<\/p>\n<ul>\n<li>v 1979 R1 normaalimatkat<\/li>\n<li>v 1995 HS-pika<\/li>\n<li>v 1997 Nuorten Jukola (yhteisty\u00f6ss\u00e4 Kokkolan Suunnistajat)<\/li>\n<li>v 1999 KLL:n SM-kisat<\/li>\n<li><a href=\"http:\/\/veikot.kaustinen.fi\/sm-viestit\/\">v 2005 SM-viestit R2<\/a><\/li>\n<\/ul>\n<p>Kuvia KP-V:n suunnistustoiminnasta l\u00f6yd\u00e4t <a href=\"http:\/\/veikot.kaustinen.fi\/suunnistus\/kuvia\">galleriasta<\/a> sek\u00e4 <a href=\"http:\/\/picasaweb.google.com\/kaustisen.pohjan.veikot\">Picasa Web Albumista<\/a>.<\/p>\n<p>Seuran ensimm\u00e4inen Maailmanmestari leivottiin joulukuussa 1999.<\/p>\n<p>Ilmoittautuminen kisoihin tapahtuu IRMA-j\u00e4rjestelm\u00e4n kautta. Jos et p\u00e4\u00e4se kirjautumaan IRMAAN, ota yhteytt\u00e4 seuran p\u00e4\u00e4k\u00e4ytt\u00e4jiin: Timo Mattila, Juho Viiperi tai Ilkka Kivel\u00e4.<\/p>\n<ul>\n<li><a href=\"http:\/\/www.suunnistus.fi\/\">Tule rasteille Aloita suunnistus<\/a><\/li>\n<li><a href=\"http:\/\/www.suunnistusliitto.fi\/harraste\/suunnistuksen-alkeet\/perustaidot\/\">Harraste Perustaidot<\/a><\/li>\n<li><a href=\"http:\/\/www.suunnistusliitto.fi\/harraste\/suunnistuksen-alkeet\/kartta\/\">Harraste Kartta<\/a><\/li>\n<li><a href=\"http:\/\/www.suunnistusliitto.fi\/harraste\/suunnistuksen-alkeet\/yleisimmat-karttamerkit\/\">Harraste Yleisimm\u00e4t karttamerkit<\/a><\/li>\n<li><a href=\"http:\/\/www.suunnistusliitto.fi\/harraste\/suunnistuksen-alkeet\/varusteet\/\">Harraste Varusteet<\/a><\/li>\n<li><a href=\"http:\/\/www.suunnistusliitto.fi\/materiaalit\/\">Harraste Suunnistuskurssi<\/a><\/li>\n<li><a href=\"http:\/\/www.suunnistusliitto.fi\/materiaalit\/\">Harraste Karttamerkit ja kuvat<\/a><\/li>\n<li><a href=\"http:\/\/www.fortnet.org\/icd\/fi\/index.html\">Rastinm\u00e4\u00e4ritteiden opetteluohjelma<\/a><\/li>\n<li><a href=\"http:\/\/kunto.suunnistus.fi\/\">Suomen kuntosuunnistuskalenteri 2016<\/a><\/li>\n<li><a href=\"http:\/\/halsuantoivo.sporttisaitti.com\/suunnistus\/iltarastikalenteri\/\">Perhonjokilaakson Iltarastit 2016 (my\u00f6s muut l\u00e4hialueet)<\/a><\/li>\n<li><a href=\"http:\/\/veikot.kaustinen.fi\/wp\/wp-content\/uploads\/2013\/10\/Perhonjokilaakson-Iltarastit-2016.pdf\" rel=\"\">Perhonjokilaakson Iltarastit 2016<\/a><\/li>\n<li><a href=\"https:\/\/irma.suunnistusliitto.fi\/irma\/public\/competitioncalendar\/view\">Kilpailukalenteri<\/a><\/li>\n<li><a href=\"http:\/\/www.suunnistusliitto.fi\/irma\/\">IRMA-j\u00e4rjestelm\u00e4n ohjeita<\/a><\/li>\n<li><a href=\"http:\/\/veikot2.kaustinen.fi\/cgi-bin\/reitti.cgi?kieli=fi\">Reittih\u00e4rveli<\/a><\/li>\n<li><a title=\"Suunnistuskarttoja\" href=\"http:\/\/veikot.kaustinen.fi\/suunnistus\/suunnistuskarttoja\/\">Karttainfo<\/a><\/li>\n<li><a title=\"Suunnistuksen historiaa\" href=\"http:\/\/veikot.kaustinen.fi\/suunnistus\/suunnistuksen-historiaa\/\">Suunnistuksen historiaa<\/a><\/li>\n<\/ul>\n<table>\n<tbody>\n<tr>\n<td colspan=\"4\">\n<h3>Suunnistusjaosto<\/h3>\n<\/td>\n<\/tr>\n<tr>\n<td><b>Puheenjohtaja<\/b><\/td>\n<td>Juha Lerssi<\/td>\n<td><a href=\"mailto&#58;&#106;&#117;&#104;&#97;&#46;&#108;&#x65;&#x72;&#x73;&#x73;&#x69;&#x40;&#x74;&#x61;&#x6c;&#x6f;&#x74;&#x69;mpurit&#46;&#102;&#105;\">&#106;&#117;&#x68;&#x61;&#46;&#108;&#x65;&#x72;&#115;&#115;&#x69;&#x40;&#116;&#97;&#x6c;&#x6f;&#116;&#105;&#x6d;&#x70;&#117;&#114;&#x69;&#x74;&#46;&#102;&#x69;<\/a><\/td>\n<td>040 567 8681<\/td>\n<\/tr>\n<tr>\n<td><b>J\u00e4senet<\/b><\/td>\n<td>Eero Kattilakoski<\/td>\n<td><a href=\"&#x6d;&#97;i&#x6c;&#x74;&#111;:&#x65;&#101;r&#x6f;&#x2e;&#107;a&#x74;&#116;i&#x6c;&#x61;&#107;o&#x73;&#x6b;&#105;&#x40;&#x6b;&#97;u&#x73;&#x74;&#105;n&#x65;&#110;&#46;&#x66;&#x69;\">&#x65;&#x65;&#114;&#111;&#46;k&#x61;&#x74;&#x74;&#105;la&#x6b;&#x6f;&#x73;&#107;&#105;&#64;&#x6b;&#x61;&#x75;&#115;&#116;i&#x6e;&#x65;&#x6e;&#46;&#102;i<\/a><\/td>\n<td>040 867 6754<\/td>\n<\/tr>\n<tr>\n<td><\/td>\n<td>Timo Mattila<\/td>\n<td><a href=\"&#x6d;&#97;i&#x6c;&#x74;&#111;:&#x74;&#105;m&#x6f;&#x2e;&#109;a&#x74;&#116;i&#x6c;&#x61;&#64;k&#x61;&#x75;&#115;&#x74;&#x69;&#110;e&#x6e;&#x2e;&#102;i\">t&#105;&#109;&#x6f;&#x2e;&#x6d;&#x61;t&#116;&#105;&#108;&#x61;&#x40;&#x6b;au&#115;&#116;&#x69;&#x6e;&#x65;n&#46;&#102;&#105;<\/a><\/td>\n<td>040 758 5834<\/td>\n<\/tr>\n<tr>\n<td><\/td>\n<td>Tauno Pajukangas<\/td>\n<td><a href=\"m&#97;&#105;&#x6c;&#x74;&#x6f;:t&#97;&#117;&#x6e;&#x6f;&#x2e;p&#97;&#106;&#117;&#x6b;&#x61;&#x6e;g&#97;&#115;&#x40;&#x70;&#x70;&#46;i&#110;&#101;&#x74;&#x2e;&#x66;i\">&#x74;&#x61;&#x75;&#x6e;&#x6f;&#x2e;&#112;&#97;&#106;&#117;kang&#x61;&#x73;&#x40;&#x70;&#x70;&#x2e;&#105;&#110;&#101;&#116;&#46;fi<\/a><\/td>\n<td>0400 394 711<\/td>\n<\/tr>\n<tr>\n<td><\/td>\n<td>Vesa Peltoniemi<\/td>\n<td><a href=\"&#x6d;&#x61;&#105;&#108;to&#x3a;&#x76;&#x65;&#115;a&#46;&#x70;&#x65;&#x6c;&#116;&#111;n&#x69;&#x65;&#x6d;&#105;&#64;k&#x61;&#x75;&#x73;&#116;&#105;ne&#x6e;&#x2e;&#x66;&#105;\">&#x76;&#101;&#x73;&#x61;&#46;&#x70;&#101;l&#x74;&#111;n&#x69;&#101;&#x6d;&#x69;&#64;&#x6b;&#97;u&#x73;&#116;i&#x6e;&#101;&#x6e;&#x2e;&#102;&#x69;<\/a><\/td>\n<td>0400 733 331<\/td>\n<\/tr>\n<tr>\n<td><\/td>\n<td>Jori K\u00e4ns\u00e4koski<\/td>\n<td><a href=\"&#109;&#x61;&#105;&#x6c;t&#111;&#x3a;&#106;&#x6f;r&#x69;&#46;&#107;&#x61;&#110;&#x73;a&#x6b;&#x6f;&#115;&#x6b;i&#x40;g&#109;&#x61;&#105;&#x6c;&#46;&#x63;o&#109;\">j&#111;&#x72;&#x69;&#46;&#107;&#97;&#x6e;&#x73;a&#107;&#111;&#x73;&#x6b;i&#64;&#x67;&#x6d;&#x61;i&#108;&#x2e;&#x63;o&#109;<\/a><\/td>\n<td>040 564 1595<\/td>\n<\/tr>\n<tr>\n<td><\/td>\n<td>Heikki Pajukangas<\/td>\n<td><a href=\"&#x6d;&#97;&#105;l&#x74;&#x6f;&#58;h&#x65;&#x69;&#107;k&#x69;&#x2e;&#112;a&#x6a;&#x75;&#107;a&#x6e;&#x67;&#97;s&#x40;&#x70;&#112;&#46;i&#x6e;&#x65;&#116;&#46;&#x66;&#x69;\">&#x68;&#x65;&#x69;&#x6b;&#x6b;&#x69;&#x2e;&#x70;&#97;&#106;&#117;&#107;&#97;&#110;&#103;as&#64;p&#x70;&#x2e;&#x69;&#x6e;&#x65;&#x74;&#x2e;&#x66;&#x69;<\/a><\/td>\n<td>040 779 1044<\/td>\n<\/tr>\n<tr>\n<td><b>Tulospalvelu, j\u00e4rjestelm\u00e4tuki<\/b><\/td>\n<td>Ilkka Kivel\u00e4<\/td>\n<td><a href=\"&#109;&#x61;&#x69;l&#116;&#x6f;:&#118;&#x65;&#x69;k&#111;&#x74;&#46;&#121;&#x6c;&#x6c;a&#112;&#x69;t&#111;&#x40;&#x6b;&#97;&#117;&#x73;t&#105;&#x6e;&#x65;&#110;&#x2e;&#x66;i\">&#x76;&#101;i&#x6b;&#111;t&#x2e;&#121;l&#x6c;&#x61;&#112;&#x69;&#x74;&#111;&#64;&#x6b;&#97;u&#x73;&#116;i&#x6e;&#x65;&#110;&#x2e;&#x66;&#105;<\/a><\/td>\n<td>040 771 0482<\/td>\n<\/tr>\n<\/tbody>\n<\/table>\n","protected":false},"excerpt":{"rendered":"<p>Keskipohjanmaa-viesti 14.5.2015 Kev\u00e4tkansallinen 16.5.2015 Avoin K-P:n AM-sprinttisuunnistus 5.8.2015 Kyl\u00e4viesti 13.9. Suunnistus on ollut seuran ohjelmassa jo 50-luvulta alkaen. Pohjan-Veikot on ollut Keski-Pohjanmaan k\u00e4rkiseuroja jo 60-luvulla. Suunnistuskarttojen valmistuksessa seuran aktiivit Eero Kattilakosken johdolla ovat olleet piirin edell\u00e4k\u00e4vijoit\u00e4. Perhonjokilaakson Iltarastien j\u00e4rjest\u00e4misess\u00e4 jaosto on ollut aktiivinen. Arvokisojen j\u00e4rjest\u00e4minen on my\u00f6s kuulunut suunnistajien tavoitteisiin. KP-V on j\u00e4rjest\u00e4nyt seuraavia arvokisoja: [&hellip;]<\/p>\n","protected":false},"author":1,"featured_media":0,"parent":0,"menu_order":19,"comment_status":"closed","ping_status":"closed","template":"","meta":{"footnotes":""},"class_list":["post-3465","page","type-page","status-publish","hentry"],"_links":{"self":[{"href":"https:\/\/veikot2.kaustinen.fi\/index.php?rest_route=\/wp\/v2\/pages\/3465","targetHints":{"allow":["GET"]}}],"collection":[{"href":"https:\/\/veikot2.kaustinen.fi\/index.php?rest_route=\/wp\/v2\/pages"}],"about":[{"href":"https:\/\/veikot2.kaustinen.fi\/index.php?rest_route=\/wp\/v2\/types\/page"}],"author":[{"embeddable":true,"href":"https:\/\/veikot2.kaustinen.fi\/index.php?rest_route=\/wp\/v2\/users\/1"}],"replies":[{"embeddable":true,"href":"https:\/\/veikot2.kaustinen.fi\/index.php?rest_route=%2Fwp%2Fv2%2Fcomments&post=3465"}],"version-history":[{"count":38,"href":"https:\/\/veikot2.kaustinen.fi\/index.php?rest_route=\/wp\/v2\/pages\/3465\/revisions"}],"predecessor-version":[{"id":27084,"href":"https:\/\/veikot2.kaustinen.fi\/index.php?rest_route=\/wp\/v2\/pages\/3465\/revisions\/27084"}],"wp:attachment":[{"href":"https:\/\/veikot2.kaustinen.fi\/index.php?rest_route=%2Fwp%2Fv2%2Fmedia&parent=3465"}],"curies":[{"name":"wp","href":"https:\/\/api.w.org\/{rel}","templated":true}]}}