{"id":3477,"date":"2013-10-13T19:47:02","date_gmt":"2013-10-13T19:47:02","guid":{"rendered":"http:\/\/veikot.kaustinen.fi\/wordpress\/?page_id=3477"},"modified":"2015-07-02T07:08:14","modified_gmt":"2015-07-02T05:08:14","slug":"miesten-yu-tilasto","status":"publish","type":"page","link":"https:\/\/veikot2.kaustinen.fi\/?page_id=3477","title":{"rendered":"Miesten seuraenn\u00e4tykset"},"content":{"rendered":"<h4>100 m<\/h4>\n<table>\n<tbody>\n<tr>\n<td>Yleinen<\/td>\n<td>Timo-Jaakko Virkkala<\/td>\n<td>43<\/td>\n<td>10,3h<\/td>\n<td>Jalasj\u00e4rvi 09.08.1964<\/td>\n<\/tr>\n<tr>\n<td>M-22<\/td>\n<td>Timo-Jaakko Virkkala<\/td>\n<td>43<\/td>\n<td>10,3h<\/td>\n<td>Jalasj\u00e4rvi 09.08.1964<\/td>\n<\/tr>\n<tr>\n<td>M-19<\/td>\n<td>Jaakko Kivel\u00e4<\/td>\n<td>81<\/td>\n<td>11.04<\/td>\n<td>Kalajoki 09.09.2000<\/td>\n<\/tr>\n<tr>\n<td>M-17<\/td>\n<td>Jaakko Kivel\u00e4<\/td>\n<td>81<\/td>\n<td>11,38<\/td>\n<td>Veteli 14.07.1998<\/td>\n<\/tr>\n<tr>\n<td>M-35<\/td>\n<td>Pasi Peltoniemi<\/td>\n<td>60<\/td>\n<td>12,5<\/td>\n<td>Ylistaro 1996<\/td>\n<\/tr>\n<tr>\n<td>M-40<\/td>\n<td>Pentti Myllykangas<\/td>\n<td>38<\/td>\n<td>12,7<\/td>\n<td>Kaustinen 27.08.1979<\/td>\n<\/tr>\n<tr>\n<td>M-50<\/td>\n<td>Seppo Harju<\/td>\n<td>41<\/td>\n<td>14,29<\/td>\n<td>Lapua 10.07.1993<\/td>\n<\/tr>\n<tr>\n<td>M-55<\/td>\n<td>Seppo Harju<\/td>\n<td>41<\/td>\n<td>14,53<\/td>\n<td>Vaasa 24.08.1996<\/td>\n<\/tr>\n<\/tbody>\n<\/table>\n<h4>200m<\/h4>\n<table>\n<tbody>\n<tr>\n<td>Yleinen<\/td>\n<td>Timo-Jaakko Virkkala<\/td>\n<td>43<\/td>\n<td>21,5h<\/td>\n<td>Vaasa 25.07.1964<\/td>\n<\/tr>\n<tr>\n<td>M-22<\/td>\n<td>Timo-Jaakko Virkkala<\/td>\n<td>43<\/td>\n<td>21,5h<\/td>\n<td>Vaasa 25.07.1964<\/td>\n<\/tr>\n<tr>\n<td>M-19<\/td>\n<td>Timo-Jaakko Virkkala<\/td>\n<td>43<\/td>\n<td>22,3h<\/td>\n<td>Saarij\u00e4rvi 23.06.1962<\/td>\n<\/tr>\n<tr>\n<td>M-17<\/td>\n<td>Jaakko Kivel\u00e4<\/td>\n<td>81<\/td>\n<td>23,36<\/td>\n<td>Jyv\u00e4skyl\u00e4 01.07.1998<\/td>\n<\/tr>\n<\/tbody>\n<\/table>\n<h4>300 m<\/h4>\n<table>\n<tbody>\n<tr>\n<td>Yleinen<\/td>\n<td>Samu Karhukorpi<\/td>\n<td>90<\/td>\n<td>37,17<\/td>\n<td>Janakkala 19.08.2006<\/td>\n<\/tr>\n<tr>\n<td>M-17<\/td>\n<td>Samu Karhukorpi<\/td>\n<td>90<\/td>\n<td>37,17<\/td>\n<td>Janakkala 19.08.2006<\/td>\n<\/tr>\n<tr>\n<td>M-17<\/td>\n<td>Eemeli Puronaho<\/td>\n<td>90<\/td>\n<td>37,17<\/td>\n<td>J\u00e4ms\u00e4nkoski 30.06.2007<\/td>\n<\/tr>\n<\/tbody>\n<\/table>\n<h4>400m<\/h4>\n<table>\n<tbody>\n<tr>\n<td>Yleinen<\/td>\n<td>Timo-Jaakko Virkkala<\/td>\n<td>43<\/td>\n<td>48,0h<\/td>\n<td>Poznan Puola 26.09.1964<\/td>\n<\/tr>\n<tr>\n<td>M-22<\/td>\n<td>Timo-Jaakko Virkkala<\/td>\n<td>43<\/td>\n<td>48,0h<\/td>\n<td>Poznan Puola 26.09.1964<\/td>\n<\/tr>\n<tr>\n<td>M-19<\/td>\n<td>Mikko Palosaari<\/td>\n<td>83<\/td>\n<td>50,69<\/td>\n<td>\u00c4ht\u00e4ri 12.08.2002<\/td>\n<\/tr>\n<tr>\n<td>M-17<\/td>\n<td>Mikko Palosaari<\/td>\n<td>83<\/td>\n<td>51,40<\/td>\n<td>Kannus 27.07.2000<\/td>\n<\/tr>\n<tr>\n<td>M-35<\/td>\n<td>Simo Nikula<\/td>\n<td>35<\/td>\n<td>54,9<\/td>\n<td>Kokkola 24.06.1970<\/td>\n<\/tr>\n<\/tbody>\n<\/table>\n<h4>800m<\/h4>\n<table>\n<tbody>\n<tr>\n<td>Yleinen<\/td>\n<td>Mikko Palosaari<\/td>\n<td>83<\/td>\n<td>1.56,07<\/td>\n<td>Kannus 26.07.2000<\/td>\n<\/tr>\n<tr>\n<td>M-22<\/td>\n<td>Mikko Palosaari<\/td>\n<td>83<\/td>\n<td>1.56,07<\/td>\n<td>Kannus 26.07.2000<\/td>\n<\/tr>\n<tr>\n<td>M-19<\/td>\n<td>Mikko Palosaari<\/td>\n<td>83<\/td>\n<td>1.56,07<\/td>\n<td>Kannus 26.07.2000<\/td>\n<\/tr>\n<tr>\n<td>M-17<\/td>\n<td>Mikko Palosaari<\/td>\n<td>83<\/td>\n<td>1.56,07<\/td>\n<td>Kannus 26.07.2000<\/td>\n<\/tr>\n<tr>\n<td>M-35<\/td>\n<td>Simo Nikula<\/td>\n<td>35<\/td>\n<td>2.02,0<\/td>\n<td>Kaustinen 25.06 1970<\/td>\n<\/tr>\n<tr>\n<td>M-40<\/td>\n<td>Ari Myllym\u00e4ki<\/td>\n<td>51<\/td>\n<td>2.20,1<\/td>\n<td>Kaustinen 09.09.1992<\/td>\n<\/tr>\n<\/tbody>\n<\/table>\n<h4>1000 m<\/h4>\n<table>\n<tbody>\n<tr>\n<td>Yleinen<\/td>\n<td>Uljas K\u00e4ns\u00e4l\u00e4<\/td>\n<td>11<\/td>\n<td>2.34,3h<\/td>\n<td>Oulu 05.09.1931<\/td>\n<\/tr>\n<\/tbody>\n<\/table>\n<h4>1500m<\/h4>\n<table>\n<tbody>\n<tr>\n<td>Yleinen<\/td>\n<td>Vesa K\u00e4ns\u00e4l\u00e4<\/td>\n<td>49<\/td>\n<td>3.51,8h<\/td>\n<td>Pietarsaari 17.08.1978<\/td>\n<\/tr>\n<tr>\n<td>M-22<\/td>\n<td>Aki Mustonen<\/td>\n<td>81<\/td>\n<td>3.57,83<\/td>\n<td>Helsinki 14.06.2001<\/td>\n<\/tr>\n<tr>\n<td>M-19<\/td>\n<td>Juhani Kattilakoski<\/td>\n<td>52<\/td>\n<td>4.01,4h<\/td>\n<td>K\u00e4lvi\u00e4 26.08.1971<\/td>\n<\/tr>\n<tr>\n<td>M-17<\/td>\n<td>Tony Uusitalo<\/td>\n<td>60<\/td>\n<td>4.07,1h<\/td>\n<td>Pietarsaari 20.07.1977<\/td>\n<\/tr>\n<tr>\n<td>M-35<\/td>\n<td>Simo Nikula<\/td>\n<td>35<\/td>\n<td>4.18,7<\/td>\n<td>Kaustinen 20.07 1970<\/td>\n<\/tr>\n<\/tbody>\n<\/table>\n<h4>2000m<\/h4>\n<table>\n<tbody>\n<tr>\n<td>Yleinen<\/td>\n<td>Paavo Jokivirta<\/td>\n<td>05<\/td>\n<td>5.40,4h<\/td>\n<td>Kokkola 30.08.1933<\/td>\n<\/tr>\n<tr>\n<td>M-22<\/td>\n<td>Tony Uusitalo<\/td>\n<td>60<\/td>\n<td>5.43,2h<\/td>\n<td>Helsinki 00.08.1974<\/td>\n<\/tr>\n<tr>\n<td>M-19<\/td>\n<td>Tony Uusitalo<\/td>\n<td>60<\/td>\n<td>5.43,2h<\/td>\n<td>Helsinki 00.08.1974<\/td>\n<\/tr>\n<tr>\n<td>M-17<\/td>\n<td>Tony Uusitalo<\/td>\n<td>60<\/td>\n<td>5.43,2h<\/td>\n<td>Helsinki 00.08.1974<\/td>\n<\/tr>\n<\/tbody>\n<\/table>\n<h4>3000m<\/h4>\n<table>\n<tbody>\n<tr>\n<td>Yleinen<\/td>\n<td>Vesa K\u00e4ns\u00e4l\u00e4<\/td>\n<td>49<\/td>\n<td>8.17,8h<\/td>\n<td>Pietarsaari 12.07.1978<\/td>\n<\/tr>\n<tr>\n<td>M-22<\/td>\n<td>Aki Mustonen<\/td>\n<td>81<\/td>\n<td>8.28,00<\/td>\n<td>Otaniemi 29.05.2003<\/td>\n<\/tr>\n<tr>\n<td>M-19<\/td>\n<td>Aki Mustonen<\/td>\n<td>81<\/td>\n<td>8.37,75<\/td>\n<td>Keuruu 25.06.1999<\/td>\n<\/tr>\n<tr>\n<td>M-17<\/td>\n<td>Vesa Peltoniemi<\/td>\n<td>67<\/td>\n<td>8.53,0h<\/td>\n<td>K\u00e4lvi\u00e4 09.08.1984<\/td>\n<\/tr>\n<tr>\n<td>M-35<\/td>\n<td>Simo Nikula<\/td>\n<td>35<\/td>\n<td>9.02,0h<\/td>\n<td>Vaasa 31.05.1970<\/td>\n<\/tr>\n<\/tbody>\n<\/table>\n<h4>5000m<\/h4>\n<table>\n<tbody>\n<tr>\n<td>Yleinen<\/td>\n<td>Vesa K\u00e4ns\u00e4l\u00e4<\/td>\n<td>49<\/td>\n<td>14.36,2h<\/td>\n<td>Kauhajoki 16.07.1979<\/td>\n<\/tr>\n<tr>\n<td>M-22<\/td>\n<td>Aki Mustonen<\/td>\n<td>81<\/td>\n<td>14.54,80<\/td>\n<td>J\u00e4ms\u00e4 28.07.2001<\/td>\n<\/tr>\n<tr>\n<td>M-19<\/td>\n<td>Juhani Kattilakoski<\/td>\n<td>52<\/td>\n<td>15.22,8h<\/td>\n<td>Kokkola 01.09.1971<\/td>\n<\/tr>\n<tr>\n<td>M-17<\/td>\n<td>Aki Mustonen<\/td>\n<td>81<\/td>\n<td>15.32,93<\/td>\n<td>Kuusankoski 13.09.1998<\/td>\n<\/tr>\n<tr>\n<td>M-35<\/td>\n<td>Pekka Rutanen<\/td>\n<td>51<\/td>\n<td>16.24,60<\/td>\n<td>K\u00e4lvi\u00e4 08.07.1998<\/td>\n<\/tr>\n<\/tbody>\n<\/table>\n<h4>10000m<\/h4>\n<table>\n<tbody>\n<tr>\n<td>Yleinen<\/td>\n<td>Vesa K\u00e4ns\u00e4l\u00e4<\/td>\n<td>49<\/td>\n<td>31.05,0h<\/td>\n<td>Kokkola 27.05.1979<\/td>\n<\/tr>\n<tr>\n<td>M-22<\/td>\n<td>Eero Kattilakoski<\/td>\n<td>49<\/td>\n<td>32.50,2h<\/td>\n<td>Lapua 18.09.1971<\/td>\n<\/tr>\n<tr>\n<td>M-19<\/td>\n<td>Valto K\u00e4ns\u00e4l\u00e4<\/td>\n<td>39<\/td>\n<td>35.11,8h<\/td>\n<td>R\u00e4yrinki 25.09.1958<\/td>\n<\/tr>\n<tr>\n<td>M-35<\/td>\n<td>Pekka Rutanen<\/td>\n<td>51<\/td>\n<td>34.00,85<\/td>\n<td>Kannus 02.07.1989<\/td>\n<\/tr>\n<\/tbody>\n<\/table>\n<h4>Puolimaraton<\/h4>\n<table>\n<tbody>\n<tr>\n<td>Yleinen<\/td>\n<td>Aki Mustonen<\/td>\n<td>81<\/td>\n<td>1.11,03<\/td>\n<td>Haapaj\u00e4rvi 20.10.2001<\/td>\n<\/tr>\n<tr>\n<td>M-22<\/td>\n<td>Aki Mustonen<\/td>\n<td>81<\/td>\n<td>1.11,03<\/td>\n<td>Haapaj\u00e4rvi 20.10.2001<\/td>\n<\/tr>\n<tr>\n<td>M-35<\/td>\n<td>Pekka Rutanen<\/td>\n<td>51<\/td>\n<td>1.17,21<\/td>\n<td>Toholampi 18.03.1989<\/td>\n<\/tr>\n<tr>\n<td>M-40<\/td>\n<td>Kari J\u00e4rvenp\u00e4\u00e4<\/td>\n<td>53<\/td>\n<td>1.19,40<\/td>\n<td>Pietarsaari 24.07.1993<\/td>\n<\/tr>\n<tr>\n<td>M-45<\/td>\n<td>Kari J\u00e4rvenp\u00e4\u00e4<\/td>\n<td>53<\/td>\n<td>1.24,06<\/td>\n<td>Toholampi 21.03.1998<\/td>\n<\/tr>\n<\/tbody>\n<\/table>\n<h4>Maraton<\/h4>\n<table>\n<tbody>\n<tr>\n<td>Yleinen<\/td>\n<td>Tapio Virkkala<\/td>\n<td>49<\/td>\n<td>2.30,40<\/td>\n<td>23.10.1977 Korso<\/td>\n<\/tr>\n<tr>\n<td>M-22<\/td>\n<td>Vesa Peltoniemi<\/td>\n<td>67<\/td>\n<td>2.53,42<\/td>\n<td>Kokkola 27.08.1988<\/td>\n<\/tr>\n<tr>\n<td>M-19<\/td>\n<td>Jussi Peltoniemi<\/td>\n<td>65<\/td>\n<td>3.42,58<\/td>\n<td>Jyv\u00e4skyl\u00e4 28.05.1983<\/td>\n<\/tr>\n<tr>\n<td>M-35<\/td>\n<td>Pekka Rutanen<\/td>\n<td>51<\/td>\n<td>2.41,30<\/td>\n<td>Kokkola 26.08.1989<\/td>\n<\/tr>\n<tr>\n<td>M-40<\/td>\n<td>Erik Svartsj\u00f6<\/td>\n<td>49<\/td>\n<td>2.52,42<\/td>\n<td>Sein\u00e4joki 27.08.1989<\/td>\n<\/tr>\n<tr>\n<td>M-45<\/td>\n<td>Erkki Pohjola<\/td>\n<td>35<\/td>\n<td>3.05,44<\/td>\n<td>Pietarsaari 19.07.1980<\/td>\n<\/tr>\n<tr>\n<td>M-50<\/td>\n<td>Jukka J\u00e4rvel\u00e4<\/td>\n<td>62<\/td>\n<td>3.17.53<\/td>\n<td>Vantaa 14.10.2012<\/td>\n<\/tr>\n<\/tbody>\n<\/table>\n<h4>10 km k\u00e4vely<\/h4>\n<table>\n<tbody>\n<tr>\n<td>Yleinen<\/td>\n<td>Mikko Kinnunen<\/td>\n<td>51<\/td>\n<td>42.24,73<\/td>\n<td>Salo 05.07.1987<\/td>\n<\/tr>\n<tr>\n<td>M-22<\/td>\n<td>Janne K\u00e4ns\u00e4l\u00e4<\/td>\n<td>62<\/td>\n<td>52.52,9<\/td>\n<td>Kaustinen 28.08.1984<\/td>\n<\/tr>\n<tr>\n<td>M-19<\/td>\n<td>Jussi Peltoniemi<\/td>\n<td>65<\/td>\n<td>60.19,3<\/td>\n<td>Kaustinen 28.08.1984<\/td>\n<\/tr>\n<\/tbody>\n<\/table>\n<h4>100m aidat<\/h4>\n<table>\n<tbody>\n<tr>\n<td>M-17 91,4 cm<\/td>\n<td>Tero Kattilakoski<\/td>\n<td>82<\/td>\n<td>13,50<\/td>\n<td>Jyv\u00e4skyl\u00e4 07.07.1999<\/td>\n<\/tr>\n<\/tbody>\n<\/table>\n<h4>110m aidat<\/h4>\n<table>\n<tbody>\n<tr>\n<td>Yleinen<\/td>\n<td>Petteri Toivonen<\/td>\n<td>82<\/td>\n<td>14,63<\/td>\n<td>Uusikaupunki 04.08.2002<\/td>\n<\/tr>\n<tr>\n<td>M-22<\/td>\n<td>Petteri Toivonen<\/td>\n<td>82<\/td>\n<td>14,63<\/td>\n<td>Uusikaupunki 04.08.2002<\/td>\n<\/tr>\n<tr>\n<td>M-19 106,7cm<\/td>\n<td>Tero Kattilakoski<\/td>\n<td>82<\/td>\n<td>15,48<\/td>\n<td>Eurajoki 03.06.2001<\/td>\n<\/tr>\n<tr>\n<td>M-19 100 cm<\/td>\n<td>Petteri Toivonen<\/td>\n<td>82<\/td>\n<td>13,91<\/td>\n<td>Kannus 10.08.2001<\/td>\n<\/tr>\n<tr>\n<td>M-17 106,7cm<\/td>\n<td>Kari Kangas<\/td>\n<td>43<\/td>\n<td>16,7h<\/td>\n<td>Viitasaari 04.09.1960<\/td>\n<\/tr>\n<\/tbody>\n<\/table>\n<h4>400m aidat<\/h4>\n<table>\n<tbody>\n<tr>\n<td>Yleinen<\/td>\n<td>Leimo Peltoniemi<\/td>\n<td>42<\/td>\n<td>56,2h<\/td>\n<td>Helsinki 12.08.1962<\/td>\n<\/tr>\n<tr>\n<td>M-22<\/td>\n<td>Leimo Peltoniemi<\/td>\n<td>42<\/td>\n<td>56,2h<\/td>\n<td>Helsinki 12.08.1962<\/td>\n<\/tr>\n<tr>\n<td>M- 19<\/td>\n<td>Asko Pesola<\/td>\n<td>46<\/td>\n<td>57,9h<\/td>\n<td>Alavieska 29.08.1965<\/td>\n<\/tr>\n<tr>\n<td>M-17<\/td>\n<td>Asko Pesola<\/td>\n<td>46<\/td>\n<td>58,2h<\/td>\n<td>20.07.1963 Kokkola<\/td>\n<\/tr>\n<\/tbody>\n<\/table>\n<h4>1500m esteet<\/h4>\n<table>\n<tbody>\n<tr>\n<td>M-17<\/td>\n<td><\/td>\n<td>Timo-Jaakko Puronaho<\/td>\n<td>63<\/td>\n<td>4.37,9h<\/td>\n<td>Kuortane 21.06.1980<\/td>\n<\/tr>\n<\/tbody>\n<\/table>\n<h4>2000m esteet<\/h4>\n<table>\n<tbody>\n<tr>\n<td>Yleinen<\/td>\n<td><\/td>\n<td>Juhani Kattilakoski<\/td>\n<td>52<\/td>\n<td>5.55,6h<\/td>\n<td>Keuruu 22.07.1972<\/td>\n<\/tr>\n<tr>\n<td>M-19<\/td>\n<td><\/td>\n<td>Juhani Kattilakoski<\/td>\n<td>52<\/td>\n<td>6.16,2h<\/td>\n<td>Pyh\u00e4salmi 07.08.1971<\/td>\n<\/tr>\n<\/tbody>\n<\/table>\n<h4>3000m esteet<\/h4>\n<table>\n<tbody>\n<tr>\n<td>Yleinen<\/td>\n<td><\/td>\n<td>Olavi Saarikettu<\/td>\n<td>39<\/td>\n<td>9.33,4h<\/td>\n<td>Kurikka 13.08.1961<\/td>\n<\/tr>\n<tr>\n<td>M-22<\/td>\n<td>Olavi Saarikettu<\/td>\n<td>39<\/td>\n<td>9.33,4h<\/td>\n<td>Kurikka 13.08.1961<\/td>\n<\/tr>\n<tr>\n<td>M-35<\/td>\n<td>Sauli K\u00e4ns\u00e4l\u00e4<\/td>\n<td>53<\/td>\n<td>10.52,11<\/td>\n<td>Nivalassa 21.08 1990<\/td>\n<\/tr>\n<\/tbody>\n<\/table>\n<h4>Korkeus<\/h4>\n<table>\n<tbody>\n<tr>\n<td>Yleinen<\/td>\n<td>Matti Peltoniemi<\/td>\n<td>45<\/td>\n<td>182<\/td>\n<td>K\u00f6yh\u00e4joki 06.09.1964<\/td>\n<\/tr>\n<tr>\n<td>M-22<\/td>\n<td>Matti Peltoniemi<\/td>\n<td>45<\/td>\n<td>182<\/td>\n<td>K\u00f6yh\u00e4joki 06.09.1964<\/td>\n<\/tr>\n<tr>\n<td>M-19<\/td>\n<td>Matti Peltoniemi<\/td>\n<td>45<\/td>\n<td>182<\/td>\n<td>K\u00f6yh\u00e4joki 06.09.1964<\/td>\n<\/tr>\n<tr>\n<td>M-17<\/td>\n<td>Jarno K\u00f6ykk\u00e4<\/td>\n<td>82<\/td>\n<td>182<\/td>\n<td>Kalajoki 27.07.1999<\/td>\n<\/tr>\n<tr>\n<td>M-35<\/td>\n<td>Aarno K\u00e4ns\u00e4l\u00e4<\/td>\n<td>19<\/td>\n<td>155<\/td>\n<td>Kaustinen 27.06.1956<\/td>\n<\/tr>\n<\/tbody>\n<\/table>\n<h4>Seiv\u00e4s<\/h4>\n<table>\n<tbody>\n<tr>\n<td>Yleinen<\/td>\n<td>Eero Ylisoini<\/td>\n<td>45<\/td>\n<td>381<\/td>\n<td>Kannus 05.09.1965<\/td>\n<\/tr>\n<tr>\n<td>M-22<\/td>\n<td>Eero Ylisoini<\/td>\n<td>45<\/td>\n<td>381<\/td>\n<td>Kannus 05.09.1965<\/td>\n<\/tr>\n<tr>\n<td>M-19<\/td>\n<td>Eero Ylisoini<\/td>\n<td>45<\/td>\n<td>365<\/td>\n<td>Kannus 07.08.1964<\/td>\n<\/tr>\n<tr>\n<td>M-17<\/td>\n<td>Eemil Ali-Haapala<\/td>\n<td>99<\/td>\n<td>350<\/td>\n<td>Alaveteli 1.7.2015<\/td>\n<\/tr>\n<\/tbody>\n<\/table>\n<h4>Pituus<\/h4>\n<table>\n<tbody>\n<tr>\n<td>Yleinen<\/td>\n<td>Petteri Toivonen<\/td>\n<td>82<\/td>\n<td>754<\/td>\n<td>J\u00e4ms\u00e4 28.06.2003<\/td>\n<\/tr>\n<tr>\n<td>M-22<\/td>\n<td>Petteri Toivonen<\/td>\n<td>82<\/td>\n<td>754<\/td>\n<td>J\u00e4ms\u00e4 28.06.2003<\/td>\n<\/tr>\n<tr>\n<td>M-19<\/td>\n<td>Petteri Toivonen<\/td>\n<td>82<\/td>\n<td>742<\/td>\n<td>Keuruu 22.06.2000<\/td>\n<\/tr>\n<tr>\n<td>M-17<\/td>\n<td>Petteri Toivonen<\/td>\n<td>82<\/td>\n<td>695<\/td>\n<td>Kr-kaupunki 31.07.1999<\/td>\n<\/tr>\n<\/tbody>\n<\/table>\n<h4>3-loikka<\/h4>\n<table>\n<tbody>\n<tr>\n<td>Yleinen<\/td>\n<td>Petteri Toivonen<\/td>\n<td>82<\/td>\n<td>14,96<\/td>\n<td>Pori 15.08.1999<\/td>\n<\/tr>\n<tr>\n<td>M-22<\/td>\n<td>Petteri Toivonen<\/td>\n<td>82<\/td>\n<td>14,96<\/td>\n<td>Pori 15.08.1999<\/td>\n<\/tr>\n<tr>\n<td>M-19<\/td>\n<td>Petteri Toivonen<\/td>\n<td>82<\/td>\n<td>14,96<\/td>\n<td>Pori 15.08.1999<\/td>\n<\/tr>\n<tr>\n<td>M-17<\/td>\n<td>Petteri Toivonen<\/td>\n<td>82<\/td>\n<td>14,96<\/td>\n<td>Pori 15.08.1999<\/td>\n<\/tr>\n<\/tbody>\n<\/table>\n<h4>Kuula<\/h4>\n<table>\n<tbody>\n<tr>\n<td>Yleinen<\/td>\n<td>Marko Salo<\/td>\n<td>68<\/td>\n<td>17,06<\/td>\n<td>Vilppula 26.06.1996<\/td>\n<\/tr>\n<tr>\n<td>M-22<\/td>\n<td>Sauli Viitala<\/td>\n<td>33<\/td>\n<td>13,77<\/td>\n<td>Halsua 21.06.1953<\/td>\n<\/tr>\n<tr>\n<td>M-19 7,26 kg<\/td>\n<td>Marko Salo<\/td>\n<td>68<\/td>\n<td>13,30<\/td>\n<td>Nivala 05.07.1987<\/td>\n<\/tr>\n<tr>\n<td>M-19 6,25 kg<\/td>\n<td>Kari K\u00e4ns\u00e4koski<\/td>\n<td>66<\/td>\n<td>14,71<\/td>\n<td>Alah\u00e4rm\u00e4 07.08.1984<\/td>\n<\/tr>\n<tr>\n<td>M-17 7,25 kg<\/td>\n<td>Marko Salo<\/td>\n<td>68<\/td>\n<td>12,55<\/td>\n<td>Kaustinen 20.08.1985<\/td>\n<\/tr>\n<tr>\n<td>M-17 5,44 kg<\/td>\n<td>Marko Salo<\/td>\n<td>68<\/td>\n<td>14,68<\/td>\n<td>Kaustinen 26.08.1984<\/td>\n<\/tr>\n<tr>\n<td>M-35<\/td>\n<td>Valde Anttila<\/td>\n<td>35<\/td>\n<td>13,22<\/td>\n<td>Kannus 20.08.1970<\/td>\n<\/tr>\n<\/tbody>\n<\/table>\n<h4>Kiekko<\/h4>\n<table>\n<tbody>\n<tr>\n<td>Yleinen<\/td>\n<td>Marko Salo<\/td>\n<td>68<\/td>\n<td>50,70<\/td>\n<td>Haapaj\u00e4rvi 28.07.1992<\/td>\n<\/tr>\n<tr>\n<td>M-22<\/td>\n<td>Marko Salo<\/td>\n<td>68<\/td>\n<td>49,44<\/td>\n<td>Kokkola 30.05.1989<\/td>\n<\/tr>\n<tr>\n<td>M-19 2 kg<\/td>\n<td>Marko Salo<\/td>\n<td>68<\/td>\n<td>47,62<\/td>\n<td>Kaustinen 18.08.1987<\/td>\n<\/tr>\n<tr>\n<td>M-19 1,75 kg<\/td>\n<td>Marko Salo<\/td>\n<td>68<\/td>\n<td>49,80<\/td>\n<td>Raahe 26.06.1986<\/td>\n<\/tr>\n<tr>\n<td>M-17 2 kg<\/td>\n<td>Esa K\u00e4ns\u00e4koski<\/td>\n<td>85<\/td>\n<td>40,64<\/td>\n<td>Kaustinen 25.05.2002<\/td>\n<\/tr>\n<tr>\n<td>M-17 1,5 kg<\/td>\n<td>Esa K\u00e4ns\u00e4koski<\/td>\n<td>85<\/td>\n<td>51,92<\/td>\n<td>Kaustinen 25.05.2002<\/td>\n<\/tr>\n<tr>\n<td>M-35<\/td>\n<td>Valde Anttila<\/td>\n<td>35<\/td>\n<td>37,14<\/td>\n<td>Kaustinen 02.08.1970<\/td>\n<\/tr>\n<\/tbody>\n<\/table>\n<h4>Moukari<\/h4>\n<table>\n<tbody>\n<tr>\n<td>Yleinen<\/td>\n<td>Jesse Lehto<\/td>\n<td>93<\/td>\n<td>67,74<\/td>\n<td>Lapinlahti 8.7.2012<\/td>\n<\/tr>\n<tr>\n<td>M-22<\/td>\n<td>Jesse Lehto<\/td>\n<td>93<\/td>\n<td>67,74<\/td>\n<td>Lapinlahti 8.7.2012<\/td>\n<\/tr>\n<tr>\n<td>M-19 7,26 kg<\/td>\n<td>Jesse Lehto<\/td>\n<td>93<\/td>\n<td>67,74<\/td>\n<td>Lapinlahti 8.7.2012<\/td>\n<\/tr>\n<tr>\n<td>M-19 6,25 kg<\/td>\n<td>Kalle Nikula<\/td>\n<td>82<\/td>\n<td>62,11<\/td>\n<td>Kaustinen 01.09.2001<\/td>\n<\/tr>\n<tr>\n<td>M-19 6,00 kg<\/td>\n<td>Jesse Lehto<\/td>\n<td>93<\/td>\n<td>64,37<\/td>\n<td>Kuortanen 11.09.2009<\/td>\n<\/tr>\n<tr>\n<td>M-17 7,26 kg<\/td>\n<td>Jesse Lehto<\/td>\n<td>93<\/td>\n<td>54,50<\/td>\n<td>Kaustinen 12.09.2009<\/td>\n<\/tr>\n<tr>\n<td>M-17 5,44 kg<\/td>\n<td>Eemeli Nikula<\/td>\n<td>80<\/td>\n<td>62,06<\/td>\n<td>Ylivieska 26.06.1997<\/td>\n<\/tr>\n<tr>\n<td>M-17 5,0 kg<\/td>\n<td>Jesse Lehto<\/td>\n<td>93<\/td>\n<td>70,08<\/td>\n<td>Kaustinen 25.06.2009<\/td>\n<\/tr>\n<tr>\n<td>M-35<\/td>\n<td>Pauli Kaustinen<\/td>\n<td>10<\/td>\n<td>37,12<\/td>\n<td>Pulkkinen 05.09.1948<\/td>\n<\/tr>\n<tr>\n<td>M-50 7,26 kg<\/td>\n<td>Seppo Harju<\/td>\n<td>41<\/td>\n<td>36,64<\/td>\n<td>Kaustinen 28.08 1991<\/td>\n<\/tr>\n<tr>\n<td>M-50 6,0 kg<\/td>\n<td>Seppo Harju<\/td>\n<td>41<\/td>\n<td>42,26<\/td>\n<td>Alah\u00e4rm\u00e4 1993<\/td>\n<\/tr>\n<\/tbody>\n<\/table>\n<h4>Keih\u00e4s<\/h4>\n<table>\n<tbody>\n<tr>\n<td>Yleinen\/uusi<\/td>\n<td>Heikki Penttil\u00e4<\/td>\n<td>56<\/td>\n<td>54,84<\/td>\n<td>Hyvink\u00e4\u00e4 28.06.1997<\/td>\n<\/tr>\n<tr>\n<td>Yleinen\/vanha<\/td>\n<td>Heikki Penttil\u00e4<\/td>\n<td>56<\/td>\n<td>69,20<\/td>\n<td>Veteli Torppa 03.06.1975<\/td>\n<\/tr>\n<tr>\n<td>M-22<\/td>\n<td>Tero Peltoniemi<\/td>\n<td>79<\/td>\n<td>52,92<\/td>\n<td>Kokkola 03.07.2001<\/td>\n<\/tr>\n<tr>\n<td>M-19<\/td>\n<td>Heikki Penttil\u00e4<\/td>\n<td>56<\/td>\n<td>69,20<\/td>\n<td>1975<\/td>\n<\/tr>\n<tr>\n<td>M-17<\/td>\n<td>Heikki Penttil\u00e4<\/td>\n<td>56<\/td>\n<td>66,52<\/td>\n<td>1972<\/td>\n<\/tr>\n<\/tbody>\n<\/table>\n<h4>10-ottelu<\/h4>\n<table>\n<tbody>\n<tr>\n<td>Yleinen<\/td>\n<td>Valde Anttila<\/td>\n<td>35<\/td>\n<td>5884<\/td>\n<td>Vaasa 01.08.1959<\/td>\n<\/tr>\n<tr>\n<td>M-22<\/td>\n<td>Leimo Peltoniemi<\/td>\n<td>42<\/td>\n<td>5799<\/td>\n<td>Kaustinen 06.09.1962<\/td>\n<\/tr>\n<tr>\n<td>M-19<\/td>\n<td>Valde Anttila<\/td>\n<td>35<\/td>\n<td>5215<\/td>\n<td>Haapaj\u00e4rvi 16.08 1953<\/td>\n<\/tr>\n<tr>\n<td>M-17<\/td>\n<td>Petteri Toivonen<\/td>\n<td>82<\/td>\n<td>5900<\/td>\n<td>Alaj\u00e4rvi 09.1999<\/td>\n<\/tr>\n<\/tbody>\n<\/table>\n<h4>4x100m<\/h4>\n<table>\n<tbody>\n<tr>\n<td>Yleinen<\/td>\n<td>Petteri Toivonen, Jaakko Kivel\u00e4, Jarno K\u00f6ykk\u00e4, Tero Kattilakoski<\/td>\n<td>42,68<\/td>\n<td>Mikkeli 22.07.2000<\/td>\n<\/tr>\n<tr>\n<td>M-19<\/td>\n<td>Petteri Toivonen, Jaakko Kivel\u00e4, Jarno K\u00f6ykk\u00e4, Tero Kattilakoski<\/td>\n<td>42,68<\/td>\n<td>Mikkeli 22.07.2000<\/td>\n<\/tr>\n<tr>\n<td>M-17<\/td>\n<td>Jarno K\u00f6ykk\u00e4, Tero Kangasvieri, Petteri Toivonen, Tero Kattilakoski<\/td>\n<td>44,58<\/td>\n<td>Karhula 10.07.1999<\/td>\n<\/tr>\n<\/tbody>\n<\/table>\n<h4>4x100m aidat<\/h4>\n<table>\n<tbody>\n<tr>\n<td>M-19<\/td>\n<td>Tero Kattilakoski, Jaakko Kivel\u00e4, Jarno K\u00f6ykk\u00e4, Petteri Toivonen<\/td>\n<td>54,14<\/td>\n<td>Mikkeli 22.07.2000<\/td>\n<\/tr>\n<tr>\n<td>M-17<\/td>\n<td>Tero Kattilakoski, Jarno K\u00f6ykk\u00e4, Petteri Toivonen, Jaakko Kivel\u00e4<\/td>\n<td>55,56<\/td>\n<td>Vammala 05.07.1998<\/td>\n<\/tr>\n<\/tbody>\n<\/table>\n<h4>4x300m<\/h4>\n<table>\n<tbody>\n<tr>\n<td>M-17<\/td>\n<td>Tero Kattilakoski, Jarno K\u00f6ykk\u00e4, Petteri Toivonen, Mikko Palosaari<\/td>\n<td>2.31,03<\/td>\n<td>Karhula 11.07.1999<\/td>\n<\/tr>\n<\/tbody>\n<\/table>\n<h4>4x400m<\/h4>\n<table>\n<tbody>\n<tr>\n<td>Yleinen<\/td>\n<td>Kari Harju, Asko Pesola, Leimo Peltoniemi, T-J Virkkala<\/td>\n<td>3.26,7h<\/td>\n<td>1963<\/td>\n<\/tr>\n<tr>\n<td>M-19<\/td>\n<td>Petteri Toivonen, Aki Mustonen, Jaakko Kivel\u00e4, Mikko Palosaari<\/td>\n<td>3.31,51<\/td>\n<td>Mikkeli 23.07.2000<\/td>\n<\/tr>\n<tr>\n<td>M-17<\/td>\n<td>Petri Kinnunen, Aki Mustonen, Mikko Palosaari, Jaakko Kivel\u00e4<\/td>\n<td>3.43,96<\/td>\n<td>1998<\/td>\n<\/tr>\n<\/tbody>\n<\/table>\n<h4>4x800m<\/h4>\n<table>\n<tbody>\n<tr>\n<td>Yleinen<\/td>\n<td>Tapio Virkkala, Juhani Kattilakoski, Pentti Harju, Vesa K\u00e4ns\u00e4l\u00e4<\/td>\n<td>8.06,5h<\/td>\n<td>Lohtaja 20.06.1973<\/td>\n<\/tr>\n<tr>\n<td>M-19<\/td>\n<td>Petri Kinnunen, Antti Nisula, Mikko Palosaari, Aki Mustonen<\/td>\n<td>8.07,81<\/td>\n<td>Mikkeli 23.07.2000<\/td>\n<\/tr>\n<tr>\n<td>M-17<\/td>\n<td>Petri Kinnunen, Mikko Palosaari, Antti Nisula, Aki Mustonen<\/td>\n<td>8.18,39<\/td>\n<td>Vammala 05.07.1998<\/td>\n<\/tr>\n<\/tbody>\n<\/table>\n<h4>4x1500m<\/h4>\n<table>\n<tbody>\n<tr>\n<td>Yleinen<\/td>\n<td>Ari Peltokangas, Tauno Pajukangas, Vesa Peltoniemi, Heikki Lepp\u00e4niemi<\/td>\n<td>16.38,75 Kokkola 06.06.1987<\/td>\n<\/tr>\n<tr>\n<td>M-19<\/td>\n<td>Vesa K\u00e4ns\u00e4l\u00e4, Eero Kattilakoski, Pentti Harju, Heikki Nikula<\/td>\n<td>17.51,8h Pyh\u00e4salmi 27.06.1968<\/td>\n<\/tr>\n<\/tbody>\n<\/table>\n","protected":false},"excerpt":{"rendered":"<p>100 m Yleinen Timo-Jaakko Virkkala 43 10,3h Jalasj\u00e4rvi 09.08.1964 M-22 Timo-Jaakko Virkkala 43 10,3h Jalasj\u00e4rvi 09.08.1964 M-19 Jaakko Kivel\u00e4 81 11.04 Kalajoki 09.09.2000 M-17 Jaakko Kivel\u00e4 81 11,38 Veteli 14.07.1998 M-35 Pasi Peltoniemi 60 12,5 Ylistaro 1996 M-40 Pentti Myllykangas 38 12,7 Kaustinen 27.08.1979 M-50 Seppo Harju 41 14,29 Lapua 10.07.1993 M-55 Seppo Harju 41 [&hellip;]<\/p>\n","protected":false},"author":1,"featured_media":0,"parent":6,"menu_order":11,"comment_status":"closed","ping_status":"closed","template":"","meta":{"footnotes":""},"class_list":["post-3477","page","type-page","status-publish","hentry"],"_links":{"self":[{"href":"https:\/\/veikot2.kaustinen.fi\/index.php?rest_route=\/wp\/v2\/pages\/3477","targetHints":{"allow":["GET"]}}],"collection":[{"href":"https:\/\/veikot2.kaustinen.fi\/index.php?rest_route=\/wp\/v2\/pages"}],"about":[{"href":"https:\/\/veikot2.kaustinen.fi\/index.php?rest_route=\/wp\/v2\/types\/page"}],"author":[{"embeddable":true,"href":"https:\/\/veikot2.kaustinen.fi\/index.php?rest_route=\/wp\/v2\/users\/1"}],"replies":[{"embeddable":true,"href":"https:\/\/veikot2.kaustinen.fi\/index.php?rest_route=%2Fwp%2Fv2%2Fcomments&post=3477"}],"version-history":[{"count":8,"href":"https:\/\/veikot2.kaustinen.fi\/index.php?rest_route=\/wp\/v2\/pages\/3477\/revisions"}],"predecessor-version":[{"id":25874,"href":"https:\/\/veikot2.kaustinen.fi\/index.php?rest_route=\/wp\/v2\/pages\/3477\/revisions\/25874"}],"up":[{"embeddable":true,"href":"https:\/\/veikot2.kaustinen.fi\/index.php?rest_route=\/wp\/v2\/pages\/6"}],"wp:attachment":[{"href":"https:\/\/veikot2.kaustinen.fi\/index.php?rest_route=%2Fwp%2Fv2%2Fmedia&parent=3477"}],"curies":[{"name":"wp","href":"https:\/\/api.w.org\/{rel}","templated":true}]}}